{"id":3512,"date":"2023-08-01T10:00:00","date_gmt":"2023-08-01T08:00:00","guid":{"rendered":"https:\/\/www.riserva.it\/prodotto\/trisacca-tecnica-in-cordura-ripstop\/"},"modified":"2025-07-31T11:37:33","modified_gmt":"2025-07-31T09:37:33","slug":"trisacca-tecnica-in-cordura-ripstop","status":"publish","type":"product","link":"https:\/\/riserva.it\/fr\/prodotto\/trisacca-tecnica-in-cordura-ripstop\/","title":{"rendered":"Gilet de chasse en Cordura"},"content":{"rendered":"<p>Harnais de chasse\u00a0en cordura ripstop antid\u00e9chirures<\/p>\n<p>Conseill\u00e9 pour la chasse \u00e0 la becasse et oiseaux du m\u00eame genre<\/p>\n<p>Caract\u00e9ristiques techniques:<\/p>\n<ul>\n<li>partie post\u00e9rieure qu&#8217;on peut cacher<\/li>\n<li>gibeci\u00e8re posterieure avec des trous sur le fond pour faire passer l&#8217;eau<\/li>\n<li>poche sur l&#8217;arri\u00e8re<\/li>\n<li>poche sur le devant gauche avec poche interne \u00e0 fermeture \u00e9clair<\/li>\n<li>sangles sur le devant pour r\u00e9gler les bretelles et la ceinture ventrale<\/li>\n<li>d\u00e9tails magenta<\/li>\n<\/ul>\n<p>Broderie: Logo Riserva<\/p>\n","protected":false},"excerpt":{"rendered":"<p>Harnais de chasse\u00a0en cordura ripstop antid\u00e9chirures Conseill\u00e9 pour la chasse \u00e0 la becasse et oiseaux du m\u00eame genre Caract\u00e9ristiques techniques: partie post\u00e9rieure qu&#8217;on peut cacher gibeci\u00e8re<span class=\"excerpt-hellip\"> [\u2026]<\/span><\/p>\n","protected":false},"featured_media":3514,"comment_status":"closed","ping_status":"closed","template":"","meta":[],"product_brand":[],"product_cat":[116,143],"product_tag":[],"class_list":{"0":"post-3512","1":"product","2":"type-product","3":"status-publish","4":"has-post-thumbnail","6":"product_cat-gilet-trisacche-accessori","7":"product_cat-collezione-camelia","9":"first","10":"instock","11":"taxable","12":"shipping-taxable","13":"purchasable","14":"product-type-simple"},"_links":{"self":[{"href":"https:\/\/riserva.it\/fr\/wp-json\/wp\/v2\/product\/3512","targetHints":{"allow":["GET"]}}],"collection":[{"href":"https:\/\/riserva.it\/fr\/wp-json\/wp\/v2\/product"}],"about":[{"href":"https:\/\/riserva.it\/fr\/wp-json\/wp\/v2\/types\/product"}],"replies":[{"embeddable":true,"href":"https:\/\/riserva.it\/fr\/wp-json\/wp\/v2\/comments?post=3512"}],"version-history":[{"count":0,"href":"https:\/\/riserva.it\/fr\/wp-json\/wp\/v2\/product\/3512\/revisions"}],"wp:featuredmedia":[{"embeddable":true,"href":"https:\/\/riserva.it\/fr\/wp-json\/wp\/v2\/media\/3514"}],"wp:attachment":[{"href":"https:\/\/riserva.it\/fr\/wp-json\/wp\/v2\/media?parent=3512"}],"wp:term":[{"taxonomy":"product_brand","embeddable":true,"href":"https:\/\/riserva.it\/fr\/wp-json\/wp\/v2\/product_brand?post=3512"},{"taxonomy":"product_cat","embeddable":true,"href":"https:\/\/riserva.it\/fr\/wp-json\/wp\/v2\/product_cat?post=3512"},{"taxonomy":"product_tag","embeddable":true,"href":"https:\/\/riserva.it\/fr\/wp-json\/wp\/v2\/product_tag?post=3512"}],"curies":[{"name":"wp","href":"https:\/\/api.w.org\/{rel}","templated":true}]}}