{"id":20766,"date":"2026-05-14T16:04:36","date_gmt":"2026-05-14T14:04:36","guid":{"rendered":"https:\/\/riserva.it\/?post_type=product&#038;p=20766"},"modified":"2026-05-14T16:15:42","modified_gmt":"2026-05-14T14:15:42","slug":"fourreau-pour-kipplauf","status":"publish","type":"product","link":"https:\/\/riserva.it\/fr\/prodotto\/fourreau-pour-kipplauf\/","title":{"rendered":"Fourreau pour Kipplauf"},"content":{"rendered":"<p>Fourreau en n\u00e9opr\u00e8ne camouflage vert avec braches pour la Kipplauf amovible.<\/p>\n<p>Confortable, pratique, silencieux et souple, il prot\u00e8ge et transporte l&#8217;arme d\u00e9mont\u00e9e, m\u00eame dans un sac \u00e0 dos. Dimensions : 76 x 26 cm<\/p>\n","protected":false},"excerpt":{"rendered":"<p>Fourreau en n\u00e9opr\u00e8ne camouflage vert avec braches pour la Kipplauf amovible. Confortable, pratique, silencieux et souple, il prot\u00e8ge et transporte l&#8217;arme d\u00e9mont\u00e9e, m\u00eame dans un sac<span class=\"excerpt-hellip\"> [\u2026]<\/span><\/p>\n","protected":false},"featured_media":20733,"comment_status":"open","ping_status":"closed","template":"","meta":[],"product_brand":[],"product_cat":[1003],"product_tag":[],"class_list":{"0":"post-20766","1":"product","2":"type-product","3":"status-publish","4":"has-post-thumbnail","6":"product_cat-accessoires","8":"first","9":"instock","10":"taxable","11":"shipping-taxable","12":"purchasable","13":"product-type-simple"},"_links":{"self":[{"href":"https:\/\/riserva.it\/fr\/wp-json\/wp\/v2\/product\/20766","targetHints":{"allow":["GET"]}}],"collection":[{"href":"https:\/\/riserva.it\/fr\/wp-json\/wp\/v2\/product"}],"about":[{"href":"https:\/\/riserva.it\/fr\/wp-json\/wp\/v2\/types\/product"}],"replies":[{"embeddable":true,"href":"https:\/\/riserva.it\/fr\/wp-json\/wp\/v2\/comments?post=20766"}],"version-history":[{"count":2,"href":"https:\/\/riserva.it\/fr\/wp-json\/wp\/v2\/product\/20766\/revisions"}],"predecessor-version":[{"id":20768,"href":"https:\/\/riserva.it\/fr\/wp-json\/wp\/v2\/product\/20766\/revisions\/20768"}],"wp:featuredmedia":[{"embeddable":true,"href":"https:\/\/riserva.it\/fr\/wp-json\/wp\/v2\/media\/20733"}],"wp:attachment":[{"href":"https:\/\/riserva.it\/fr\/wp-json\/wp\/v2\/media?parent=20766"}],"wp:term":[{"taxonomy":"product_brand","embeddable":true,"href":"https:\/\/riserva.it\/fr\/wp-json\/wp\/v2\/product_brand?post=20766"},{"taxonomy":"product_cat","embeddable":true,"href":"https:\/\/riserva.it\/fr\/wp-json\/wp\/v2\/product_cat?post=20766"},{"taxonomy":"product_tag","embeddable":true,"href":"https:\/\/riserva.it\/fr\/wp-json\/wp\/v2\/product_tag?post=20766"}],"curies":[{"name":"wp","href":"https:\/\/api.w.org\/{rel}","templated":true}]}}