{"id":20579,"date":"2026-04-23T17:51:34","date_gmt":"2026-04-23T15:51:34","guid":{"rendered":"https:\/\/riserva.it\/?post_type=product&#038;p=20579"},"modified":"2026-04-23T17:56:01","modified_gmt":"2026-04-23T15:56:01","slug":"etui-pour-silencieux-en-neoprene-noir-avec-interieur-antiderapant-copia","status":"publish","type":"product","link":"https:\/\/riserva.it\/fr\/prodotto\/etui-pour-silencieux-en-neoprene-noir-avec-interieur-antiderapant-copia\/","title":{"rendered":"\u00c9tui pour silencieux en n\u00e9opr\u00e8ne noir avec int\u00e9rieur antid\u00e9rapant. (Copia)"},"content":{"rendered":"<p>Un silencieux chauff\u00e9 par des tirs r\u00e9p\u00e9t\u00e9s peut atteindre des temp\u00e9ratures \u00e9lev\u00e9es, produisant un effet de mirage g\u00eanant la vis\u00e9e.<\/p>\n<p>L&#8217;\u00e9tui doit \u00eatre plac\u00e9 autour du silencieux afin de maintenir un champ de vision d\u00e9gag\u00e9 en permanence.<\/p>\n<p>&nbsp;<\/p>\n","protected":false},"excerpt":{"rendered":"<p>Un silencieux chauff\u00e9 par des tirs r\u00e9p\u00e9t\u00e9s peut atteindre des temp\u00e9ratures \u00e9lev\u00e9es, produisant un effet de mirage g\u00eanant la vis\u00e9e. L&#8217;\u00e9tui doit \u00eatre plac\u00e9 autour du<span class=\"excerpt-hellip\"> [\u2026]<\/span><\/p>\n","protected":false},"featured_media":20185,"comment_status":"open","ping_status":"closed","template":"","meta":[],"product_brand":[],"product_cat":[1039],"product_tag":[],"class_list":{"0":"post-20579","1":"product","2":"type-product","3":"status-publish","4":"has-post-thumbnail","6":"product_cat-etuis-protege-lunettes-protege-point-rouge","8":"first","9":"instock","10":"taxable","11":"shipping-taxable","12":"purchasable","13":"product-type-variable"},"_links":{"self":[{"href":"https:\/\/riserva.it\/fr\/wp-json\/wp\/v2\/product\/20579","targetHints":{"allow":["GET"]}}],"collection":[{"href":"https:\/\/riserva.it\/fr\/wp-json\/wp\/v2\/product"}],"about":[{"href":"https:\/\/riserva.it\/fr\/wp-json\/wp\/v2\/types\/product"}],"replies":[{"embeddable":true,"href":"https:\/\/riserva.it\/fr\/wp-json\/wp\/v2\/comments?post=20579"}],"version-history":[{"count":1,"href":"https:\/\/riserva.it\/fr\/wp-json\/wp\/v2\/product\/20579\/revisions"}],"predecessor-version":[{"id":20586,"href":"https:\/\/riserva.it\/fr\/wp-json\/wp\/v2\/product\/20579\/revisions\/20586"}],"wp:featuredmedia":[{"embeddable":true,"href":"https:\/\/riserva.it\/fr\/wp-json\/wp\/v2\/media\/20185"}],"wp:attachment":[{"href":"https:\/\/riserva.it\/fr\/wp-json\/wp\/v2\/media?parent=20579"}],"wp:term":[{"taxonomy":"product_brand","embeddable":true,"href":"https:\/\/riserva.it\/fr\/wp-json\/wp\/v2\/product_brand?post=20579"},{"taxonomy":"product_cat","embeddable":true,"href":"https:\/\/riserva.it\/fr\/wp-json\/wp\/v2\/product_cat?post=20579"},{"taxonomy":"product_tag","embeddable":true,"href":"https:\/\/riserva.it\/fr\/wp-json\/wp\/v2\/product_tag?post=20579"}],"curies":[{"name":"wp","href":"https:\/\/api.w.org\/{rel}","templated":true}]}}