{"id":20551,"date":"2026-04-23T17:16:36","date_gmt":"2026-04-23T15:16:36","guid":{"rendered":"https:\/\/riserva.it\/?post_type=product&#038;p=20551"},"modified":"2026-04-24T15:18:57","modified_gmt":"2026-04-24T13:18:57","slug":"porte-gps-pour-garmin-atemos-et-alpha-200-copia","status":"publish","type":"product","link":"https:\/\/riserva.it\/fr\/prodotto\/porte-gps-pour-garmin-atemos-et-alpha-200-copia\/","title":{"rendered":"Poche porte GPS"},"content":{"rendered":"<p>Poche GPS permettant de sortir rapidement votre GPS. Elle est dot\u00e9e d&#8217;une fermeture Velcro \u00e0 l&#8217;arri\u00e8re et se fixe \u00e0 tout gilet, veste ou sac \u00e0 dos \u00e0 bretelles.<br \/>Cet accessoire est id\u00e9al pour la chasse avec chiens, en montagne comme en for\u00eat.<br \/>Dimensions : 8,8 x 3,5 x 17,5 cm <br \/>Compatible avec les mod\u00e8les les plus vendus<\/p>\n","protected":false},"excerpt":{"rendered":"<p>Poche GPS permettant de sortir rapidement votre GPS. Elle est dot\u00e9e d&#8217;une fermeture Velcro \u00e0 l&#8217;arri\u00e8re et se fixe \u00e0 tout gilet, veste ou sac \u00e0<span class=\"excerpt-hellip\"> [\u2026]<\/span><\/p>\n","protected":false},"featured_media":20558,"comment_status":"closed","ping_status":"closed","template":"","meta":[],"product_brand":[],"product_cat":[1000],"product_tag":[],"class_list":{"0":"post-20551","1":"product","2":"type-product","3":"status-publish","4":"has-post-thumbnail","6":"product_cat-gilets-de-chasse","8":"first","9":"instock","10":"taxable","11":"shipping-taxable","12":"purchasable","13":"product-type-simple"},"_links":{"self":[{"href":"https:\/\/riserva.it\/fr\/wp-json\/wp\/v2\/product\/20551","targetHints":{"allow":["GET"]}}],"collection":[{"href":"https:\/\/riserva.it\/fr\/wp-json\/wp\/v2\/product"}],"about":[{"href":"https:\/\/riserva.it\/fr\/wp-json\/wp\/v2\/types\/product"}],"replies":[{"embeddable":true,"href":"https:\/\/riserva.it\/fr\/wp-json\/wp\/v2\/comments?post=20551"}],"version-history":[{"count":2,"href":"https:\/\/riserva.it\/fr\/wp-json\/wp\/v2\/product\/20551\/revisions"}],"predecessor-version":[{"id":20613,"href":"https:\/\/riserva.it\/fr\/wp-json\/wp\/v2\/product\/20551\/revisions\/20613"}],"wp:featuredmedia":[{"embeddable":true,"href":"https:\/\/riserva.it\/fr\/wp-json\/wp\/v2\/media\/20558"}],"wp:attachment":[{"href":"https:\/\/riserva.it\/fr\/wp-json\/wp\/v2\/media?parent=20551"}],"wp:term":[{"taxonomy":"product_brand","embeddable":true,"href":"https:\/\/riserva.it\/fr\/wp-json\/wp\/v2\/product_brand?post=20551"},{"taxonomy":"product_cat","embeddable":true,"href":"https:\/\/riserva.it\/fr\/wp-json\/wp\/v2\/product_cat?post=20551"},{"taxonomy":"product_tag","embeddable":true,"href":"https:\/\/riserva.it\/fr\/wp-json\/wp\/v2\/product_tag?post=20551"}],"curies":[{"name":"wp","href":"https:\/\/api.w.org\/{rel}","templated":true}]}}