{"id":20481,"date":"2026-03-11T10:42:14","date_gmt":"2026-03-11T09:42:14","guid":{"rendered":"https:\/\/riserva.it\/?post_type=product&#038;p=20481"},"modified":"2026-04-17T14:18:55","modified_gmt":"2026-04-17T12:18:55","slug":"coussin","status":"publish","type":"product","link":"https:\/\/riserva.it\/fr\/prodotto\/coussin\/","title":{"rendered":"Coussin"},"content":{"rendered":"<p>Le coussin isolant et pliable Riserva est fabriqu\u00e9 en loden Steiner de premi\u00e8re qualit\u00e9 avec une base antid\u00e9rapante en PVC.<\/p>\n<p>Mesurant 42 x 30 x 2 cm, il offre un confort exceptionnel pour vos aventures en plein air et vos sorties de chasse.<\/p>\n<p>Cet accessoire est id\u00e9al pour ceux qui recherchent \u00e0 la fois praticit\u00e9 et style, tout en assurant une isolation optimale.<\/p>\n<p>Parfait pour vos excursions, cet oreiller allie fonctionnalit\u00e9 et design raffin\u00e9.<\/p>\n<p>Logo Riserva brod\u00e9<\/p>\n","protected":false},"excerpt":{"rendered":"<p>Le coussin isolant et pliable Riserva est fabriqu\u00e9 en loden Steiner de premi\u00e8re qualit\u00e9 avec une base antid\u00e9rapante en PVC. Mesurant 42 x 30 x 2<span class=\"excerpt-hellip\"> [\u2026]<\/span><\/p>\n","protected":false},"featured_media":0,"comment_status":"open","ping_status":"closed","template":"","meta":[],"product_brand":[],"product_cat":[1003],"product_tag":[],"class_list":{"0":"post-20481","1":"product","2":"type-product","3":"status-publish","5":"product_cat-accessoires","7":"first","8":"instock","9":"taxable","10":"shipping-taxable","11":"purchasable","12":"product-type-simple"},"_links":{"self":[{"href":"https:\/\/riserva.it\/fr\/wp-json\/wp\/v2\/product\/20481","targetHints":{"allow":["GET"]}}],"collection":[{"href":"https:\/\/riserva.it\/fr\/wp-json\/wp\/v2\/product"}],"about":[{"href":"https:\/\/riserva.it\/fr\/wp-json\/wp\/v2\/types\/product"}],"replies":[{"embeddable":true,"href":"https:\/\/riserva.it\/fr\/wp-json\/wp\/v2\/comments?post=20481"}],"version-history":[{"count":1,"href":"https:\/\/riserva.it\/fr\/wp-json\/wp\/v2\/product\/20481\/revisions"}],"predecessor-version":[{"id":20482,"href":"https:\/\/riserva.it\/fr\/wp-json\/wp\/v2\/product\/20481\/revisions\/20482"}],"wp:attachment":[{"href":"https:\/\/riserva.it\/fr\/wp-json\/wp\/v2\/media?parent=20481"}],"wp:term":[{"taxonomy":"product_brand","embeddable":true,"href":"https:\/\/riserva.it\/fr\/wp-json\/wp\/v2\/product_brand?post=20481"},{"taxonomy":"product_cat","embeddable":true,"href":"https:\/\/riserva.it\/fr\/wp-json\/wp\/v2\/product_cat?post=20481"},{"taxonomy":"product_tag","embeddable":true,"href":"https:\/\/riserva.it\/fr\/wp-json\/wp\/v2\/product_tag?post=20481"}],"curies":[{"name":"wp","href":"https:\/\/api.w.org\/{rel}","templated":true}]}}