{"id":20396,"date":"2026-04-02T14:11:35","date_gmt":"2026-04-02T12:11:35","guid":{"rendered":"https:\/\/riserva.it\/?post_type=product&#038;p=20396"},"modified":"2026-04-24T15:27:01","modified_gmt":"2026-04-24T13:27:01","slug":"sac-a-dos-porte-gibier-et-porte-carabine-copia-copia","status":"publish","type":"product","link":"https:\/\/riserva.it\/fr\/prodotto\/sac-a-dos-porte-gibier-et-porte-carabine-copia-copia\/","title":{"rendered":"Poche porte carabine pour sacs \u00e0 dos Riserva."},"content":{"rendered":"<div style=\"text-align: justify\"><span style=\"font-size: small;font-family: verdana,geneva\">Ensemble d&#8217;accessoires pour le transport d&#8217;un fusil sur un sac \u00e0 dos sans poche d\u00e9di\u00e9e.<\/span><\/div>\n<div>composto da tasca regolabile, agganciabile sul fronte e nastro per stabilizzare la canna.<\/div>\n<div><\/div>\n<div>Il comprend une poche ajustable se fixant \u00e0 l&#8217;avant et une sangle de stabilisation du canon.<\/div>\n<p><span style=\"font-size: small;font-family: verdana,geneva\">Broderie: Logo Riserva<\/span><\/p>\n<p>Con\u00e7u et produit en Italie<\/p>\n","protected":false},"excerpt":{"rendered":"<p>Ensemble d&#8217;accessoires pour le transport d&#8217;un fusil sur un sac \u00e0 dos sans poche d\u00e9di\u00e9e. composto da tasca regolabile, agganciabile sul fronte e nastro per stabilizzare<span class=\"excerpt-hellip\"> [\u2026]<\/span><\/p>\n","protected":false},"featured_media":20466,"comment_status":"closed","ping_status":"closed","template":"","meta":[],"product_brand":[],"product_cat":[1003],"product_tag":[],"class_list":{"0":"post-20396","1":"product","2":"type-product","3":"status-publish","4":"has-post-thumbnail","6":"product_cat-accessoires","8":"first","9":"instock","10":"taxable","11":"shipping-taxable","12":"purchasable","13":"product-type-simple"},"_links":{"self":[{"href":"https:\/\/riserva.it\/fr\/wp-json\/wp\/v2\/product\/20396","targetHints":{"allow":["GET"]}}],"collection":[{"href":"https:\/\/riserva.it\/fr\/wp-json\/wp\/v2\/product"}],"about":[{"href":"https:\/\/riserva.it\/fr\/wp-json\/wp\/v2\/types\/product"}],"replies":[{"embeddable":true,"href":"https:\/\/riserva.it\/fr\/wp-json\/wp\/v2\/comments?post=20396"}],"version-history":[{"count":2,"href":"https:\/\/riserva.it\/fr\/wp-json\/wp\/v2\/product\/20396\/revisions"}],"predecessor-version":[{"id":20499,"href":"https:\/\/riserva.it\/fr\/wp-json\/wp\/v2\/product\/20396\/revisions\/20499"}],"wp:featuredmedia":[{"embeddable":true,"href":"https:\/\/riserva.it\/fr\/wp-json\/wp\/v2\/media\/20466"}],"wp:attachment":[{"href":"https:\/\/riserva.it\/fr\/wp-json\/wp\/v2\/media?parent=20396"}],"wp:term":[{"taxonomy":"product_brand","embeddable":true,"href":"https:\/\/riserva.it\/fr\/wp-json\/wp\/v2\/product_brand?post=20396"},{"taxonomy":"product_cat","embeddable":true,"href":"https:\/\/riserva.it\/fr\/wp-json\/wp\/v2\/product_cat?post=20396"},{"taxonomy":"product_tag","embeddable":true,"href":"https:\/\/riserva.it\/fr\/wp-json\/wp\/v2\/product_tag?post=20396"}],"curies":[{"name":"wp","href":"https:\/\/api.w.org\/{rel}","templated":true}]}}