{"id":20109,"date":"2026-03-11T10:16:33","date_gmt":"2026-03-11T09:16:33","guid":{"rendered":"https:\/\/riserva.it\/?post_type=product&#038;p=20109"},"modified":"2026-04-02T17:40:20","modified_gmt":"2026-04-02T15:40:20","slug":"sac-a-dos-porte-gibier-et-porte-carabine-copia","status":"publish","type":"product","link":"https:\/\/riserva.it\/fr\/prodotto\/sac-a-dos-porte-gibier-et-porte-carabine-copia\/","title":{"rendered":"Sac \u00e0 dos porte-gibier et porte carabine"},"content":{"rendered":"<div style=\"text-align: justify\">Sac-\u00e0-dos en microfibre avec un logement ext\u00e9rieur pour gibier en pvc lavable \u00e9quip\u00e9 de fermeture sur le haut \u00e0 encastrer pour avoir une s\u00e9curit\u00e9 meilleure, fermetures \u00e9clair et sangles r\u00e9glables lat\u00e9rales. Un nouveau dos RSV ergonomique en filet tendu tr\u00e8s confortable qui permet de distribuer le poids du sac et de maintenir le dos a\u00e9r\u00e9.<\/div>\n<div style=\"text-align: justify\">\n<div><\/div>\n<p>La partie centrale du sac-\u00e0-dos est equip\u00e9e de:<\/p>\n<ul>\n<li>poche\u00a0pour la carabine\u00a0entre le compartiment\u00a0pour gibier\u00a0et la carabine pour assurer une plus grande stabilit\u00e9 et protection de l&#8217;arme<\/li>\n<li>poche rembourr\u00e9e amovible pour\u00a0carabine<\/li>\n<li>poches ext\u00e9rieures 14x9x40cm pour spektive avec base rembourr\u00e9e pour la protection de la lunette<\/li>\n<li>fermetures \u00e9clair YKK<\/li>\n<li>une poche pour les papiers sous le rabat sup\u00e9rieur<\/li>\n<li>poche devant<\/li>\n<li>poche principale avec fermeture \u00e0 cordon er rabat<\/li>\n<li>poche plastifi\u00e9e transparente pour documents \u00e0 l&#8217;int\u00e9rieur avec fermeture \u00e9clair<\/li>\n<li>ceinture ventrale rembourr\u00e9e et sangles r\u00e9glables \u00e0 d\u00e9tachage rapide<\/li>\n<li>bretelles r\u00e9glables avec d\u00e9gagement rapide<\/li>\n<li>tecnologie\u00a0RECCO\u00ae incluse<\/li>\n<\/ul>\n<div>En cas d\u2019avalanche ou si perdus dans la nature, la technologie RECCO\u00ae vous rend localisable par les secours organis\u00e9s.<\/div>\n<p>&nbsp;<\/p>\n<p>Broderie: Logo Riserva<br \/>\nMade in Vietnam<\/p>\n<\/div>\n","protected":false},"excerpt":{"rendered":"<p>Sac-\u00e0-dos en microfibre avec un logement ext\u00e9rieur pour gibier en pvc lavable \u00e9quip\u00e9 de fermeture sur le haut \u00e0 encastrer pour avoir une s\u00e9curit\u00e9 meilleure, fermetures<span class=\"excerpt-hellip\"> [\u2026]<\/span><\/p>\n","protected":false},"featured_media":20247,"comment_status":"closed","ping_status":"closed","template":"","meta":[],"product_brand":[],"product_cat":[1003],"product_tag":[],"class_list":{"0":"post-20109","1":"product","2":"type-product","3":"status-publish","4":"has-post-thumbnail","6":"product_cat-accessoires","8":"first","9":"instock","10":"taxable","11":"shipping-taxable","12":"purchasable","13":"product-type-simple"},"_links":{"self":[{"href":"https:\/\/riserva.it\/fr\/wp-json\/wp\/v2\/product\/20109","targetHints":{"allow":["GET"]}}],"collection":[{"href":"https:\/\/riserva.it\/fr\/wp-json\/wp\/v2\/product"}],"about":[{"href":"https:\/\/riserva.it\/fr\/wp-json\/wp\/v2\/types\/product"}],"replies":[{"embeddable":true,"href":"https:\/\/riserva.it\/fr\/wp-json\/wp\/v2\/comments?post=20109"}],"version-history":[{"count":3,"href":"https:\/\/riserva.it\/fr\/wp-json\/wp\/v2\/product\/20109\/revisions"}],"predecessor-version":[{"id":20412,"href":"https:\/\/riserva.it\/fr\/wp-json\/wp\/v2\/product\/20109\/revisions\/20412"}],"wp:featuredmedia":[{"embeddable":true,"href":"https:\/\/riserva.it\/fr\/wp-json\/wp\/v2\/media\/20247"}],"wp:attachment":[{"href":"https:\/\/riserva.it\/fr\/wp-json\/wp\/v2\/media?parent=20109"}],"wp:term":[{"taxonomy":"product_brand","embeddable":true,"href":"https:\/\/riserva.it\/fr\/wp-json\/wp\/v2\/product_brand?post=20109"},{"taxonomy":"product_cat","embeddable":true,"href":"https:\/\/riserva.it\/fr\/wp-json\/wp\/v2\/product_cat?post=20109"},{"taxonomy":"product_tag","embeddable":true,"href":"https:\/\/riserva.it\/fr\/wp-json\/wp\/v2\/product_tag?post=20109"}],"curies":[{"name":"wp","href":"https:\/\/api.w.org\/{rel}","templated":true}]}}