{"id":17824,"date":"2023-08-01T10:00:00","date_gmt":"2023-08-01T08:00:00","guid":{"rendered":"https:\/\/www.riserva.it\/?post_type=product&#038;p=17824"},"modified":"2025-08-01T16:34:38","modified_gmt":"2025-08-01T14:34:38","slug":"bretelle-pour-carabine-et-pochette-a-balles-7-tubes","status":"publish","type":"product","link":"https:\/\/riserva.it\/fr\/prodotto\/bretelle-pour-carabine-et-pochette-a-balles-7-tubes\/","title":{"rendered":"Bretelle pour carabine et pochette \u00e0 balles 7 tubes"},"content":{"rendered":"<p>Bo\u00eete-cadeau Riserva R3100 qui comprend:<\/p>\n<ul>\n<li>Bretelle r\u00e9glable pour carabine en cuir carbone effet, partie post\u00e9rieure en\u00a0n\u00e9oprene antid\u00e9rapante pour avoir une parfaite adh\u00e9rence \u00e0 l&#8217;\u00e9paule, attaches r\u00e9glables en cuir et boucles en m\u00e9tal cuivr\u00e9.<\/li>\n<\/ul>\n<ul>\n<li>Pochette \u00e0 balles\u00a07 tubes multicalibres en cuir carbone effet, de forme bien compacte id\u00e9ale pour la mettre aussi dans la poche, inserts \u00e9lastiques pour tenir les balles, broderie en fil gris, passant pour ceinture et fermeture silencieuse.<\/li>\n<\/ul>\n<p>Logo Riserva<\/p>\n<p>\u00c9dition limit\u00e9e<\/p>\n","protected":false},"excerpt":{"rendered":"<p>Bo\u00eete-cadeau Riserva R3100 qui comprend: Bretelle r\u00e9glable pour carabine en cuir carbone effet, partie post\u00e9rieure en\u00a0n\u00e9oprene antid\u00e9rapante pour avoir une parfaite adh\u00e9rence \u00e0 l&#8217;\u00e9paule, attaches r\u00e9glables<span class=\"excerpt-hellip\"> [\u2026]<\/span><\/p>\n","protected":false},"featured_media":17815,"comment_status":"open","ping_status":"closed","template":"","meta":[],"product_brand":[],"product_cat":[991],"product_tag":[],"class_list":{"0":"post-17824","1":"product","2":"type-product","3":"status-publish","4":"has-post-thumbnail","6":"product_cat-bretelles-pour-carabine","8":"first","9":"instock","10":"taxable","11":"shipping-taxable","12":"purchasable","13":"product-type-simple"},"_links":{"self":[{"href":"https:\/\/riserva.it\/fr\/wp-json\/wp\/v2\/product\/17824","targetHints":{"allow":["GET"]}}],"collection":[{"href":"https:\/\/riserva.it\/fr\/wp-json\/wp\/v2\/product"}],"about":[{"href":"https:\/\/riserva.it\/fr\/wp-json\/wp\/v2\/types\/product"}],"replies":[{"embeddable":true,"href":"https:\/\/riserva.it\/fr\/wp-json\/wp\/v2\/comments?post=17824"}],"version-history":[{"count":0,"href":"https:\/\/riserva.it\/fr\/wp-json\/wp\/v2\/product\/17824\/revisions"}],"wp:featuredmedia":[{"embeddable":true,"href":"https:\/\/riserva.it\/fr\/wp-json\/wp\/v2\/media\/17815"}],"wp:attachment":[{"href":"https:\/\/riserva.it\/fr\/wp-json\/wp\/v2\/media?parent=17824"}],"wp:term":[{"taxonomy":"product_brand","embeddable":true,"href":"https:\/\/riserva.it\/fr\/wp-json\/wp\/v2\/product_brand?post=17824"},{"taxonomy":"product_cat","embeddable":true,"href":"https:\/\/riserva.it\/fr\/wp-json\/wp\/v2\/product_cat?post=17824"},{"taxonomy":"product_tag","embeddable":true,"href":"https:\/\/riserva.it\/fr\/wp-json\/wp\/v2\/product_tag?post=17824"}],"curies":[{"name":"wp","href":"https:\/\/api.w.org\/{rel}","templated":true}]}}