{"id":17798,"date":"2023-08-01T10:00:00","date_gmt":"2023-08-01T08:00:00","guid":{"rendered":"https:\/\/www.riserva.it\/?post_type=product&#038;p=17798"},"modified":"2025-08-01T16:09:42","modified_gmt":"2025-08-01T14:09:42","slug":"bretelle-carabine-avec-trou-copia","status":"publish","type":"product","link":"https:\/\/riserva.it\/fr\/prodotto\/bretelle-carabine-avec-trou-copia\/","title":{"rendered":"Bretelle avec trou par pouce"},"content":{"rendered":"<p>Bretelle pour carabine en cuir avec trou par pouce. <br \/>Avec antid\u00e9rapant en N\u00e9opr\u00e8ne pour avoir une parfaite et meilleure adh\u00e9rence \u00e0 l&#8217;\u00e9paule, attaches r\u00e9glables en cuir et boucles en m\u00e9tal cuivr\u00e9, avec crochets en laiton pour supporter le poids de la carabine.<\/p>\n","protected":false},"excerpt":{"rendered":"<p>Bretelle pour carabine en cuir avec trou par pouce. Avec antid\u00e9rapant en N\u00e9opr\u00e8ne pour avoir une parfaite et meilleure adh\u00e9rence \u00e0 l&#8217;\u00e9paule, attaches r\u00e9glables en cuir<span class=\"excerpt-hellip\"> [\u2026]<\/span><\/p>\n","protected":false},"featured_media":19146,"comment_status":"closed","ping_status":"closed","template":"","meta":[],"product_brand":[],"product_cat":[991],"product_tag":[],"class_list":{"0":"post-17798","1":"product","2":"type-product","3":"status-publish","4":"has-post-thumbnail","6":"product_cat-bretelles-pour-carabine","8":"first","9":"instock","10":"taxable","11":"shipping-taxable","12":"purchasable","13":"product-type-simple"},"_links":{"self":[{"href":"https:\/\/riserva.it\/fr\/wp-json\/wp\/v2\/product\/17798","targetHints":{"allow":["GET"]}}],"collection":[{"href":"https:\/\/riserva.it\/fr\/wp-json\/wp\/v2\/product"}],"about":[{"href":"https:\/\/riserva.it\/fr\/wp-json\/wp\/v2\/types\/product"}],"replies":[{"embeddable":true,"href":"https:\/\/riserva.it\/fr\/wp-json\/wp\/v2\/comments?post=17798"}],"version-history":[{"count":0,"href":"https:\/\/riserva.it\/fr\/wp-json\/wp\/v2\/product\/17798\/revisions"}],"wp:featuredmedia":[{"embeddable":true,"href":"https:\/\/riserva.it\/fr\/wp-json\/wp\/v2\/media\/19146"}],"wp:attachment":[{"href":"https:\/\/riserva.it\/fr\/wp-json\/wp\/v2\/media?parent=17798"}],"wp:term":[{"taxonomy":"product_brand","embeddable":true,"href":"https:\/\/riserva.it\/fr\/wp-json\/wp\/v2\/product_brand?post=17798"},{"taxonomy":"product_cat","embeddable":true,"href":"https:\/\/riserva.it\/fr\/wp-json\/wp\/v2\/product_cat?post=17798"},{"taxonomy":"product_tag","embeddable":true,"href":"https:\/\/riserva.it\/fr\/wp-json\/wp\/v2\/product_tag?post=17798"}],"curies":[{"name":"wp","href":"https:\/\/api.w.org\/{rel}","templated":true}]}}