{"id":17614,"date":"2023-08-01T10:00:00","date_gmt":"2023-08-01T08:00:00","guid":{"rendered":"https:\/\/www.riserva.it\/?post_type=product&#038;p=17614"},"modified":"2025-07-31T11:39:16","modified_gmt":"2025-07-31T09:39:16","slug":"bretelle-reglable-pour-carabine-en-cuir","status":"publish","type":"product","link":"https:\/\/riserva.it\/fr\/prodotto\/bretelle-reglable-pour-carabine-en-cuir\/","title":{"rendered":"Bretelle r\u00e9glable pour carabine en cuir"},"content":{"rendered":"<p>Bretelle r\u00e9glable pour carabine en cuir avec partie post\u00e9rieure en gomme antid\u00e9rapante pour avoir une parfaite adh\u00e9rence \u00e0 l&#8217;\u00e9paule, attaches r\u00e9glables, boucles en m\u00e9tal cuivr\u00e9 et sangle pour r\u00e9gler le poids de la carabine ou pour une position de repos.<\/p>\n<p>Broderie: Logo Riserva<\/p>\n","protected":false},"excerpt":{"rendered":"<p>Bretelle r\u00e9glable pour carabine en cuir avec partie post\u00e9rieure en gomme antid\u00e9rapante pour avoir une parfaite adh\u00e9rence \u00e0 l&#8217;\u00e9paule, attaches r\u00e9glables, boucles en m\u00e9tal cuivr\u00e9 et<span class=\"excerpt-hellip\"> [\u2026]<\/span><\/p>\n","protected":false},"featured_media":3349,"comment_status":"closed","ping_status":"closed","template":"","meta":[],"product_brand":[],"product_cat":[991],"product_tag":[],"class_list":{"0":"post-17614","1":"product","2":"type-product","3":"status-publish","4":"has-post-thumbnail","6":"product_cat-bretelles-pour-carabine","8":"first","9":"instock","10":"taxable","11":"shipping-taxable","12":"purchasable","13":"product-type-simple"},"_links":{"self":[{"href":"https:\/\/riserva.it\/fr\/wp-json\/wp\/v2\/product\/17614","targetHints":{"allow":["GET"]}}],"collection":[{"href":"https:\/\/riserva.it\/fr\/wp-json\/wp\/v2\/product"}],"about":[{"href":"https:\/\/riserva.it\/fr\/wp-json\/wp\/v2\/types\/product"}],"replies":[{"embeddable":true,"href":"https:\/\/riserva.it\/fr\/wp-json\/wp\/v2\/comments?post=17614"}],"version-history":[{"count":0,"href":"https:\/\/riserva.it\/fr\/wp-json\/wp\/v2\/product\/17614\/revisions"}],"wp:featuredmedia":[{"embeddable":true,"href":"https:\/\/riserva.it\/fr\/wp-json\/wp\/v2\/media\/3349"}],"wp:attachment":[{"href":"https:\/\/riserva.it\/fr\/wp-json\/wp\/v2\/media?parent=17614"}],"wp:term":[{"taxonomy":"product_brand","embeddable":true,"href":"https:\/\/riserva.it\/fr\/wp-json\/wp\/v2\/product_brand?post=17614"},{"taxonomy":"product_cat","embeddable":true,"href":"https:\/\/riserva.it\/fr\/wp-json\/wp\/v2\/product_cat?post=17614"},{"taxonomy":"product_tag","embeddable":true,"href":"https:\/\/riserva.it\/fr\/wp-json\/wp\/v2\/product_tag?post=17614"}],"curies":[{"name":"wp","href":"https:\/\/api.w.org\/{rel}","templated":true}]}}