{"id":17593,"date":"2023-08-01T10:00:00","date_gmt":"2023-08-01T08:00:00","guid":{"rendered":"https:\/\/www.riserva.it\/?post_type=product&#038;p=17593"},"modified":"2025-07-31T11:39:16","modified_gmt":"2025-07-31T09:39:16","slug":"sac-a-dos-25-l","status":"publish","type":"product","link":"https:\/\/riserva.it\/fr\/prodotto\/sac-a-dos-25-l\/","title":{"rendered":"Sac \u00e0 dos 25 L"},"content":{"rendered":"<p>Sac \u00e0 dos en Cordura avec d\u00e9tails en putek r\u00e9sin\u00e9 \u00e0 l&#8217;int\u00e9rieur \u00e9quip\u00e9 de:<\/p>\n<ul>\n<li>2 poches en filet sur les c\u00f4t\u00e9<\/li>\n<li>2 poches int\u00e9rieures avec fermeture \u00e9clair pour les papiers<\/li>\n<li>poche sur le fond avec sac en filet \u00e0 gibier amovible<\/li>\n<li>bretelles l\u00e9g\u00e8res en filet avec d\u00e9tachage rapide<\/li>\n<li>sangle sur la bretelle gauche<\/li>\n<li>dos en filet avec partie amovible<\/li>\n<li>couvre sac \u00e0 dos orange fluo haute visibilit\u00e9<\/li>\n<li>tecnologie\u00a0RECCO\u00ae incluse<\/li>\n<\/ul>\n<p>En cas d\u2019avalanche ou si perdus dans la nature, la technologie RECCO\u00ae vous rend localisable par les secours organis\u00e9s.<\/p>\n<p>Made in Vietnam<\/p>\n","protected":false},"excerpt":{"rendered":"<p>Sac \u00e0 dos en Cordura avec d\u00e9tails en putek r\u00e9sin\u00e9 \u00e0 l&#8217;int\u00e9rieur \u00e9quip\u00e9 de: 2 poches en filet sur les c\u00f4t\u00e9 2 poches int\u00e9rieures avec fermeture<span class=\"excerpt-hellip\"> [\u2026]<\/span><\/p>\n","protected":false},"featured_media":4115,"comment_status":"closed","ping_status":"closed","template":"","meta":[],"product_brand":[],"product_cat":[985],"product_tag":[],"class_list":{"0":"post-17593","1":"product","2":"type-product","3":"status-publish","4":"has-post-thumbnail","6":"product_cat-sacs-a-dos-et-sacs","8":"first","9":"instock","10":"taxable","11":"shipping-taxable","12":"purchasable","13":"product-type-simple"},"_links":{"self":[{"href":"https:\/\/riserva.it\/fr\/wp-json\/wp\/v2\/product\/17593","targetHints":{"allow":["GET"]}}],"collection":[{"href":"https:\/\/riserva.it\/fr\/wp-json\/wp\/v2\/product"}],"about":[{"href":"https:\/\/riserva.it\/fr\/wp-json\/wp\/v2\/types\/product"}],"replies":[{"embeddable":true,"href":"https:\/\/riserva.it\/fr\/wp-json\/wp\/v2\/comments?post=17593"}],"version-history":[{"count":0,"href":"https:\/\/riserva.it\/fr\/wp-json\/wp\/v2\/product\/17593\/revisions"}],"wp:featuredmedia":[{"embeddable":true,"href":"https:\/\/riserva.it\/fr\/wp-json\/wp\/v2\/media\/4115"}],"wp:attachment":[{"href":"https:\/\/riserva.it\/fr\/wp-json\/wp\/v2\/media?parent=17593"}],"wp:term":[{"taxonomy":"product_brand","embeddable":true,"href":"https:\/\/riserva.it\/fr\/wp-json\/wp\/v2\/product_brand?post=17593"},{"taxonomy":"product_cat","embeddable":true,"href":"https:\/\/riserva.it\/fr\/wp-json\/wp\/v2\/product_cat?post=17593"},{"taxonomy":"product_tag","embeddable":true,"href":"https:\/\/riserva.it\/fr\/wp-json\/wp\/v2\/product_tag?post=17593"}],"curies":[{"name":"wp","href":"https:\/\/api.w.org\/{rel}","templated":true}]}}