{"id":17546,"date":"2023-09-04T10:00:00","date_gmt":"2023-09-04T08:00:00","guid":{"rendered":"https:\/\/www.riserva.it\/?post_type=product&#038;p=17546"},"modified":"2025-12-11T17:16:11","modified_gmt":"2025-12-11T16:16:11","slug":"sac-a-dos-de-30-lt","status":"publish","type":"product","link":"https:\/\/riserva.it\/fr\/prodotto\/sac-a-dos-de-30-lt\/","title":{"rendered":"Sac \u00e0 dos de 30 L"},"content":{"rendered":"<p>Sac \u00e0 dos 30 L technique en Cordura naturelle r\u00e9sin\u00e9 \u00e0 l&#8217;int\u00e9rieur pour une protection optimale et \u00e9quip\u00e9 de:<\/p>\n<ul>\n<li>poche pour carabine<\/li>\n<li>sangle r\u00e9glable pour fixer la carabine<\/li>\n<li>2 poches sur les c\u00f4t\u00e9s pour spektive<\/li>\n<li>dos ergonomique en filet tendu tr\u00e8s confortable, qui permet de distribuer le poids du sac et mantenir les dos a\u00e9r\u00e9s<\/li>\n<li>bretelles r\u00e9glables<\/li>\n<li>ceinture r\u00e9glable rembourr\u00e9e sur l&#8217;arri\u00e8re<\/li>\n<li>ceinture pectorale r\u00e9glable<\/li>\n<li>tecnologie\u00a0RECCO\u00ae incluse\n<div><\/div>\n<\/li>\n<\/ul>\n<p>En cas d\u2019avalanche ou si perdus dans la nature, la technologie RECCO\u00ae vous rend localisable par les secours organis\u00e9s.<\/p>\n<p>Made in Vietnam<\/p>\n<p>&nbsp;<\/p>\n","protected":false},"excerpt":{"rendered":"<p>Sac \u00e0 dos 30 L technique en Cordura naturelle r\u00e9sin\u00e9 \u00e0 l&#8217;int\u00e9rieur pour une protection optimale et \u00e9quip\u00e9 de: poche pour carabine sangle r\u00e9glable pour fixer<span class=\"excerpt-hellip\"> [\u2026]<\/span><\/p>\n","protected":false},"featured_media":2626,"comment_status":"closed","ping_status":"closed","template":"","meta":[],"product_brand":[],"product_cat":[985],"product_tag":[],"class_list":{"0":"post-17546","1":"product","2":"type-product","3":"status-publish","4":"has-post-thumbnail","6":"product_cat-sacs-a-dos-et-sacs","8":"first","9":"instock","10":"taxable","11":"shipping-taxable","12":"purchasable","13":"product-type-simple"},"_links":{"self":[{"href":"https:\/\/riserva.it\/fr\/wp-json\/wp\/v2\/product\/17546","targetHints":{"allow":["GET"]}}],"collection":[{"href":"https:\/\/riserva.it\/fr\/wp-json\/wp\/v2\/product"}],"about":[{"href":"https:\/\/riserva.it\/fr\/wp-json\/wp\/v2\/types\/product"}],"replies":[{"embeddable":true,"href":"https:\/\/riserva.it\/fr\/wp-json\/wp\/v2\/comments?post=17546"}],"version-history":[{"count":1,"href":"https:\/\/riserva.it\/fr\/wp-json\/wp\/v2\/product\/17546\/revisions"}],"predecessor-version":[{"id":19765,"href":"https:\/\/riserva.it\/fr\/wp-json\/wp\/v2\/product\/17546\/revisions\/19765"}],"wp:featuredmedia":[{"embeddable":true,"href":"https:\/\/riserva.it\/fr\/wp-json\/wp\/v2\/media\/2626"}],"wp:attachment":[{"href":"https:\/\/riserva.it\/fr\/wp-json\/wp\/v2\/media?parent=17546"}],"wp:term":[{"taxonomy":"product_brand","embeddable":true,"href":"https:\/\/riserva.it\/fr\/wp-json\/wp\/v2\/product_brand?post=17546"},{"taxonomy":"product_cat","embeddable":true,"href":"https:\/\/riserva.it\/fr\/wp-json\/wp\/v2\/product_cat?post=17546"},{"taxonomy":"product_tag","embeddable":true,"href":"https:\/\/riserva.it\/fr\/wp-json\/wp\/v2\/product_tag?post=17546"}],"curies":[{"name":"wp","href":"https:\/\/api.w.org\/{rel}","templated":true}]}}