{"id":15327,"date":"2023-08-01T10:00:00","date_gmt":"2023-08-01T08:00:00","guid":{"rendered":"https:\/\/www.riserva.it\/prodotto\/gaine-point-rouge-pour-h2-holosun\/"},"modified":"2025-07-31T16:41:44","modified_gmt":"2025-07-31T14:41:44","slug":"gaine-point-rouge-pour-h2-holosun","status":"publish","type":"product","link":"https:\/\/riserva.it\/fr\/prodotto\/gaine-point-rouge-pour-h2-holosun\/","title":{"rendered":"Gaine point rouge"},"content":{"rendered":"<pre id=\"tw-target-text\" class=\"tw-data-text tw-text-large tw-ta\" dir=\"ltr\" data-placeholder=\"Traduzione\" data-ved=\"2ahUKEwiWm-SI19yMAxXd7QIHHc_lGEwQ3ewLegQICRAV\" aria-label=\"Testo tradotto: Housse de protection en n\u00e9opr\u00e8ne pour point rouge Blaser RD 20, orange et noirnnDisponible en diff\u00e9rentes tailles bas\u00e9es sur les points rouges les plus vendus,nIl est facile et rapide \u00e0 mettre et \u00e0 enlever m\u00eame avec des gants,nprot\u00e8ge le point rouge de la poussi\u00e8re, de la pluie et des rayures.nnEn cas de chute, il est facile \u00e0 rep\u00e9rer gr\u00e2ce \u00e0 sa couleur orange.\"><span class=\"Y2IQFc\" lang=\"fr\">Housse de protection en n\u00e9opr\u00e8ne pour point rouge, orange et noir.nnDisponible en diff\u00e9rentes tailles bas\u00e9es sur les points rouges les plus vendus.nIl est facile et rapide \u00e0 mettre et \u00e0 enlever m\u00eame avec des gants, il prot\u00e8ge le point rouge de la poussi\u00e8re, de la pluie et des rayures.nnEn cas de perte, il est facile \u00e0 rep\u00e9rer gr\u00e2ce \u00e0 sa couleur orange haute visibilit\u00e9.<\/span><\/pre>\n","protected":false},"excerpt":{"rendered":"<p>Housse de protection en n\u00e9opr\u00e8ne pour point rouge, orange et noir.nnDisponible en diff\u00e9rentes tailles bas\u00e9es sur les points rouges les plus vendus.nIl est facile et rapide<span class=\"excerpt-hellip\"> [\u2026]<\/span><\/p>\n","protected":false},"featured_media":3140,"comment_status":"closed","ping_status":"closed","template":"","meta":[],"product_brand":[],"product_cat":[1039],"product_tag":[],"class_list":{"0":"post-15327","1":"product","2":"type-product","3":"status-publish","4":"has-post-thumbnail","6":"product_cat-etuis-protege-lunettes-protege-point-rouge","8":"first","9":"instock","10":"taxable","11":"shipping-taxable","12":"purchasable","13":"product-type-variable","14":"has-default-attributes"},"_links":{"self":[{"href":"https:\/\/riserva.it\/fr\/wp-json\/wp\/v2\/product\/15327","targetHints":{"allow":["GET"]}}],"collection":[{"href":"https:\/\/riserva.it\/fr\/wp-json\/wp\/v2\/product"}],"about":[{"href":"https:\/\/riserva.it\/fr\/wp-json\/wp\/v2\/types\/product"}],"replies":[{"embeddable":true,"href":"https:\/\/riserva.it\/fr\/wp-json\/wp\/v2\/comments?post=15327"}],"version-history":[{"count":0,"href":"https:\/\/riserva.it\/fr\/wp-json\/wp\/v2\/product\/15327\/revisions"}],"wp:featuredmedia":[{"embeddable":true,"href":"https:\/\/riserva.it\/fr\/wp-json\/wp\/v2\/media\/3140"}],"wp:attachment":[{"href":"https:\/\/riserva.it\/fr\/wp-json\/wp\/v2\/media?parent=15327"}],"wp:term":[{"taxonomy":"product_brand","embeddable":true,"href":"https:\/\/riserva.it\/fr\/wp-json\/wp\/v2\/product_brand?post=15327"},{"taxonomy":"product_cat","embeddable":true,"href":"https:\/\/riserva.it\/fr\/wp-json\/wp\/v2\/product_cat?post=15327"},{"taxonomy":"product_tag","embeddable":true,"href":"https:\/\/riserva.it\/fr\/wp-json\/wp\/v2\/product_tag?post=15327"}],"curies":[{"name":"wp","href":"https:\/\/api.w.org\/{rel}","templated":true}]}}