{"id":15321,"date":"2023-08-01T10:00:00","date_gmt":"2023-08-01T08:00:00","guid":{"rendered":"https:\/\/www.riserva.it\/prodotto\/cache-oreilles\/"},"modified":"2025-07-31T11:39:11","modified_gmt":"2025-07-31T09:39:11","slug":"cache-oreilles","status":"publish","type":"product","link":"https:\/\/riserva.it\/fr\/prodotto\/cache-oreilles\/","title":{"rendered":"Cache-oreilles"},"content":{"rendered":"<p>Cache-oreilles en laine m\u00e9rinos orange haute visibilit\u00e9 avec logo Riserva.<\/p>\n<p>Taille unique.<\/p>\n<p>Parfait pour les froides journ\u00e9es \u00e0 la chass<\/p>\n","protected":false},"excerpt":{"rendered":"<p>Cache-oreilles en laine m\u00e9rinos orange haute visibilit\u00e9 avec logo Riserva. Taille unique. Parfait pour les froides journ\u00e9es \u00e0 la chass<\/p>\n","protected":false},"featured_media":4040,"comment_status":"closed","ping_status":"open","template":"","meta":[],"product_brand":[],"product_cat":[1021],"product_tag":[],"class_list":{"0":"post-15321","1":"product","2":"type-product","3":"status-publish","4":"has-post-thumbnail","6":"product_cat-casquettes-et-bonnets","8":"first","9":"instock","10":"taxable","11":"shipping-taxable","12":"purchasable","13":"product-type-simple"},"_links":{"self":[{"href":"https:\/\/riserva.it\/fr\/wp-json\/wp\/v2\/product\/15321","targetHints":{"allow":["GET"]}}],"collection":[{"href":"https:\/\/riserva.it\/fr\/wp-json\/wp\/v2\/product"}],"about":[{"href":"https:\/\/riserva.it\/fr\/wp-json\/wp\/v2\/types\/product"}],"replies":[{"embeddable":true,"href":"https:\/\/riserva.it\/fr\/wp-json\/wp\/v2\/comments?post=15321"}],"version-history":[{"count":0,"href":"https:\/\/riserva.it\/fr\/wp-json\/wp\/v2\/product\/15321\/revisions"}],"wp:featuredmedia":[{"embeddable":true,"href":"https:\/\/riserva.it\/fr\/wp-json\/wp\/v2\/media\/4040"}],"wp:attachment":[{"href":"https:\/\/riserva.it\/fr\/wp-json\/wp\/v2\/media?parent=15321"}],"wp:term":[{"taxonomy":"product_brand","embeddable":true,"href":"https:\/\/riserva.it\/fr\/wp-json\/wp\/v2\/product_brand?post=15321"},{"taxonomy":"product_cat","embeddable":true,"href":"https:\/\/riserva.it\/fr\/wp-json\/wp\/v2\/product_cat?post=15321"},{"taxonomy":"product_tag","embeddable":true,"href":"https:\/\/riserva.it\/fr\/wp-json\/wp\/v2\/product_tag?post=15321"}],"curies":[{"name":"wp","href":"https:\/\/api.w.org\/{rel}","templated":true}]}}