{"id":15311,"date":"2023-08-01T10:00:00","date_gmt":"2023-08-01T08:00:00","guid":{"rendered":"https:\/\/www.riserva.it\/prodotto\/tracolla-carabina-pelle-effetto-carbonio\/"},"modified":"2025-07-31T11:39:07","modified_gmt":"2025-07-31T09:39:07","slug":"tracolla-carabina-pelle-effetto-carbonio-3","status":"publish","type":"product","link":"https:\/\/riserva.it\/fr\/prodotto\/tracolla-carabina-pelle-effetto-carbonio-3\/","title":{"rendered":"Bretelle carabine"},"content":{"rendered":"<p>Bretelle pour carabine r\u00e9glable en cuir avec antid\u00e9rapant en N\u00e9opr\u00e8ne\u00a0pour avoir une parfaite et meilleure adh\u00e9rence \u00e0 l&#8217;\u00e9paule, attaches r\u00e9glables en cuir et boucles en m\u00e9tal cuivr\u00e9.<\/p>\n","protected":false},"excerpt":{"rendered":"<p>Bretelle pour carabine r\u00e9glable en cuir avec antid\u00e9rapant en N\u00e9opr\u00e8ne\u00a0pour avoir une parfaite et meilleure adh\u00e9rence \u00e0 l&#8217;\u00e9paule, attaches r\u00e9glables en cuir et boucles en m\u00e9tal<span class=\"excerpt-hellip\"> [\u2026]<\/span><\/p>\n","protected":false},"featured_media":3967,"comment_status":"closed","ping_status":"closed","template":"","meta":[],"product_brand":[],"product_cat":[997],"product_tag":[],"class_list":{"0":"post-15311","1":"product","2":"type-product","3":"status-publish","4":"has-post-thumbnail","6":"product_cat-bretelles-pour-carabine-avec-attache-metallique","8":"first","9":"instock","10":"taxable","11":"shipping-taxable","12":"purchasable","13":"product-type-variable"},"_links":{"self":[{"href":"https:\/\/riserva.it\/fr\/wp-json\/wp\/v2\/product\/15311","targetHints":{"allow":["GET"]}}],"collection":[{"href":"https:\/\/riserva.it\/fr\/wp-json\/wp\/v2\/product"}],"about":[{"href":"https:\/\/riserva.it\/fr\/wp-json\/wp\/v2\/types\/product"}],"replies":[{"embeddable":true,"href":"https:\/\/riserva.it\/fr\/wp-json\/wp\/v2\/comments?post=15311"}],"version-history":[{"count":0,"href":"https:\/\/riserva.it\/fr\/wp-json\/wp\/v2\/product\/15311\/revisions"}],"wp:featuredmedia":[{"embeddable":true,"href":"https:\/\/riserva.it\/fr\/wp-json\/wp\/v2\/media\/3967"}],"wp:attachment":[{"href":"https:\/\/riserva.it\/fr\/wp-json\/wp\/v2\/media?parent=15311"}],"wp:term":[{"taxonomy":"product_brand","embeddable":true,"href":"https:\/\/riserva.it\/fr\/wp-json\/wp\/v2\/product_brand?post=15311"},{"taxonomy":"product_cat","embeddable":true,"href":"https:\/\/riserva.it\/fr\/wp-json\/wp\/v2\/product_cat?post=15311"},{"taxonomy":"product_tag","embeddable":true,"href":"https:\/\/riserva.it\/fr\/wp-json\/wp\/v2\/product_tag?post=15311"}],"curies":[{"name":"wp","href":"https:\/\/api.w.org\/{rel}","templated":true}]}}