{"id":15279,"date":"2023-08-01T10:00:00","date_gmt":"2023-08-01T08:00:00","guid":{"rendered":"https:\/\/www.riserva.it\/prodotto\/etui-a-balles-2-tubes-a-mettre-sur-le-canon\/"},"modified":"2025-07-31T11:38:52","modified_gmt":"2025-07-31T09:38:52","slug":"etui-a-balles-2-tubes-a-mettre-sur-le-canon","status":"publish","type":"product","link":"https:\/\/riserva.it\/fr\/prodotto\/etui-a-balles-2-tubes-a-mettre-sur-le-canon\/","title":{"rendered":"\u00c9tui \u00e0 balles 2 tubes  \u00e0 mettre sur le canon"},"content":{"rendered":"<p>&Eacute;tui &agrave; balles 2 tubes multicalibre en cuir et &eacute;lastique &agrave; mettre sur le canon, tr&egrave;s pratique pour recharger rapidement.<\/p><\/p>\n","protected":false},"excerpt":{"rendered":"<p>&Eacute;tui &agrave; balles 2 tubes multicalibre en cuir et &eacute;lastique &agrave; mettre sur le canon, tr&egrave;s pratique pour recharger rapidement.<\/p>\n","protected":false},"featured_media":3757,"comment_status":"closed","ping_status":"closed","template":"","meta":[],"product_brand":[],"product_cat":[979],"product_tag":[],"class_list":{"0":"post-15279","1":"product","2":"type-product","3":"status-publish","4":"has-post-thumbnail","6":"product_cat-pochette-a-balles-et-cartouches","8":"first","9":"instock","10":"taxable","11":"shipping-taxable","12":"purchasable","13":"product-type-simple"},"_links":{"self":[{"href":"https:\/\/riserva.it\/fr\/wp-json\/wp\/v2\/product\/15279","targetHints":{"allow":["GET"]}}],"collection":[{"href":"https:\/\/riserva.it\/fr\/wp-json\/wp\/v2\/product"}],"about":[{"href":"https:\/\/riserva.it\/fr\/wp-json\/wp\/v2\/types\/product"}],"replies":[{"embeddable":true,"href":"https:\/\/riserva.it\/fr\/wp-json\/wp\/v2\/comments?post=15279"}],"version-history":[{"count":0,"href":"https:\/\/riserva.it\/fr\/wp-json\/wp\/v2\/product\/15279\/revisions"}],"wp:featuredmedia":[{"embeddable":true,"href":"https:\/\/riserva.it\/fr\/wp-json\/wp\/v2\/media\/3757"}],"wp:attachment":[{"href":"https:\/\/riserva.it\/fr\/wp-json\/wp\/v2\/media?parent=15279"}],"wp:term":[{"taxonomy":"product_brand","embeddable":true,"href":"https:\/\/riserva.it\/fr\/wp-json\/wp\/v2\/product_brand?post=15279"},{"taxonomy":"product_cat","embeddable":true,"href":"https:\/\/riserva.it\/fr\/wp-json\/wp\/v2\/product_cat?post=15279"},{"taxonomy":"product_tag","embeddable":true,"href":"https:\/\/riserva.it\/fr\/wp-json\/wp\/v2\/product_tag?post=15279"}],"curies":[{"name":"wp","href":"https:\/\/api.w.org\/{rel}","templated":true}]}}