{"id":15257,"date":"2023-08-01T10:00:00","date_gmt":"2023-08-01T08:00:00","guid":{"rendered":"https:\/\/www.riserva.it\/prodotto\/gilet-technique-pour-becasse\/"},"modified":"2025-08-27T17:07:48","modified_gmt":"2025-08-27T15:07:48","slug":"gilet-technique-pour-becasse","status":"publish","type":"product","link":"https:\/\/riserva.it\/fr\/prodotto\/gilet-technique-pour-becasse\/","title":{"rendered":"Gilet technique pour b\u00e9casse"},"content":{"rendered":"<p>Le gilet\/sac-\u00e0-dos\u00a0Riserva\u00a0pour b\u00e9casse\u00a0et\u00e9 \u00e9tudi\u00e9 et test\u00e9 durant la chasse a la b\u00e9casse. C&#8217;est le juste compromis entre un gilet technique et un petit sac-\u00e0-dos permettant d&#8217;avoir toujours \u00e0 port\u00e9e de main \u00e0 la fois les accessoires n\u00e9cessaires \u00e0 la chasse ainsi qu\u2019un carnier post\u00e9rieur pour des accessoires ou des v\u00eatements plus encombrants et pour le petit gibier.<\/p>\n<p>Model\u00e9 sur la forme du dos pour une parfaite adh\u00e9rence au corps afin d\u2019\u00e9viter tout accrochage accidentel, cet article est r\u00e9alis\u00e9 en filet, Cordura anti-\u00e9pines et inserts\u00a0magenta et\u00a0il est \u00e9quip\u00e9 de sangles et d\u2019une ceinture r\u00e9glables, des passants pour Camel-bag, d\u2019une poche cach\u00e9e imperm\u00e9able int\u00e9rieure pour les papiers, d\u2019une crochet sur la paule pour attacher l&#8217;R2180 poche pour GPS, vendu s\u00e9par\u00e9ment.<\/p>\n<p>Les suivantes particularit\u00e9s :<\/p>\n<ul>\n<li>\u00e9pauli\u00e8res et ceinture r\u00e9glables<\/li>\n<li>Deux grandes poches \u00e0 l\u2019arri\u00e8re dont une extractible pour la b\u00e9casse<\/li>\n<li>Poche pour la radio<\/li>\n<li>Crochet pour le porte-GPS<\/li>\n<li>poche pour documents<\/li>\n<li>\u00e9quip\u00e9 pour la camel bag<\/li>\n<li>d\u00e9tails magenta<\/li>\n<\/ul>\n","protected":false},"excerpt":{"rendered":"<p>Le gilet\/sac-\u00e0-dos\u00a0Riserva\u00a0pour b\u00e9casse\u00a0et\u00e9 \u00e9tudi\u00e9 et test\u00e9 durant la chasse a la b\u00e9casse. C&#8217;est le juste compromis entre un gilet technique et un petit sac-\u00e0-dos permettant d&#8217;avoir<span class=\"excerpt-hellip\"> [\u2026]<\/span><\/p>\n","protected":false},"featured_media":3601,"comment_status":"closed","ping_status":"closed","template":"","meta":[],"product_brand":[],"product_cat":[1006,1000],"product_tag":[],"class_list":{"0":"post-15257","1":"product","2":"type-product","3":"status-publish","4":"has-post-thumbnail","6":"product_cat-collection-camelia","7":"product_cat-gilets-de-chasse","9":"first","10":"instock","11":"taxable","12":"shipping-taxable","13":"purchasable","14":"product-type-simple"},"_links":{"self":[{"href":"https:\/\/riserva.it\/fr\/wp-json\/wp\/v2\/product\/15257","targetHints":{"allow":["GET"]}}],"collection":[{"href":"https:\/\/riserva.it\/fr\/wp-json\/wp\/v2\/product"}],"about":[{"href":"https:\/\/riserva.it\/fr\/wp-json\/wp\/v2\/types\/product"}],"replies":[{"embeddable":true,"href":"https:\/\/riserva.it\/fr\/wp-json\/wp\/v2\/comments?post=15257"}],"version-history":[{"count":0,"href":"https:\/\/riserva.it\/fr\/wp-json\/wp\/v2\/product\/15257\/revisions"}],"wp:featuredmedia":[{"embeddable":true,"href":"https:\/\/riserva.it\/fr\/wp-json\/wp\/v2\/media\/3601"}],"wp:attachment":[{"href":"https:\/\/riserva.it\/fr\/wp-json\/wp\/v2\/media?parent=15257"}],"wp:term":[{"taxonomy":"product_brand","embeddable":true,"href":"https:\/\/riserva.it\/fr\/wp-json\/wp\/v2\/product_brand?post=15257"},{"taxonomy":"product_cat","embeddable":true,"href":"https:\/\/riserva.it\/fr\/wp-json\/wp\/v2\/product_cat?post=15257"},{"taxonomy":"product_tag","embeddable":true,"href":"https:\/\/riserva.it\/fr\/wp-json\/wp\/v2\/product_tag?post=15257"}],"curies":[{"name":"wp","href":"https:\/\/api.w.org\/{rel}","templated":true}]}}