{"id":15243,"date":"2023-08-01T10:00:00","date_gmt":"2023-08-01T08:00:00","guid":{"rendered":"https:\/\/www.riserva.it\/prodotto\/porte-permis-de-chasse-en-cuir\/"},"modified":"2025-07-31T11:38:39","modified_gmt":"2025-07-31T09:38:39","slug":"porte-permis-de-chasse-en-cuir","status":"publish","type":"product","link":"https:\/\/riserva.it\/fr\/prodotto\/porte-permis-de-chasse-en-cuir\/","title":{"rendered":"Porte permis de chasse en cuir"},"content":{"rendered":"<p>El\u00e9gant porte-permis de chasse en cuir toscan plat et compact au tanne v\u00e9g\u00e9tal, avec inserts porte-documents en plastique interchangeables et porte stylo.<\/p>\n<p>Tailles<br \/>\nS: 9X12,5 h<br \/>\nM: 10&#215;15 h (mesure interne)<\/p>\n<p>&nbsp;<\/p>\n<pre id=\"tw-target-text\" class=\"tw-data-text tw-text-large XcVN5d tw-ta\" dir=\"ltr\" data-placeholder=\"Traduzione\"><\/pre>\n","protected":false},"excerpt":{"rendered":"<p>El\u00e9gant porte-permis de chasse en cuir toscan plat et compact au tanne v\u00e9g\u00e9tal, avec inserts porte-documents en plastique interchangeables et porte stylo. Tailles S: 9X12,5 h<span class=\"excerpt-hellip\"> [\u2026]<\/span><\/p>\n","protected":false},"featured_media":0,"comment_status":"closed","ping_status":"closed","template":"","meta":[],"product_brand":[],"product_cat":[976],"product_tag":[],"class_list":{"0":"post-15243","1":"product","2":"type-product","3":"status-publish","5":"product_cat-porte-permis-de-chasse","7":"first","8":"instock","9":"taxable","10":"shipping-taxable","11":"purchasable","12":"product-type-variable","13":"has-default-attributes"},"_links":{"self":[{"href":"https:\/\/riserva.it\/fr\/wp-json\/wp\/v2\/product\/15243","targetHints":{"allow":["GET"]}}],"collection":[{"href":"https:\/\/riserva.it\/fr\/wp-json\/wp\/v2\/product"}],"about":[{"href":"https:\/\/riserva.it\/fr\/wp-json\/wp\/v2\/types\/product"}],"replies":[{"embeddable":true,"href":"https:\/\/riserva.it\/fr\/wp-json\/wp\/v2\/comments?post=15243"}],"version-history":[{"count":0,"href":"https:\/\/riserva.it\/fr\/wp-json\/wp\/v2\/product\/15243\/revisions"}],"wp:attachment":[{"href":"https:\/\/riserva.it\/fr\/wp-json\/wp\/v2\/media?parent=15243"}],"wp:term":[{"taxonomy":"product_brand","embeddable":true,"href":"https:\/\/riserva.it\/fr\/wp-json\/wp\/v2\/product_brand?post=15243"},{"taxonomy":"product_cat","embeddable":true,"href":"https:\/\/riserva.it\/fr\/wp-json\/wp\/v2\/product_cat?post=15243"},{"taxonomy":"product_tag","embeddable":true,"href":"https:\/\/riserva.it\/fr\/wp-json\/wp\/v2\/product_tag?post=15243"}],"curies":[{"name":"wp","href":"https:\/\/api.w.org\/{rel}","templated":true}]}}