{"id":15240,"date":"2023-09-04T10:00:00","date_gmt":"2023-09-04T08:00:00","guid":{"rendered":"https:\/\/www.riserva.it\/prodotto\/guetre-legere-et-resistant-aux-couteaux\/"},"modified":"2025-07-31T11:38:37","modified_gmt":"2025-07-31T09:38:37","slug":"guetre-legere-et-resistant-aux-couteaux","status":"publish","type":"product","link":"https:\/\/riserva.it\/fr\/prodotto\/guetre-legere-et-resistant-aux-couteaux\/","title":{"rendered":"Gu\u00eatre l\u00e9g\u00e8re et r\u00e9sistant aux couteaux"},"content":{"rendered":"<p>Gu&ecirc;tre ultrar&eacute;sistante et l&eacute;g&egrave;re en tissu Extremetex&reg;, une nouvelle fibre &agrave; haute r&eacute;sistance r&eacute;alis&eacute;e en UHMW-PE et Cordura.<\/p>\n<p>Les fibres les plus importantes &agrave; utiliser ce m&eacute;lange sont: Dyneema&reg; et Spectra&reg;<\/p>\n<p>Gr&acirc;ce &agrave; sa r&eacute;sistance &eacute;lev&eacute;e et au poids r&eacute;duit, la fibre est sp&eacute;cialement utilis&eacute;e pour les mat&eacute;riaux de haute qualit&eacute; dans l&#8217;environnement ext&eacute;rieur.&nbsp;<\/p>\n<p>Il est vraiment consid&eacute;r&eacute; que la fibre est la plus forte et la plus l&eacute;g&egrave;re dans le monde et elle est actuellement consid&eacute;r&eacute;e comme la fibre la plus solide et la plus l&eacute;g&egrave;re au monde et serait 15 fois plus r&eacute;sistante que l&rsquo;acier au m&ecirc;me poids.<\/p>\n<p>Renforts en Putek, un mat&eacute;riau ultra-r&eacute;sistant, antiabrasif et de protection utilis&eacute; sur la chaussure du travail.<\/p>\n<p><span>&Eacute;quipp&eacute; de TRACTION SYSTEM qui pr&eacute;sente&nbsp;plusieurs&nbsp;avantages:<\/span><\/p>\n<ul>\n<li>\n<p><span>augmentation de la securit&eacute; de la marche gr&acirc;ce au c&acirc;ble en acier qui adh&egrave;re parfaitement &agrave; la semelle constamment en traction<\/span><\/p>\n<\/li>\n<li>\n<p><span><\/span><span>parfaite adaptation de la gu&ecirc;tre &agrave; toutes sortes de chaussures<\/span><\/p>\n<\/li>\n<li>\n<p><span>aucune perte de temps comme c&#8217;&eacute;tait le cas avec les vieilles boucles<\/span><\/p>\n<\/li>\n<li>\n<p><span>en cas d&#8217;usure le c&acirc;ble peut &ecirc;tre facilement remplac&eacute;<\/span><\/p>\n<\/li>\n<\/ul>\n<p><span>Broderie: Logo Riserva<\/span><\/p>\n<p style=\"margin-bottom: 0cm; font-weight: normal;\"><span style=\"font-family: verdana,geneva; font-size: small;\">&nbsp;<\/span><\/p>\n","protected":false},"excerpt":{"rendered":"<p>Gu&ecirc;tre ultrar&eacute;sistante et l&eacute;g&egrave;re en tissu Extremetex&reg;, une nouvelle fibre &agrave; haute r&eacute;sistance r&eacute;alis&eacute;e en UHMW-PE et Cordura. Les fibres les plus importantes &agrave; utiliser ce<span class=\"excerpt-hellip\"> [\u2026]<\/span><\/p>\n","protected":false},"featured_media":3486,"comment_status":"closed","ping_status":"closed","template":"","meta":[],"product_brand":[],"product_cat":[1033],"product_tag":[],"class_list":{"0":"post-15240","1":"product","2":"type-product","3":"status-publish","4":"has-post-thumbnail","6":"product_cat-guetres-et-jambieres","7":"pa_colonna-acqua-3000-fr","9":"first","10":"instock","11":"taxable","12":"shipping-taxable","13":"purchasable","14":"product-type-variable"},"_links":{"self":[{"href":"https:\/\/riserva.it\/fr\/wp-json\/wp\/v2\/product\/15240","targetHints":{"allow":["GET"]}}],"collection":[{"href":"https:\/\/riserva.it\/fr\/wp-json\/wp\/v2\/product"}],"about":[{"href":"https:\/\/riserva.it\/fr\/wp-json\/wp\/v2\/types\/product"}],"replies":[{"embeddable":true,"href":"https:\/\/riserva.it\/fr\/wp-json\/wp\/v2\/comments?post=15240"}],"version-history":[{"count":0,"href":"https:\/\/riserva.it\/fr\/wp-json\/wp\/v2\/product\/15240\/revisions"}],"wp:featuredmedia":[{"embeddable":true,"href":"https:\/\/riserva.it\/fr\/wp-json\/wp\/v2\/media\/3486"}],"wp:attachment":[{"href":"https:\/\/riserva.it\/fr\/wp-json\/wp\/v2\/media?parent=15240"}],"wp:term":[{"taxonomy":"product_brand","embeddable":true,"href":"https:\/\/riserva.it\/fr\/wp-json\/wp\/v2\/product_brand?post=15240"},{"taxonomy":"product_cat","embeddable":true,"href":"https:\/\/riserva.it\/fr\/wp-json\/wp\/v2\/product_cat?post=15240"},{"taxonomy":"product_tag","embeddable":true,"href":"https:\/\/riserva.it\/fr\/wp-json\/wp\/v2\/product_tag?post=15240"}],"curies":[{"name":"wp","href":"https:\/\/api.w.org\/{rel}","templated":true}]}}