{"id":15238,"date":"2023-08-01T10:00:00","date_gmt":"2023-08-01T08:00:00","guid":{"rendered":"https:\/\/www.riserva.it\/prodotto\/guaina-copri-ottica-in-neoprene\/"},"modified":"2025-07-31T11:38:36","modified_gmt":"2025-07-31T09:38:36","slug":"guaina-copri-ottica-in-neoprene","status":"publish","type":"product","link":"https:\/\/riserva.it\/fr\/prodotto\/guaina-copri-ottica-in-neoprene\/","title":{"rendered":"Gaine de protection"},"content":{"rendered":"<p>Protection optimale pour pr\u00e9server les optiques fixes et amovibles de l&#8217;eau et des chocs, maniable, facile \u00e0 monter et rapide \u00e0 d\u00e9monter m\u00eame avec des gants, gr\u00e2ce \u00e0 une languette au dos.Disponible en noir ou gris camouflage et en diff\u00e9rentes tailles .<\/p>\n","protected":false},"excerpt":{"rendered":"<p>Protection optimale pour pr\u00e9server les optiques fixes et amovibles de l&#8217;eau et des chocs, maniable, facile \u00e0 monter et rapide \u00e0 d\u00e9monter m\u00eame avec des gants,<span class=\"excerpt-hellip\"> [\u2026]<\/span><\/p>\n","protected":false},"featured_media":3470,"comment_status":"closed","ping_status":"closed","template":"","meta":[],"product_brand":[],"product_cat":[1009,1039],"product_tag":[],"class_list":{"0":"post-15238","1":"product","2":"type-product","3":"status-publish","4":"has-post-thumbnail","6":"product_cat-collection-camouflage","7":"product_cat-etuis-protege-lunettes-protege-point-rouge","9":"first","10":"instock","11":"taxable","12":"shipping-taxable","13":"purchasable","14":"product-type-variable"},"_links":{"self":[{"href":"https:\/\/riserva.it\/fr\/wp-json\/wp\/v2\/product\/15238","targetHints":{"allow":["GET"]}}],"collection":[{"href":"https:\/\/riserva.it\/fr\/wp-json\/wp\/v2\/product"}],"about":[{"href":"https:\/\/riserva.it\/fr\/wp-json\/wp\/v2\/types\/product"}],"replies":[{"embeddable":true,"href":"https:\/\/riserva.it\/fr\/wp-json\/wp\/v2\/comments?post=15238"}],"version-history":[{"count":0,"href":"https:\/\/riserva.it\/fr\/wp-json\/wp\/v2\/product\/15238\/revisions"}],"wp:featuredmedia":[{"embeddable":true,"href":"https:\/\/riserva.it\/fr\/wp-json\/wp\/v2\/media\/3470"}],"wp:attachment":[{"href":"https:\/\/riserva.it\/fr\/wp-json\/wp\/v2\/media?parent=15238"}],"wp:term":[{"taxonomy":"product_brand","embeddable":true,"href":"https:\/\/riserva.it\/fr\/wp-json\/wp\/v2\/product_brand?post=15238"},{"taxonomy":"product_cat","embeddable":true,"href":"https:\/\/riserva.it\/fr\/wp-json\/wp\/v2\/product_cat?post=15238"},{"taxonomy":"product_tag","embeddable":true,"href":"https:\/\/riserva.it\/fr\/wp-json\/wp\/v2\/product_tag?post=15238"}],"curies":[{"name":"wp","href":"https:\/\/api.w.org\/{rel}","templated":true}]}}