{"id":15232,"date":"2023-08-01T10:00:00","date_gmt":"2023-08-01T08:00:00","guid":{"rendered":"https:\/\/www.riserva.it\/prodotto\/tracolla-per-carabina-in-loden-disponibile-con-ricamo-di-vari-animali\/"},"modified":"2025-07-31T11:38:33","modified_gmt":"2025-07-31T09:38:33","slug":"tracolla-per-carabina-in-loden-disponibile-con-ricamo-di-vari-animali","status":"publish","type":"product","link":"https:\/\/riserva.it\/fr\/prodotto\/tracolla-per-carabina-in-loden-disponibile-con-ricamo-di-vari-animali\/","title":{"rendered":"Bretelle pour carabine en loden avec animaux"},"content":{"rendered":"<p>Bretelle r\u00e9glable pour carabine, partie post\u00e9rieure en N\u00e9opr\u00e8ne pour avoir une parfaite adh\u00e9rence \u00e0 l&#8217;\u00e9paule, attaches r\u00e9glables en cuir et boucles en m\u00e9tal cuivr\u00e9.<\/p>\n","protected":false},"excerpt":{"rendered":"<p>Bretelle r\u00e9glable pour carabine, partie post\u00e9rieure en N\u00e9opr\u00e8ne pour avoir une parfaite adh\u00e9rence \u00e0 l&#8217;\u00e9paule, attaches r\u00e9glables en cuir et boucles en m\u00e9tal cuivr\u00e9.<\/p>\n","protected":false},"featured_media":3426,"comment_status":"closed","ping_status":"closed","template":"","meta":[],"product_brand":[],"product_cat":[991],"product_tag":[],"class_list":{"0":"post-15232","1":"product","2":"type-product","3":"status-publish","4":"has-post-thumbnail","6":"product_cat-bretelles-pour-carabine","8":"first","9":"instock","10":"taxable","11":"shipping-taxable","12":"purchasable","13":"product-type-variable"},"_links":{"self":[{"href":"https:\/\/riserva.it\/fr\/wp-json\/wp\/v2\/product\/15232","targetHints":{"allow":["GET"]}}],"collection":[{"href":"https:\/\/riserva.it\/fr\/wp-json\/wp\/v2\/product"}],"about":[{"href":"https:\/\/riserva.it\/fr\/wp-json\/wp\/v2\/types\/product"}],"replies":[{"embeddable":true,"href":"https:\/\/riserva.it\/fr\/wp-json\/wp\/v2\/comments?post=15232"}],"version-history":[{"count":0,"href":"https:\/\/riserva.it\/fr\/wp-json\/wp\/v2\/product\/15232\/revisions"}],"wp:featuredmedia":[{"embeddable":true,"href":"https:\/\/riserva.it\/fr\/wp-json\/wp\/v2\/media\/3426"}],"wp:attachment":[{"href":"https:\/\/riserva.it\/fr\/wp-json\/wp\/v2\/media?parent=15232"}],"wp:term":[{"taxonomy":"product_brand","embeddable":true,"href":"https:\/\/riserva.it\/fr\/wp-json\/wp\/v2\/product_brand?post=15232"},{"taxonomy":"product_cat","embeddable":true,"href":"https:\/\/riserva.it\/fr\/wp-json\/wp\/v2\/product_cat?post=15232"},{"taxonomy":"product_tag","embeddable":true,"href":"https:\/\/riserva.it\/fr\/wp-json\/wp\/v2\/product_tag?post=15232"}],"curies":[{"name":"wp","href":"https:\/\/api.w.org\/{rel}","templated":true}]}}