{"id":15223,"date":"2023-08-01T10:00:00","date_gmt":"2023-08-01T08:00:00","guid":{"rendered":"https:\/\/www.riserva.it\/prodotto\/tracolla-doppia-in-cordura-naturelle\/"},"modified":"2025-07-31T11:38:29","modified_gmt":"2025-07-31T09:38:29","slug":"tracolla-doppia-in-cordura-naturelle","status":"publish","type":"product","link":"https:\/\/riserva.it\/fr\/prodotto\/tracolla-doppia-in-cordura-naturelle\/","title":{"rendered":"Bretelle double pour carabine"},"content":{"rendered":"<p>Bretelle r\u00e9glable double en cordura naturelle pour porter l&#8217;arme comme un sac \u00e0 dos pour avoir plus de libert\u00e9 du mouvement, enti\u00e8rement bord\u00e9e avec un liser\u00e9 vert, partie post\u00e9rieure en gomme antid\u00e9rapante pour avoir une parfaite adh\u00e9rence \u00e0 l&#8217;\u00e9paule, attaches r\u00e9glables en cuir nabuk et boucles en m\u00e9tal cuivr\u00e9. Broderie: \u201cRiserva\u201d<\/p>\n","protected":false},"excerpt":{"rendered":"<p>Bretelle r\u00e9glable double en cordura naturelle pour porter l&#8217;arme comme un sac \u00e0 dos pour avoir plus de libert\u00e9 du mouvement, enti\u00e8rement bord\u00e9e avec un liser\u00e9<span class=\"excerpt-hellip\"> [\u2026]<\/span><\/p>\n","protected":false},"featured_media":3374,"comment_status":"closed","ping_status":"closed","template":"","meta":[],"product_brand":[],"product_cat":[991,1018],"product_tag":[],"class_list":{"0":"post-15223","1":"product","2":"type-product","3":"status-publish","4":"has-post-thumbnail","6":"product_cat-bretelles-pour-carabine","7":"product_cat-collection-orange-avec-branches","9":"first","10":"instock","11":"taxable","12":"shipping-taxable","13":"purchasable","14":"product-type-variable"},"_links":{"self":[{"href":"https:\/\/riserva.it\/fr\/wp-json\/wp\/v2\/product\/15223","targetHints":{"allow":["GET"]}}],"collection":[{"href":"https:\/\/riserva.it\/fr\/wp-json\/wp\/v2\/product"}],"about":[{"href":"https:\/\/riserva.it\/fr\/wp-json\/wp\/v2\/types\/product"}],"replies":[{"embeddable":true,"href":"https:\/\/riserva.it\/fr\/wp-json\/wp\/v2\/comments?post=15223"}],"version-history":[{"count":0,"href":"https:\/\/riserva.it\/fr\/wp-json\/wp\/v2\/product\/15223\/revisions"}],"wp:featuredmedia":[{"embeddable":true,"href":"https:\/\/riserva.it\/fr\/wp-json\/wp\/v2\/media\/3374"}],"wp:attachment":[{"href":"https:\/\/riserva.it\/fr\/wp-json\/wp\/v2\/media?parent=15223"}],"wp:term":[{"taxonomy":"product_brand","embeddable":true,"href":"https:\/\/riserva.it\/fr\/wp-json\/wp\/v2\/product_brand?post=15223"},{"taxonomy":"product_cat","embeddable":true,"href":"https:\/\/riserva.it\/fr\/wp-json\/wp\/v2\/product_cat?post=15223"},{"taxonomy":"product_tag","embeddable":true,"href":"https:\/\/riserva.it\/fr\/wp-json\/wp\/v2\/product_tag?post=15223"}],"curies":[{"name":"wp","href":"https:\/\/api.w.org\/{rel}","templated":true}]}}