{"id":15199,"date":"2023-08-01T10:00:00","date_gmt":"2023-08-01T08:00:00","guid":{"rendered":"https:\/\/www.riserva.it\/prodotto\/epauliere-antichoc\/"},"modified":"2025-08-27T17:05:57","modified_gmt":"2025-08-27T15:05:57","slug":"epauliere-antichoc","status":"publish","type":"product","link":"https:\/\/riserva.it\/fr\/prodotto\/epauliere-antichoc\/","title":{"rendered":"\u00c9pauli\u00e8re antichoc"},"content":{"rendered":"<p>Bretelle antichoc avec doublure Poron.\u00a0Il s&#8217;agit d&#8217;une solution aussi pour n&#8217;avoir plus mal \u00e0 l&#8217;\u00e9paule apr\u00e8s une s\u00e9ance de ball-trap.<br \/>\nCet article est facilement ajustable gr\u00e2ce \u00e0 la sangle de r\u00e9glage et le tissu est respirant.<\/p>\n<p>&nbsp;<\/p>\n<section class=\"elementor-section elementor-top-section elementor-element elementor-element-46da5b2 elementor-section-stretched elementor-section-boxed elementor-section-height-default elementor-section-height-default\" data-id=\"46da5b2\" data-element_type=\"section\" data-settings=\"{&quot;stretch_section&quot;:&quot;section-stretched&quot;,&quot;_ha_eqh_enable&quot;:false}\">\n<div class=\"elementor-container elementor-column-gap-default\">\n<div class=\"elementor-column elementor-col-50 elementor-top-column elementor-element elementor-element-a51e9b3\" data-id=\"a51e9b3\" data-element_type=\"column\">\n<div class=\"elementor-widget-wrap elementor-element-populated\">\n<div class=\"elementor-element elementor-element-b619922 elementor-widget elementor-widget-heading\" data-id=\"b619922\" data-element_type=\"widget\" data-widget_type=\"heading.default\">\n<div class=\"elementor-widget-container\">\n<h3 class=\"elementor-heading-title elementor-size-default elementor-heading-title elementor-size-default\">PORON\u00ae XRD\u2122 -Protection id\u00e9ale<\/h3>\n<p>Mousse polyur\u00e9thane souple qui se transforme\u00a0dans un bouclier protecteur capable d&#8217;absorber jusqu&#8217;\u00e0 90% de l&#8217;\u00e9nergie exerc\u00e9e lors d&#8217;un impact.<\/p><\/div>\n<\/div>\n<div class=\"elementor-element elementor-element-d95e8ee elementor-widget elementor-widget-text-editor\" data-id=\"d95e8ee\" data-element_type=\"widget\" data-widget_type=\"text-editor.default\">\n<div class=\"elementor-widget-container\">\n<ul>\n<li>Absorbe plus de 90 % de l&#8217;\u00e9nergie g\u00e9n\u00e9r\u00e9e lors d&#8217;une frappe \u00e0 des taux de d\u00e9formation \u00e9lev\u00e9s\u00a0;<\/li>\n<li>Absorbe uniform\u00e9ment les impacts r\u00e9p\u00e9t\u00e9s et dissipe instantan\u00e9ment la force d&#8217;impact\u00a0;<\/li>\n<li>Excellente r\u00e9sistance \u00e0 la compression constante;<\/li>\n<li>Am\u00e9liore la facilit\u00e9 et l&#8217;amplitude des mouvements\u00a0;<\/li>\n<li>Profil bas\u00a0: disponible dans une vari\u00e9t\u00e9 d&#8217;\u00e9paisseurs;<\/li>\n<li>L\u00e9ger;<\/li>\n<li>Densit\u00e9 320 kg\/m\u00b3;<\/li>\n<li>Mati\u00e8re adaptable avec une sensation \u00ab seconde peau \u00bb;<\/li>\n<li>Doux et flexible au toucher;<\/li>\n<li>L\u00e9ger;<\/li>\n<li>Moulable;<\/li>\n<li>Respirant;<\/li>\n<li>\u00c9galement disponible pour les gauchers.<\/li>\n<\/ul>\n<\/div>\n<\/div>\n<\/div>\n<\/div>\n<\/div>\n<\/section>\n<p>&nbsp;<\/p>\n<p>&nbsp;<\/p>\n","protected":false},"excerpt":{"rendered":"<p>Bretelle antichoc avec doublure Poron.\u00a0Il s&#8217;agit d&#8217;une solution aussi pour n&#8217;avoir plus mal \u00e0 l&#8217;\u00e9paule apr\u00e8s une s\u00e9ance de ball-trap. Cet article est facilement ajustable gr\u00e2ce<span class=\"excerpt-hellip\"> [\u2026]<\/span><\/p>\n","protected":false},"featured_media":3218,"comment_status":"closed","ping_status":"closed","template":"","meta":[],"product_brand":[],"product_cat":[982],"product_tag":[],"class_list":{"0":"post-15199","1":"product","2":"type-product","3":"status-publish","4":"has-post-thumbnail","6":"product_cat-epaulieres","8":"first","9":"instock","10":"taxable","11":"shipping-taxable","12":"purchasable","13":"product-type-variable"},"_links":{"self":[{"href":"https:\/\/riserva.it\/fr\/wp-json\/wp\/v2\/product\/15199","targetHints":{"allow":["GET"]}}],"collection":[{"href":"https:\/\/riserva.it\/fr\/wp-json\/wp\/v2\/product"}],"about":[{"href":"https:\/\/riserva.it\/fr\/wp-json\/wp\/v2\/types\/product"}],"replies":[{"embeddable":true,"href":"https:\/\/riserva.it\/fr\/wp-json\/wp\/v2\/comments?post=15199"}],"version-history":[{"count":0,"href":"https:\/\/riserva.it\/fr\/wp-json\/wp\/v2\/product\/15199\/revisions"}],"wp:featuredmedia":[{"embeddable":true,"href":"https:\/\/riserva.it\/fr\/wp-json\/wp\/v2\/media\/3218"}],"wp:attachment":[{"href":"https:\/\/riserva.it\/fr\/wp-json\/wp\/v2\/media?parent=15199"}],"wp:term":[{"taxonomy":"product_brand","embeddable":true,"href":"https:\/\/riserva.it\/fr\/wp-json\/wp\/v2\/product_brand?post=15199"},{"taxonomy":"product_cat","embeddable":true,"href":"https:\/\/riserva.it\/fr\/wp-json\/wp\/v2\/product_cat?post=15199"},{"taxonomy":"product_tag","embeddable":true,"href":"https:\/\/riserva.it\/fr\/wp-json\/wp\/v2\/product_tag?post=15199"}],"curies":[{"name":"wp","href":"https:\/\/api.w.org\/{rel}","templated":true}]}}