{"id":15198,"date":"2023-08-01T10:00:00","date_gmt":"2023-08-01T08:00:00","guid":{"rendered":"https:\/\/www.riserva.it\/prodotto\/ceinture-avec-3-poches\/"},"modified":"2025-08-27T17:31:08","modified_gmt":"2025-08-27T15:31:08","slug":"ceinture-avec-3-poches","status":"publish","type":"product","link":"https:\/\/riserva.it\/fr\/prodotto\/ceinture-avec-3-poches\/","title":{"rendered":"Ceinture avec 3 poches"},"content":{"rendered":"<p>Ceinture avec 3 poches en Cordura, ceinture r\u00e9glable, poche int\u00e9rieure avec fermeture \u00e9clair.<\/p>\n<p>Id\u00e9al pour ball-trap.<\/p>\n<p>Broderie: \u201cRiserva\u201d<\/p>\n","protected":false},"excerpt":{"rendered":"<p>Ceinture avec 3 poches en Cordura, ceinture r\u00e9glable, poche int\u00e9rieure avec fermeture \u00e9clair. Id\u00e9al pour ball-trap. Broderie: \u201cRiserva\u201d<\/p>\n","protected":false},"featured_media":19075,"comment_status":"closed","ping_status":"closed","template":"","meta":[],"product_brand":[],"product_cat":[1000],"product_tag":[],"class_list":{"0":"post-15198","1":"product","2":"type-product","3":"status-publish","4":"has-post-thumbnail","6":"product_cat-gilets-de-chasse","8":"first","9":"instock","10":"taxable","11":"shipping-taxable","12":"purchasable","13":"product-type-simple"},"_links":{"self":[{"href":"https:\/\/riserva.it\/fr\/wp-json\/wp\/v2\/product\/15198","targetHints":{"allow":["GET"]}}],"collection":[{"href":"https:\/\/riserva.it\/fr\/wp-json\/wp\/v2\/product"}],"about":[{"href":"https:\/\/riserva.it\/fr\/wp-json\/wp\/v2\/types\/product"}],"replies":[{"embeddable":true,"href":"https:\/\/riserva.it\/fr\/wp-json\/wp\/v2\/comments?post=15198"}],"version-history":[{"count":0,"href":"https:\/\/riserva.it\/fr\/wp-json\/wp\/v2\/product\/15198\/revisions"}],"wp:featuredmedia":[{"embeddable":true,"href":"https:\/\/riserva.it\/fr\/wp-json\/wp\/v2\/media\/19075"}],"wp:attachment":[{"href":"https:\/\/riserva.it\/fr\/wp-json\/wp\/v2\/media?parent=15198"}],"wp:term":[{"taxonomy":"product_brand","embeddable":true,"href":"https:\/\/riserva.it\/fr\/wp-json\/wp\/v2\/product_brand?post=15198"},{"taxonomy":"product_cat","embeddable":true,"href":"https:\/\/riserva.it\/fr\/wp-json\/wp\/v2\/product_cat?post=15198"},{"taxonomy":"product_tag","embeddable":true,"href":"https:\/\/riserva.it\/fr\/wp-json\/wp\/v2\/product_tag?post=15198"}],"curies":[{"name":"wp","href":"https:\/\/api.w.org\/{rel}","templated":true}]}}