{"id":15154,"date":"2023-08-01T10:00:00","date_gmt":"2023-08-01T08:00:00","guid":{"rendered":"https:\/\/www.riserva.it\/prodotto\/fodero-binocolo-in-neoprene\/"},"modified":"2025-07-31T11:38:02","modified_gmt":"2025-07-31T09:38:02","slug":"fodero-binocolo-in-neoprene","status":"publish","type":"product","link":"https:\/\/riserva.it\/fr\/prodotto\/fodero-binocolo-in-neoprene\/","title":{"rendered":"\u00c9tui pour jumelles"},"content":{"rendered":"<p>\u00c9tui pour jumelles en n\u00e9opr\u00e8ne avec adaptateur pour jumelles Swarovski.<\/p>\n","protected":false},"excerpt":{"rendered":"<p>\u00c9tui pour jumelles en n\u00e9opr\u00e8ne avec adaptateur pour jumelles Swarovski.<\/p>\n","protected":false},"featured_media":19230,"comment_status":"closed","ping_status":"closed","template":"","meta":[],"product_brand":[],"product_cat":[1009,1039],"product_tag":[],"class_list":{"0":"post-15154","1":"product","2":"type-product","3":"status-publish","4":"has-post-thumbnail","6":"product_cat-collection-camouflage","7":"product_cat-etuis-protege-lunettes-protege-point-rouge","9":"first","10":"instock","11":"taxable","12":"shipping-taxable","13":"purchasable","14":"product-type-variable"},"_links":{"self":[{"href":"https:\/\/riserva.it\/fr\/wp-json\/wp\/v2\/product\/15154","targetHints":{"allow":["GET"]}}],"collection":[{"href":"https:\/\/riserva.it\/fr\/wp-json\/wp\/v2\/product"}],"about":[{"href":"https:\/\/riserva.it\/fr\/wp-json\/wp\/v2\/types\/product"}],"replies":[{"embeddable":true,"href":"https:\/\/riserva.it\/fr\/wp-json\/wp\/v2\/comments?post=15154"}],"version-history":[{"count":0,"href":"https:\/\/riserva.it\/fr\/wp-json\/wp\/v2\/product\/15154\/revisions"}],"wp:featuredmedia":[{"embeddable":true,"href":"https:\/\/riserva.it\/fr\/wp-json\/wp\/v2\/media\/19230"}],"wp:attachment":[{"href":"https:\/\/riserva.it\/fr\/wp-json\/wp\/v2\/media?parent=15154"}],"wp:term":[{"taxonomy":"product_brand","embeddable":true,"href":"https:\/\/riserva.it\/fr\/wp-json\/wp\/v2\/product_brand?post=15154"},{"taxonomy":"product_cat","embeddable":true,"href":"https:\/\/riserva.it\/fr\/wp-json\/wp\/v2\/product_cat?post=15154"},{"taxonomy":"product_tag","embeddable":true,"href":"https:\/\/riserva.it\/fr\/wp-json\/wp\/v2\/product_tag?post=15154"}],"curies":[{"name":"wp","href":"https:\/\/api.w.org\/{rel}","templated":true}]}}