{"id":15138,"date":"2023-08-01T10:00:00","date_gmt":"2023-08-01T08:00:00","guid":{"rendered":"https:\/\/www.riserva.it\/prodotto\/etui-pour-lunette-45-pour-atc-17-40x56\/"},"modified":"2025-07-31T16:59:13","modified_gmt":"2025-07-31T14:59:13","slug":"etui-pour-lunette-45-pour-atc-17-40x56","status":"publish","type":"product","link":"https:\/\/riserva.it\/fr\/prodotto\/etui-pour-lunette-45-pour-atc-17-40x56\/","title":{"rendered":"\u00c9tui pour lunette 45\u00b0"},"content":{"rendered":"<p>\u00c9tui pour lunette 45\u00b0, hauteur 37 cm et diam\u00e8tre 9 cm en Cordura rembourr\u00e9, d\u00e9tails en cuir, fermeture \u00e9clair et bretelle pour faciliter le transport.<\/p>\n<p>Broderie: Riserva logo<\/p>\n","protected":false},"excerpt":{"rendered":"<p>\u00c9tui pour lunette 45\u00b0, hauteur 37 cm et diam\u00e8tre 9 cm en Cordura rembourr\u00e9, d\u00e9tails en cuir, fermeture \u00e9clair et bretelle pour faciliter le transport. Broderie:<span class=\"excerpt-hellip\"> [\u2026]<\/span><\/p>\n","protected":false},"featured_media":12590,"comment_status":"closed","ping_status":"closed","template":"","meta":[],"product_brand":[],"product_cat":[1039],"product_tag":[],"class_list":{"0":"post-15138","1":"product","2":"type-product","3":"status-publish","4":"has-post-thumbnail","6":"product_cat-etuis-protege-lunettes-protege-point-rouge","8":"first","9":"instock","10":"taxable","11":"shipping-taxable","12":"purchasable","13":"product-type-variable","14":"has-default-attributes"},"_links":{"self":[{"href":"https:\/\/riserva.it\/fr\/wp-json\/wp\/v2\/product\/15138","targetHints":{"allow":["GET"]}}],"collection":[{"href":"https:\/\/riserva.it\/fr\/wp-json\/wp\/v2\/product"}],"about":[{"href":"https:\/\/riserva.it\/fr\/wp-json\/wp\/v2\/types\/product"}],"replies":[{"embeddable":true,"href":"https:\/\/riserva.it\/fr\/wp-json\/wp\/v2\/comments?post=15138"}],"version-history":[{"count":0,"href":"https:\/\/riserva.it\/fr\/wp-json\/wp\/v2\/product\/15138\/revisions"}],"wp:featuredmedia":[{"embeddable":true,"href":"https:\/\/riserva.it\/fr\/wp-json\/wp\/v2\/media\/12590"}],"wp:attachment":[{"href":"https:\/\/riserva.it\/fr\/wp-json\/wp\/v2\/media?parent=15138"}],"wp:term":[{"taxonomy":"product_brand","embeddable":true,"href":"https:\/\/riserva.it\/fr\/wp-json\/wp\/v2\/product_brand?post=15138"},{"taxonomy":"product_cat","embeddable":true,"href":"https:\/\/riserva.it\/fr\/wp-json\/wp\/v2\/product_cat?post=15138"},{"taxonomy":"product_tag","embeddable":true,"href":"https:\/\/riserva.it\/fr\/wp-json\/wp\/v2\/product_tag?post=15138"}],"curies":[{"name":"wp","href":"https:\/\/api.w.org\/{rel}","templated":true}]}}