{"id":15098,"date":"2023-08-01T10:00:00","date_gmt":"2023-08-01T08:00:00","guid":{"rendered":"https:\/\/www.riserva.it\/prodotto\/tracolla-per-carabina-in-cordura-nero-con-animali\/"},"modified":"2025-07-31T11:37:43","modified_gmt":"2025-07-31T09:37:43","slug":"tracolla-per-carabina-in-cordura-nero-con-animali","status":"publish","type":"product","link":"https:\/\/riserva.it\/fr\/prodotto\/tracolla-per-carabina-in-cordura-nero-con-animali\/","title":{"rendered":"Bretelle carabine avec animaux"},"content":{"rendered":"<p>Bretelle r\u00e9glable pour carabine, en Cordura avec broderie d&#8217;animaux. Partie arri\u00e8re en n\u00e9opr\u00e8ne antid\u00e9rapante, pour avoir une perfait adh\u00e9rance \u00e0 l&#8217;\u00e9paule. Attaches r\u00e9glable en cuir et boucles en met\u00e0l cuivr\u00e9.<\/p>\n","protected":false},"excerpt":{"rendered":"<p>Bretelle r\u00e9glable pour carabine, en Cordura avec broderie d&#8217;animaux. Partie arri\u00e8re en n\u00e9opr\u00e8ne antid\u00e9rapante, pour avoir une perfait adh\u00e9rance \u00e0 l&#8217;\u00e9paule. Attaches r\u00e9glable en cuir et<span class=\"excerpt-hellip\"> [\u2026]<\/span><\/p>\n","protected":false},"featured_media":2588,"comment_status":"closed","ping_status":"closed","template":"","meta":[],"product_brand":[],"product_cat":[991],"product_tag":[],"class_list":{"0":"post-15098","1":"product","2":"type-product","3":"status-publish","4":"has-post-thumbnail","6":"product_cat-bretelles-pour-carabine","8":"first","9":"instock","10":"taxable","11":"shipping-taxable","12":"purchasable","13":"product-type-variable"},"_links":{"self":[{"href":"https:\/\/riserva.it\/fr\/wp-json\/wp\/v2\/product\/15098","targetHints":{"allow":["GET"]}}],"collection":[{"href":"https:\/\/riserva.it\/fr\/wp-json\/wp\/v2\/product"}],"about":[{"href":"https:\/\/riserva.it\/fr\/wp-json\/wp\/v2\/types\/product"}],"replies":[{"embeddable":true,"href":"https:\/\/riserva.it\/fr\/wp-json\/wp\/v2\/comments?post=15098"}],"version-history":[{"count":0,"href":"https:\/\/riserva.it\/fr\/wp-json\/wp\/v2\/product\/15098\/revisions"}],"wp:featuredmedia":[{"embeddable":true,"href":"https:\/\/riserva.it\/fr\/wp-json\/wp\/v2\/media\/2588"}],"wp:attachment":[{"href":"https:\/\/riserva.it\/fr\/wp-json\/wp\/v2\/media?parent=15098"}],"wp:term":[{"taxonomy":"product_brand","embeddable":true,"href":"https:\/\/riserva.it\/fr\/wp-json\/wp\/v2\/product_brand?post=15098"},{"taxonomy":"product_cat","embeddable":true,"href":"https:\/\/riserva.it\/fr\/wp-json\/wp\/v2\/product_cat?post=15098"},{"taxonomy":"product_tag","embeddable":true,"href":"https:\/\/riserva.it\/fr\/wp-json\/wp\/v2\/product_tag?post=15098"}],"curies":[{"name":"wp","href":"https:\/\/api.w.org\/{rel}","templated":true}]}}