{"id":15095,"date":"2023-08-01T10:00:00","date_gmt":"2023-08-01T08:00:00","guid":{"rendered":"https:\/\/www.riserva.it\/prodotto\/etui-a-cartouche-8-tubes\/"},"modified":"2025-08-27T17:18:40","modified_gmt":"2025-08-27T15:18:40","slug":"etui-a-cartouche-8-tubes","status":"publish","type":"product","link":"https:\/\/riserva.it\/fr\/prodotto\/etui-a-cartouche-8-tubes\/","title":{"rendered":"\u00c9tui \u00e0 cartouches 8 tubes"},"content":{"rendered":"<p>Pochette pour 8 tubes en Cordura. La pochette peut\u00a0\u00eatre attach\u00e9 aux gilets, aux harnais de chasse, aux cartouchi\u00e8res gr\u00e2ce aux passants avec les boutons. Logo &#8220;Riserva&#8221;.<\/p>\n<p>Cal. 12\/20\/28<\/p>\n<p>&nbsp;<\/p>\n","protected":false},"excerpt":{"rendered":"<p>Pochette pour 8 tubes en Cordura. La pochette peut\u00a0\u00eatre attach\u00e9 aux gilets, aux harnais de chasse, aux cartouchi\u00e8res gr\u00e2ce aux passants avec les boutons. Logo &#8220;Riserva&#8221;.<span class=\"excerpt-hellip\"> [\u2026]<\/span><\/p>\n","protected":false},"featured_media":2570,"comment_status":"closed","ping_status":"closed","template":"","meta":[],"product_brand":[],"product_cat":[1000],"product_tag":[],"class_list":{"0":"post-15095","1":"product","2":"type-product","3":"status-publish","4":"has-post-thumbnail","6":"product_cat-gilets-de-chasse","8":"first","9":"instock","10":"taxable","11":"shipping-taxable","12":"purchasable","13":"product-type-simple"},"_links":{"self":[{"href":"https:\/\/riserva.it\/fr\/wp-json\/wp\/v2\/product\/15095","targetHints":{"allow":["GET"]}}],"collection":[{"href":"https:\/\/riserva.it\/fr\/wp-json\/wp\/v2\/product"}],"about":[{"href":"https:\/\/riserva.it\/fr\/wp-json\/wp\/v2\/types\/product"}],"replies":[{"embeddable":true,"href":"https:\/\/riserva.it\/fr\/wp-json\/wp\/v2\/comments?post=15095"}],"version-history":[{"count":0,"href":"https:\/\/riserva.it\/fr\/wp-json\/wp\/v2\/product\/15095\/revisions"}],"wp:featuredmedia":[{"embeddable":true,"href":"https:\/\/riserva.it\/fr\/wp-json\/wp\/v2\/media\/2570"}],"wp:attachment":[{"href":"https:\/\/riserva.it\/fr\/wp-json\/wp\/v2\/media?parent=15095"}],"wp:term":[{"taxonomy":"product_brand","embeddable":true,"href":"https:\/\/riserva.it\/fr\/wp-json\/wp\/v2\/product_brand?post=15095"},{"taxonomy":"product_cat","embeddable":true,"href":"https:\/\/riserva.it\/fr\/wp-json\/wp\/v2\/product_cat?post=15095"},{"taxonomy":"product_tag","embeddable":true,"href":"https:\/\/riserva.it\/fr\/wp-json\/wp\/v2\/product_tag?post=15095"}],"curies":[{"name":"wp","href":"https:\/\/api.w.org\/{rel}","templated":true}]}}