{"id":15080,"date":"2023-08-01T10:00:00","date_gmt":"2023-08-01T08:00:00","guid":{"rendered":"https:\/\/www.riserva.it\/prodotto\/pochette-a-balles\/"},"modified":"2025-08-27T17:11:36","modified_gmt":"2025-08-27T15:11:36","slug":"pochette-a-balles","status":"publish","type":"product","link":"https:\/\/riserva.it\/fr\/prodotto\/pochette-a-balles\/","title":{"rendered":"Pochette \u00e0 balles"},"content":{"rendered":"<p>Pochette \u00e0 balles en Cordura. La pochette peut\u00a0\u00eatre attach\u00e9 aux gilets, aux harnais de chasse, aux cartouchi\u00e8res gr\u00e2ce aux passants avec les boutons. Logo &#8220;Riserva&#8221;<\/p>\n","protected":false},"excerpt":{"rendered":"<p>Pochette \u00e0 balles en Cordura. La pochette peut\u00a0\u00eatre attach\u00e9 aux gilets, aux harnais de chasse, aux cartouchi\u00e8res gr\u00e2ce aux passants avec les boutons. Logo &#8220;Riserva&#8221;<\/p>\n","protected":false},"featured_media":2478,"comment_status":"closed","ping_status":"closed","template":"","meta":[],"product_brand":[],"product_cat":[1000],"product_tag":[],"class_list":{"0":"post-15080","1":"product","2":"type-product","3":"status-publish","4":"has-post-thumbnail","6":"product_cat-gilets-de-chasse","8":"first","9":"instock","10":"taxable","11":"shipping-taxable","12":"purchasable","13":"product-type-simple"},"_links":{"self":[{"href":"https:\/\/riserva.it\/fr\/wp-json\/wp\/v2\/product\/15080","targetHints":{"allow":["GET"]}}],"collection":[{"href":"https:\/\/riserva.it\/fr\/wp-json\/wp\/v2\/product"}],"about":[{"href":"https:\/\/riserva.it\/fr\/wp-json\/wp\/v2\/types\/product"}],"replies":[{"embeddable":true,"href":"https:\/\/riserva.it\/fr\/wp-json\/wp\/v2\/comments?post=15080"}],"version-history":[{"count":0,"href":"https:\/\/riserva.it\/fr\/wp-json\/wp\/v2\/product\/15080\/revisions"}],"wp:featuredmedia":[{"embeddable":true,"href":"https:\/\/riserva.it\/fr\/wp-json\/wp\/v2\/media\/2478"}],"wp:attachment":[{"href":"https:\/\/riserva.it\/fr\/wp-json\/wp\/v2\/media?parent=15080"}],"wp:term":[{"taxonomy":"product_brand","embeddable":true,"href":"https:\/\/riserva.it\/fr\/wp-json\/wp\/v2\/product_brand?post=15080"},{"taxonomy":"product_cat","embeddable":true,"href":"https:\/\/riserva.it\/fr\/wp-json\/wp\/v2\/product_cat?post=15080"},{"taxonomy":"product_tag","embeddable":true,"href":"https:\/\/riserva.it\/fr\/wp-json\/wp\/v2\/product_tag?post=15080"}],"curies":[{"name":"wp","href":"https:\/\/api.w.org\/{rel}","templated":true}]}}