{"id":15078,"date":"2023-08-01T10:00:00","date_gmt":"2023-08-01T08:00:00","guid":{"rendered":"https:\/\/www.riserva.it\/prodotto\/fodero-tascabile-per-carabina-arancione\/"},"modified":"2025-07-31T11:37:34","modified_gmt":"2025-07-31T09:37:34","slug":"fodero-tascabile-per-carabina-arancione","status":"publish","type":"product","link":"https:\/\/riserva.it\/fr\/prodotto\/fodero-tascabile-per-carabina-arancione\/","title":{"rendered":"Fourreau de poche pour carabine"},"content":{"rendered":"<p>Fourreau pour carabine en nylon orange haute visibilit\u00e9 r\u00e9glable, pratique, r\u00e9sistant et impermp\u00e9able.<\/p>\n","protected":false},"excerpt":{"rendered":"<p>Fourreau pour carabine en nylon orange haute visibilit\u00e9 r\u00e9glable, pratique, r\u00e9sistant et impermp\u00e9able.<\/p>\n","protected":false},"featured_media":2468,"comment_status":"closed","ping_status":"closed","template":"","meta":[],"product_brand":[],"product_cat":[1018,1036],"product_tag":[],"class_list":{"0":"post-15078","1":"product","2":"type-product","3":"status-publish","4":"has-post-thumbnail","6":"product_cat-collection-orange-avec-branches","7":"product_cat-fourreaux-carabine-et-fusil","9":"first","10":"instock","11":"taxable","12":"shipping-taxable","13":"purchasable","14":"product-type-simple"},"_links":{"self":[{"href":"https:\/\/riserva.it\/fr\/wp-json\/wp\/v2\/product\/15078","targetHints":{"allow":["GET"]}}],"collection":[{"href":"https:\/\/riserva.it\/fr\/wp-json\/wp\/v2\/product"}],"about":[{"href":"https:\/\/riserva.it\/fr\/wp-json\/wp\/v2\/types\/product"}],"replies":[{"embeddable":true,"href":"https:\/\/riserva.it\/fr\/wp-json\/wp\/v2\/comments?post=15078"}],"version-history":[{"count":0,"href":"https:\/\/riserva.it\/fr\/wp-json\/wp\/v2\/product\/15078\/revisions"}],"wp:featuredmedia":[{"embeddable":true,"href":"https:\/\/riserva.it\/fr\/wp-json\/wp\/v2\/media\/2468"}],"wp:attachment":[{"href":"https:\/\/riserva.it\/fr\/wp-json\/wp\/v2\/media?parent=15078"}],"wp:term":[{"taxonomy":"product_brand","embeddable":true,"href":"https:\/\/riserva.it\/fr\/wp-json\/wp\/v2\/product_brand?post=15078"},{"taxonomy":"product_cat","embeddable":true,"href":"https:\/\/riserva.it\/fr\/wp-json\/wp\/v2\/product_cat?post=15078"},{"taxonomy":"product_tag","embeddable":true,"href":"https:\/\/riserva.it\/fr\/wp-json\/wp\/v2\/product_tag?post=15078"}],"curies":[{"name":"wp","href":"https:\/\/api.w.org\/{rel}","templated":true}]}}