{"id":17415,"date":"2025-07-23T16:57:42","date_gmt":"2025-07-23T14:57:42","guid":{"rendered":"https:\/\/www.riserva.it\/catalogo\/"},"modified":"2025-09-08T09:13:25","modified_gmt":"2025-09-08T07:13:25","slug":"boutique","status":"publish","type":"page","link":"https:\/\/riserva.it\/fr\/boutique\/","title":{"rendered":"Boutique"},"content":{"rendered":"\t\t<div data-elementor-type=\"wp-page\" data-elementor-id=\"17415\" class=\"elementor elementor-17415 elementor-17401\" data-elementor-post-type=\"page\">\r\n\t\t\t\t<div class=\"elementor-element elementor-element-6980e02 e-flex e-con-boxed e-con e-parent\" data-id=\"6980e02\" data-element_type=\"container\" data-settings=\"{&quot;background_background&quot;:&quot;classic&quot;}\">\r\n\t\t\t\t\t<div class=\"e-con-inner\">\r\n\t\t\t\t<div class=\"elementor-element elementor-element-c272624 elementor-widget-mobile__width-auto elementor-widget elementor-widget-woocommerce-breadcrumb\" data-id=\"c272624\" data-element_type=\"widget\" data-widget_type=\"woocommerce-breadcrumb.default\">\r\n\t\t\t\t<div class=\"elementor-widget-container\">\r\n\t\t\t\t\t<nav class=\"woocommerce-breadcrumb\" aria-label=\"Breadcrumb\">Accueil<\/nav>\t\t\t\t<\/div>\r\n\t\t\t\t<\/div>\r\n\t\t\t\t\t<\/div>\r\n\t\t\t\t<\/div>\r\n\t\t<div class=\"elementor-element elementor-element-68155ed e-con-full e-flex e-con e-parent\" data-id=\"68155ed\" data-element_type=\"container\" data-settings=\"{&quot;background_background&quot;:&quot;classic&quot;}\">\r\n\t\t\t\t<div class=\"elementor-element elementor-element-511ae05 elementor-grid-tablet-2 elementor-grid-mobile-2 elementor-product-loop-item--align-center elementor-grid-4 elementor-products-grid elementor-wc-products elementor-widget elementor-widget-wc-categories\" data-id=\"511ae05\" data-element_type=\"widget\" data-widget_type=\"wc-categories.default\">\r\n\t\t\t\t<div class=\"elementor-widget-container\">\r\n\t\t\t\t\t<div class=\"woocommerce columns-4\">\r\n<div class=\"products_wrapper mfn-woo-products isotope_wrapper default-woo-loop lm_wrapper\">\r\n\t<ul class=\"products elementor-grid \">\r\n<li class=\"product-category product first\">\r\n\t<a aria-label=\"Acc\u00e9der \u00e0 la cat\u00e9gorie de produits Accessoires\" href=\"https:\/\/riserva.it\/fr\/categories\/accessoires\/\"><img fetchpriority=\"high\" decoding=\"async\" src=\"https:\/\/riserva.it\/wp-content\/uploads\/2025\/06\/R1836_Corda-per-traino-animale-1918-1.jpg\" alt=\"Accessoires\" width=\"800\" height=\"800\" \/>\t\t<h2 class=\"woocommerce-loop-category__title\">\r\n\t\t\tAccessoires <mark class=\"count\">(9)<\/mark>\t\t<\/h2>\r\n\t\t<\/a><\/li>\r\n<li class=\"product-category product\">\r\n\t<a aria-label=\"Acc\u00e9der \u00e0 la cat\u00e9gorie de produits Bretelles pour carabine\" href=\"https:\/\/riserva.it\/fr\/categories\/bretelles-pour-carabine\/\"><img decoding=\"async\" src=\"https:\/\/riserva.it\/wp-content\/uploads\/2025\/06\/8016-1307-1.jpg\" alt=\"Bretelles pour carabine\" width=\"800\" height=\"800\" \/>\t\t<h2 class=\"woocommerce-loop-category__title\">\r\n\t\t\tBretelles pour carabine <mark class=\"count\">(26)<\/mark>\t\t<\/h2>\r\n\t\t<\/a><\/li>\r\n<li class=\"product-category product\">\r\n\t<a aria-label=\"Acc\u00e9der \u00e0 la cat\u00e9gorie de produits Bretelles pour carabine avec attache m\u00e9tallique\" href=\"https:\/\/riserva.it\/fr\/categories\/bretelles-pour-carabine-avec-attache-metallique\/\"><img decoding=\"async\" src=\"https:\/\/riserva.it\/wp-content\/uploads\/2025\/06\/R-2061A_0039-2667-1-scaled.jpg\" alt=\"Bretelles pour carabine avec attache m\u00e9tallique\" width=\"800\" height=\"800\" \/>\t\t<h2 class=\"woocommerce-loop-category__title\">\r\n\t\t\tBretelles pour carabine avec attache m\u00e9tallique <mark class=\"count\">(10)<\/mark>\t\t<\/h2>\r\n\t\t<\/a><\/li>\r\n<li class=\"product-category product last\">\r\n\t<a aria-label=\"Acc\u00e9der \u00e0 la cat\u00e9gorie de produits Bretelles pour fusil\" href=\"https:\/\/riserva.it\/fr\/categories\/bretelles-pour-fusil\/\"><img loading=\"lazy\" decoding=\"async\" src=\"https:\/\/riserva.it\/wp-content\/uploads\/2025\/06\/R7003-2207-1.jpg\" alt=\"Bretelles pour fusil\" width=\"800\" height=\"800\" \/>\t\t<h2 class=\"woocommerce-loop-category__title\">\r\n\t\t\tBretelles pour fusil <mark class=\"count\">(13)<\/mark>\t\t<\/h2>\r\n\t\t<\/a><\/li>\r\n<li class=\"product-category product first\">\r\n\t<a aria-label=\"Acc\u00e9der \u00e0 la cat\u00e9gorie de produits Bretelles pour pantalon\" href=\"https:\/\/riserva.it\/fr\/categories\/ceintures-et-bretelles\/\"><img loading=\"lazy\" decoding=\"async\" src=\"https:\/\/riserva.it\/wp-content\/uploads\/2025\/06\/1455-190-1.jpg\" alt=\"Bretelles pour pantalon\" width=\"800\" height=\"800\" \/>\t\t<h2 class=\"woocommerce-loop-category__title\">\r\n\t\t\tBretelles pour pantalon <mark class=\"count\">(10)<\/mark>\t\t<\/h2>\r\n\t\t<\/a><\/li>\r\n<li class=\"product-category product\">\r\n\t<a aria-label=\"Acc\u00e9der \u00e0 la cat\u00e9gorie de produits Buscs, Prot\u00e8ges-canon, Sabots de crosse\" href=\"https:\/\/riserva.it\/fr\/categories\/buscs-proteges-canon-sabots-de-crosse\/\"><img loading=\"lazy\" decoding=\"async\" src=\"https:\/\/riserva.it\/wp-content\/uploads\/2023\/08\/R6154.jpg\" alt=\"Buscs, Prot\u00e8ges-canon, Sabots de crosse\" width=\"800\" height=\"800\" \/>\t\t<h2 class=\"woocommerce-loop-category__title\">\r\n\t\t\tBuscs, Prot\u00e8ges-canon, Sabots de crosse <mark class=\"count\">(16)<\/mark>\t\t<\/h2>\r\n\t\t<\/a><\/li>\r\n<li class=\"product-category product\">\r\n\t<a aria-label=\"Acc\u00e9der \u00e0 la cat\u00e9gorie de produits Cartouchi\u00e8res Carabine et Fusil\" href=\"https:\/\/riserva.it\/fr\/categories\/cartouchieres-carabine-et-fusil\/\"><img loading=\"lazy\" decoding=\"async\" src=\"https:\/\/riserva.it\/wp-content\/uploads\/2025\/06\/R1767_Cartuccera-copia-2028-1.jpg\" alt=\"Cartouchi\u00e8res Carabine et Fusil\" width=\"800\" height=\"800\" \/>\t\t<h2 class=\"woocommerce-loop-category__title\">\r\n\t\t\tCartouchi\u00e8res Carabine et Fusil <mark class=\"count\">(10)<\/mark>\t\t<\/h2>\r\n\t\t<\/a><\/li>\r\n<li class=\"product-category product last\">\r\n\t<a aria-label=\"Acc\u00e9der \u00e0 la cat\u00e9gorie de produits Casquettes et bonnets\" href=\"https:\/\/riserva.it\/fr\/categories\/casquettes-et-bonnets\/\"><img loading=\"lazy\" decoding=\"async\" src=\"https:\/\/riserva.it\/wp-content\/uploads\/2025\/06\/1609-133-1.jpg\" alt=\"Casquettes et bonnets\" width=\"800\" height=\"800\" \/>\t\t<h2 class=\"woocommerce-loop-category__title\">\r\n\t\t\tCasquettes et bonnets <mark class=\"count\">(12)<\/mark>\t\t<\/h2>\r\n\t\t<\/a><\/li>\r\n<li class=\"product-category product first\">\r\n\t<a aria-label=\"Acc\u00e9der \u00e0 la cat\u00e9gorie de produits Collections et gift card\" href=\"https:\/\/riserva.it\/fr\/categories\/collections-fr\/\"><img loading=\"lazy\" decoding=\"async\" src=\"https:\/\/riserva.it\/wp-content\/uploads\/2025\/06\/R2283L_Ghetta-2736-1.jpg\" alt=\"Collections et gift card\" width=\"800\" height=\"800\" \/>\t\t<h2 class=\"woocommerce-loop-category__title\">\r\n\t\t\tCollections et gift card <mark class=\"count\">(40)<\/mark>\t\t<\/h2>\r\n\t\t<\/a><\/li>\r\n<li class=\"product-category product\">\r\n\t<a aria-label=\"Acc\u00e9der \u00e0 la cat\u00e9gorie de produits \u00c9pauli\u00e8res\" href=\"https:\/\/riserva.it\/fr\/categories\/epaulieres\/\"><img loading=\"lazy\" decoding=\"async\" src=\"https:\/\/riserva.it\/wp-content\/uploads\/2025\/06\/R-2259_1-2600-1.jpg\" alt=\"\u00c9pauli\u00e8res\" width=\"800\" height=\"800\" \/>\t\t<h2 class=\"woocommerce-loop-category__title\">\r\n\t\t\t\u00c9pauli\u00e8res <mark class=\"count\">(4)<\/mark>\t\t<\/h2>\r\n\t\t<\/a><\/li>\r\n<li class=\"product-category product\">\r\n\t<a aria-label=\"Acc\u00e9der \u00e0 la cat\u00e9gorie de produits \u00c9tuis, Prot\u00e8ge-lunettes &amp; Prot\u00e8ge-point rouge\" href=\"https:\/\/riserva.it\/fr\/categories\/etuis-protege-lunettes-protege-point-rouge\/\"><img loading=\"lazy\" decoding=\"async\" src=\"https:\/\/riserva.it\/wp-content\/uploads\/2025\/06\/R2101L_Guaina-copricannocchiale_02-1811-3.jpg\" alt=\"\u00c9tuis, Prot\u00e8ge-lunettes &amp; Prot\u00e8ge-point rouge\" width=\"800\" height=\"800\" \/>\t\t<h2 class=\"woocommerce-loop-category__title\">\r\n\t\t\t\u00c9tuis, Prot\u00e8ge-lunettes &amp; Prot\u00e8ge-point rouge <mark class=\"count\">(9)<\/mark>\t\t<\/h2>\r\n\t\t<\/a><\/li>\r\n<li class=\"product-category product last\">\r\n\t<a aria-label=\"Acc\u00e9der \u00e0 la cat\u00e9gorie de produits Fourreaux Carabine et Fusil\" href=\"https:\/\/riserva.it\/fr\/categories\/fourreaux-carabine-et-fusil\/\"><img loading=\"lazy\" decoding=\"async\" src=\"https:\/\/riserva.it\/wp-content\/uploads\/2025\/06\/R1322_0169-2164-1.jpg\" alt=\"Fourreaux Carabine et Fusil\" width=\"800\" height=\"800\" \/>\t\t<h2 class=\"woocommerce-loop-category__title\">\r\n\t\t\tFourreaux Carabine et Fusil <mark class=\"count\">(11)<\/mark>\t\t<\/h2>\r\n\t\t<\/a><\/li>\r\n<li class=\"product-category product first\">\r\n\t<a aria-label=\"Acc\u00e9der \u00e0 la cat\u00e9gorie de produits Gants et \u00e9charpes\" href=\"https:\/\/riserva.it\/fr\/categories\/gants-et-echarpes\/\"><img loading=\"lazy\" decoding=\"async\" src=\"https:\/\/riserva.it\/wp-content\/uploads\/2025\/06\/9035-1154-1.jpg\" alt=\"Gants et \u00e9charpes\" width=\"800\" height=\"800\" \/>\t\t<h2 class=\"woocommerce-loop-category__title\">\r\n\t\t\tGants et \u00e9charpes <mark class=\"count\">(6)<\/mark>\t\t<\/h2>\r\n\t\t<\/a><\/li>\r\n<li class=\"product-category product\">\r\n\t<a aria-label=\"Acc\u00e9der \u00e0 la cat\u00e9gorie de produits Gilets de Chasse\" href=\"https:\/\/riserva.it\/fr\/categories\/gilets-de-chasse\/\"><img loading=\"lazy\" decoding=\"async\" src=\"https:\/\/riserva.it\/wp-content\/uploads\/2025\/06\/R1835-B-2727-2.jpg\" alt=\"Gilets de Chasse\" width=\"800\" height=\"800\" \/>\t\t<h2 class=\"woocommerce-loop-category__title\">\r\n\t\t\tGilets de Chasse <mark class=\"count\">(21)<\/mark>\t\t<\/h2>\r\n\t\t<\/a><\/li>\r\n<li class=\"product-category product\">\r\n\t<a aria-label=\"Acc\u00e9der \u00e0 la cat\u00e9gorie de produits Gu\u00eatres et Jambi\u00e8res\" href=\"https:\/\/riserva.it\/fr\/categories\/guetres-et-jambieres\/\"><img loading=\"lazy\" decoding=\"async\" src=\"https:\/\/riserva.it\/wp-content\/uploads\/2025\/06\/R-2256-xL_0474-2888-1.jpg\" alt=\"Gu\u00eatres et Jambi\u00e8res\" width=\"800\" height=\"800\" \/>\t\t<h2 class=\"woocommerce-loop-category__title\">\r\n\t\t\tGu\u00eatres et Jambi\u00e8res <mark class=\"count\">(11)<\/mark>\t\t<\/h2>\r\n\t\t<\/a><\/li>\r\n<li class=\"product-category product last\">\r\n\t<a aria-label=\"Acc\u00e9der \u00e0 la cat\u00e9gorie de produits Pochette \u00e0 balles et cartouches\" href=\"https:\/\/riserva.it\/fr\/categories\/pochette-a-balles-et-cartouches\/\"><img loading=\"lazy\" decoding=\"async\" src=\"https:\/\/riserva.it\/wp-content\/uploads\/2025\/06\/R3032_Portacolpi-2163-1.jpg\" alt=\"Pochette \u00e0 balles et cartouches\" width=\"800\" height=\"800\" \/>\t\t<h2 class=\"woocommerce-loop-category__title\">\r\n\t\t\tPochette \u00e0 balles et cartouches <mark class=\"count\">(31)<\/mark>\t\t<\/h2>\r\n\t\t<\/a><\/li>\r\n<li class=\"product-category product first\">\r\n\t<a aria-label=\"Acc\u00e9der \u00e0 la cat\u00e9gorie de produits Porte permis de chasse\" href=\"https:\/\/riserva.it\/fr\/categories\/porte-permis-de-chasse\/\"><img loading=\"lazy\" decoding=\"async\" src=\"https:\/\/riserva.it\/wp-content\/uploads\/2025\/07\/R6129sBEC.jpg\" alt=\"Porte permis de chasse\" width=\"800\" height=\"800\" \/>\t\t<h2 class=\"woocommerce-loop-category__title\">\r\n\t\t\tPorte permis de chasse <mark class=\"count\">(7)<\/mark>\t\t<\/h2>\r\n\t\t<\/a><\/li>\r\n<li class=\"product-category product\">\r\n\t<a aria-label=\"Acc\u00e9der \u00e0 la cat\u00e9gorie de produits Sacs \u00e0 dos et sacs\" href=\"https:\/\/riserva.it\/fr\/categories\/sacs-a-dos-et-sacs\/\"><img loading=\"lazy\" decoding=\"async\" src=\"https:\/\/riserva.it\/wp-content\/uploads\/2025\/05\/Categoria-ZAINI-1.jpg\" alt=\"Sacs \u00e0 dos et sacs\" width=\"800\" height=\"800\" \/>\t\t<h2 class=\"woocommerce-loop-category__title\">\r\n\t\t\tSacs \u00e0 dos et sacs <mark class=\"count\">(16)<\/mark>\t\t<\/h2>\r\n\t\t<\/a><\/li>\r\n\r\n\t<\/ul>\r\n<\/div><\/div>\t\t\t\t<\/div>\r\n\t\t\t\t<\/div>\r\n\t\t\t\t<\/div>\r\n\t\t\t\t<\/div>\r\n\t\t","protected":false},"excerpt":{"rendered":"","protected":false},"author":1,"featured_media":0,"parent":0,"menu_order":0,"comment_status":"closed","ping_status":"closed","template":"elementor_header_footer","meta":{"footnotes":""},"class_list":["post-17415","page","type-page","status-publish","hentry"],"_links":{"self":[{"href":"https:\/\/riserva.it\/fr\/wp-json\/wp\/v2\/pages\/17415","targetHints":{"allow":["GET"]}}],"collection":[{"href":"https:\/\/riserva.it\/fr\/wp-json\/wp\/v2\/pages"}],"about":[{"href":"https:\/\/riserva.it\/fr\/wp-json\/wp\/v2\/types\/page"}],"author":[{"embeddable":true,"href":"https:\/\/riserva.it\/fr\/wp-json\/wp\/v2\/users\/1"}],"replies":[{"embeddable":true,"href":"https:\/\/riserva.it\/fr\/wp-json\/wp\/v2\/comments?post=17415"}],"version-history":[{"count":0,"href":"https:\/\/riserva.it\/fr\/wp-json\/wp\/v2\/pages\/17415\/revisions"}],"wp:attachment":[{"href":"https:\/\/riserva.it\/fr\/wp-json\/wp\/v2\/media?parent=17415"}],"curies":[{"name":"wp","href":"https:\/\/api.w.org\/{rel}","templated":true}]}}