{"id":13648,"date":"2022-07-12T10:18:21","date_gmt":"2022-07-12T08:18:21","guid":{"rendered":"https:\/\/www.riserva.it\/contatti\/"},"modified":"2025-09-24T16:41:00","modified_gmt":"2025-09-24T14:41:00","slug":"contacts","status":"publish","type":"page","link":"https:\/\/riserva.it\/fr\/contacts\/","title":{"rendered":"Contacts"},"content":{"rendered":"\t\t<div data-elementor-type=\"wp-page\" data-elementor-id=\"13648\" class=\"elementor elementor-13648 elementor-15\" data-elementor-post-type=\"page\">\r\n\t\t\t\t<div class=\"elementor-element elementor-element-2765eee e-flex e-con-boxed e-con e-parent\" data-id=\"2765eee\" data-element_type=\"container\" data-settings=\"{&quot;background_background&quot;:&quot;classic&quot;}\">\r\n\t\t\t\t\t<div class=\"e-con-inner\">\r\n\t\t\t\t<div class=\"elementor-element elementor-element-2ca13c1 elementor-widget elementor-widget-woocommerce-breadcrumb\" data-id=\"2ca13c1\" data-element_type=\"widget\" data-widget_type=\"woocommerce-breadcrumb.default\">\r\n\t\t\t\t<div class=\"elementor-widget-container\">\r\n\t\t\t\t\t<nav class=\"woocommerce-breadcrumb\" aria-label=\"Breadcrumb\">Accueil<\/nav>\t\t\t\t<\/div>\r\n\t\t\t\t<\/div>\r\n\t\t\t\t\t<\/div>\r\n\t\t\t\t<\/div>\r\n\t\t<div class=\"elementor-element elementor-element-94a1518 e-flex e-con-boxed e-con e-parent\" data-id=\"94a1518\" data-element_type=\"container\" data-settings=\"{&quot;background_background&quot;:&quot;classic&quot;}\">\r\n\t\t\t\t\t<div class=\"e-con-inner\">\r\n\t\t\t\t<div class=\"elementor-element elementor-element-cc3bc83 elementor-widget__width-inherit elementor-widget elementor-widget-image\" data-id=\"cc3bc83\" data-element_type=\"widget\" data-widget_type=\"image.default\">\r\n\t\t\t\t<div class=\"elementor-widget-container\">\r\n\t\t\t\t\t\t\t\t\t\t\t\t\t\t\t<img fetchpriority=\"high\" decoding=\"async\" width=\"709\" height=\"709\" src=\"https:\/\/riserva.it\/wp-content\/uploads\/2025\/05\/LOGO_Riserva-bianco.png\" class=\"attachment-large size-large wp-image-1549\" alt=\"\" \/>\t\t\t\t\t\t\t\t\t\t\t\t\t\t\t<\/div>\r\n\t\t\t\t<\/div>\r\n\t\t<div class=\"elementor-element elementor-element-371f4ac e-con-full e-flex e-con e-child\" data-id=\"371f4ac\" data-element_type=\"container\">\r\n\t\t\t\t<div class=\"elementor-element elementor-element-bbeef21 elementor-widget__width-initial elementor-widget-tablet__width-initial elementor-widget-mobile__width-initial elementor-widget elementor-widget-heading\" data-id=\"bbeef21\" data-element_type=\"widget\" data-widget_type=\"heading.default\">\r\n\t\t\t\t<div class=\"elementor-widget-container\">\r\n\t\t\t\t\t<h3 class=\"elementor-heading-title elementor-size-default\">Besoin d\u2019informations ?  <span style=\"color:#b7b17b\"> \u00c9crivez-nous ou appelez-nous.<\/span><\/h3>\t\t\t\t<\/div>\r\n\t\t\t\t<\/div>\r\n\t\t\t\t<\/div>\r\n\t\t<div class=\"elementor-element elementor-element-9844239 e-con-full e-flex e-con e-child\" data-id=\"9844239\" data-element_type=\"container\">\r\n\t\t\t\t<div class=\"elementor-element elementor-element-b37ad35 elementor-widget elementor-widget-heading\" data-id=\"b37ad35\" data-element_type=\"widget\" data-widget_type=\"heading.default\">\r\n\t\t\t\t<div class=\"elementor-widget-container\">\r\n\t\t\t\t\t<h2 class=\"elementor-heading-title elementor-size-default\"><a href=\"tel:+39042355352\">+39 0423 55352<\/a><\/h2>\t\t\t\t<\/div>\r\n\t\t\t\t<\/div>\r\n\t\t\t\t<div class=\"elementor-element elementor-element-1985c20 elementor-widget elementor-widget-heading\" data-id=\"1985c20\" data-element_type=\"widget\" data-widget_type=\"heading.default\">\r\n\t\t\t\t<div class=\"elementor-widget-container\">\r\n\t\t\t\t\t<div class=\"elementor-heading-title elementor-size-default\"><a href=\"mailto:info@riserva.it\">info@riserva.it<\/a><\/div>\t\t\t\t<\/div>\r\n\t\t\t\t<\/div>\r\n\t\t\t\t<\/div>\r\n\t\t<div class=\"elementor-element elementor-element-f216ce2 e-con-full e-flex e-con e-child\" data-id=\"f216ce2\" data-element_type=\"container\" data-settings=\"{&quot;background_background&quot;:&quot;classic&quot;}\">\r\n\t\t<div class=\"elementor-element elementor-element-bf63f94 e-con-full e-flex e-con e-child\" data-id=\"bf63f94\" data-element_type=\"container\">\r\n\t\t\t\t<div class=\"elementor-element elementor-element-2e3bb88 elementor-widget elementor-widget-heading\" data-id=\"2e3bb88\" data-element_type=\"widget\" data-widget_type=\"heading.default\">\r\n\t\t\t\t<div class=\"elementor-widget-container\">\r\n\t\t\t\t\t<h4 class=\"elementor-heading-title elementor-size-default\">O\u00f9 nous trouver<\/h4>\t\t\t\t<\/div>\r\n\t\t\t\t<\/div>\r\n\t\t\t\t<div class=\"elementor-element elementor-element-3fff9f4 elementor-position-left elementor-mobile-position-left elementor-vertical-align-middle elementor-view-default elementor-widget elementor-widget-icon-box\" data-id=\"3fff9f4\" data-element_type=\"widget\" data-widget_type=\"icon-box.default\">\r\n\t\t\t\t<div class=\"elementor-widget-container\">\r\n\t\t\t\t\t\t\t<div class=\"elementor-icon-box-wrapper\">\r\n\r\n\t\t\t\t\t\t<div class=\"elementor-icon-box-icon\">\r\n\t\t\t\t<span  class=\"elementor-icon\">\r\n\t\t\t\t<i aria-hidden=\"true\" class=\"phl phlight-map-pin-line\"><\/i>\t\t\t\t<\/span>\r\n\t\t\t<\/div>\r\n\t\t\t\r\n\t\t\t\t\t\t<div class=\"elementor-icon-box-content\">\r\n\r\n\t\t\t\t\t\t\t\t\t<h5 class=\"elementor-icon-box-title\">\r\n\t\t\t\t\t\t<span  >\r\n\t\t\t\t\t\t\tAdresse\t\t\t\t\t\t<\/span>\r\n\t\t\t\t\t<\/h5>\r\n\t\t\t\t\r\n\t\t\t\t\t\t\t\t\t<p class=\"elementor-icon-box-description\">\r\n\t\t\t\t\t\tVia Artigianato, 1<br>\n31011 Asolo (TV) - Italy\t\t\t\t\t<\/p>\r\n\t\t\t\t\r\n\t\t\t<\/div>\r\n\t\t\t\r\n\t\t<\/div>\r\n\t\t\t\t\t\t<\/div>\r\n\t\t\t\t<\/div>\r\n\t\t\t\t<div class=\"elementor-element elementor-element-afc6acb elementor-position-left elementor-mobile-position-left elementor-vertical-align-middle elementor-view-default elementor-widget elementor-widget-icon-box\" data-id=\"afc6acb\" data-element_type=\"widget\" data-widget_type=\"icon-box.default\">\r\n\t\t\t\t<div class=\"elementor-widget-container\">\r\n\t\t\t\t\t\t\t<div class=\"elementor-icon-box-wrapper\">\r\n\r\n\t\t\t\t\t\t<div class=\"elementor-icon-box-icon\">\r\n\t\t\t\t<a href=\"mailto:info@riserva.it\" class=\"elementor-icon\" tabindex=\"-1\" aria-label=\"E-mail\">\r\n\t\t\t\t<i aria-hidden=\"true\" class=\"xlwpf wppb-font-envelop-open\"><\/i>\t\t\t\t<\/a>\r\n\t\t\t<\/div>\r\n\t\t\t\r\n\t\t\t\t\t\t<div class=\"elementor-icon-box-content\">\r\n\r\n\t\t\t\t\t\t\t\t\t<h5 class=\"elementor-icon-box-title\">\r\n\t\t\t\t\t\t<a href=\"mailto:info@riserva.it\" >\r\n\t\t\t\t\t\t\tE-mail\t\t\t\t\t\t<\/a>\r\n\t\t\t\t\t<\/h5>\r\n\t\t\t\t\r\n\t\t\t\t\t\t\t\t\t<p class=\"elementor-icon-box-description\">\r\n\t\t\t\t\t\tinfo@riserva.it\t\t\t\t\t<\/p>\r\n\t\t\t\t\r\n\t\t\t<\/div>\r\n\t\t\t\r\n\t\t<\/div>\r\n\t\t\t\t\t\t<\/div>\r\n\t\t\t\t<\/div>\r\n\t\t\t\t<div class=\"elementor-element elementor-element-2e58321 elementor-position-left elementor-mobile-position-left elementor-vertical-align-middle elementor-view-default elementor-widget elementor-widget-icon-box\" data-id=\"2e58321\" data-element_type=\"widget\" data-widget_type=\"icon-box.default\">\r\n\t\t\t\t<div class=\"elementor-widget-container\">\r\n\t\t\t\t\t\t\t<div class=\"elementor-icon-box-wrapper\">\r\n\r\n\t\t\t\t\t\t<div class=\"elementor-icon-box-icon\">\r\n\t\t\t\t<a href=\"tel:+39042355352\" class=\"elementor-icon\" tabindex=\"-1\" aria-label=\"T\u00e9l\u00e9phone\">\r\n\t\t\t\t<i aria-hidden=\"true\" class=\"xlwpf wppb-font-smartphone-alt\"><\/i>\t\t\t\t<\/a>\r\n\t\t\t<\/div>\r\n\t\t\t\r\n\t\t\t\t\t\t<div class=\"elementor-icon-box-content\">\r\n\r\n\t\t\t\t\t\t\t\t\t<h5 class=\"elementor-icon-box-title\">\r\n\t\t\t\t\t\t<a href=\"tel:+39042355352\" >\r\n\t\t\t\t\t\t\tT\u00e9l\u00e9phone\t\t\t\t\t\t<\/a>\r\n\t\t\t\t\t<\/h5>\r\n\t\t\t\t\r\n\t\t\t\t\t\t\t\t\t<p class=\"elementor-icon-box-description\">\r\n\t\t\t\t\t\t+39 0423 55352\t\t\t\t\t<\/p>\r\n\t\t\t\t\r\n\t\t\t<\/div>\r\n\t\t\t\r\n\t\t<\/div>\r\n\t\t\t\t\t\t<\/div>\r\n\t\t\t\t<\/div>\r\n\t\t<div class=\"elementor-element elementor-element-14a089a e-con-full e-flex e-con e-child\" data-id=\"14a089a\" data-element_type=\"container\">\r\n\t\t\t\t<div class=\"elementor-element elementor-element-a2c25b1 elementor-widget elementor-widget-heading\" data-id=\"a2c25b1\" data-element_type=\"widget\" data-widget_type=\"heading.default\">\r\n\t\t\t\t<div class=\"elementor-widget-container\">\r\n\t\t\t\t\t<h6 class=\"elementor-heading-title elementor-size-default\">Suivez-nous sur:<\/h6>\t\t\t\t<\/div>\r\n\t\t\t\t<\/div>\r\n\t\t\t\t<div class=\"elementor-element elementor-element-c308fee elementor-shape-square e-grid-align-left elementor-widget__width-auto e-grid-align-mobile-center elementor-grid-0 elementor-widget elementor-widget-social-icons\" data-id=\"c308fee\" data-element_type=\"widget\" data-widget_type=\"social-icons.default\">\r\n\t\t\t\t<div class=\"elementor-widget-container\">\r\n\t\t\t\t\t\t\t<div class=\"elementor-social-icons-wrapper elementor-grid\" role=\"list\">\r\n\t\t\t\t\t\t\t<span class=\"elementor-grid-item\" role=\"listitem\">\r\n\t\t\t\t\t<a class=\"elementor-icon elementor-social-icon elementor-social-icon-facebook elementor-repeater-item-a0a877b\" href=\"https:\/\/www.facebook.com\/riserva.it\/\" target=\"_blank\">\r\n\t\t\t\t\t\t<span class=\"elementor-screen-only\">Facebook<\/span>\r\n\t\t\t\t\t\t<i class=\"fab fa-facebook\"><\/i>\t\t\t\t\t<\/a>\r\n\t\t\t\t<\/span>\r\n\t\t\t\t\t\t\t<span class=\"elementor-grid-item\" role=\"listitem\">\r\n\t\t\t\t\t<a class=\"elementor-icon elementor-social-icon elementor-social-icon-instagram elementor-repeater-item-63f8753\" href=\"https:\/\/www.instagram.com\/riservaofficial\/\" target=\"_blank\" rel=\"noopener\">\r\n\t\t\t\t\t\t<span class=\"elementor-screen-only\">Instagram<\/span>\r\n\t\t\t\t\t\t<i class=\"fab fa-instagram\"><\/i>\t\t\t\t\t<\/a>\r\n\t\t\t\t<\/span>\r\n\t\t\t\t\t\t\t<span class=\"elementor-grid-item\" role=\"listitem\">\r\n\t\t\t\t\t<a class=\"elementor-icon elementor-social-icon elementor-social-icon-youtube elementor-repeater-item-2869bc8\" href=\"https:\/\/www.youtube.com\/channel\/UC1OyV9DQUghim4vI4u8Bihw\" target=\"_blank\" rel=\"noopener\">\r\n\t\t\t\t\t\t<span class=\"elementor-screen-only\">Youtube<\/span>\r\n\t\t\t\t\t\t<i class=\"fab fa-youtube\"><\/i>\t\t\t\t\t<\/a>\r\n\t\t\t\t<\/span>\r\n\t\t\t\t\t<\/div>\r\n\t\t\t\t\t\t<\/div>\r\n\t\t\t\t<\/div>\r\n\t\t\t\t<\/div>\r\n\t\t\t\t<\/div>\r\n\t\t<div class=\"elementor-element elementor-element-85bf09b e-con-full e-flex e-con e-child\" data-id=\"85bf09b\" data-element_type=\"container\">\r\n\t\t\t\t<div class=\"elementor-element elementor-element-86f9f5a elementor-widget elementor-widget-heading\" data-id=\"86f9f5a\" data-element_type=\"widget\" data-widget_type=\"heading.default\">\r\n\t\t\t\t<div class=\"elementor-widget-container\">\r\n\t\t\t\t\t<h4 class=\"elementor-heading-title elementor-size-default\">Remplissez le formulaire et envoyez-le.<\/h4>\t\t\t\t<\/div>\r\n\t\t\t\t<\/div>\r\n\t\t\t\t<div class=\"elementor-element elementor-element-d6a3498 elementor-button-align-start elementor-widget elementor-widget-form\" data-id=\"d6a3498\" data-element_type=\"widget\" data-settings=\"{&quot;step_next_label&quot;:&quot;Successivo&quot;,&quot;step_previous_label&quot;:&quot;Precedente&quot;,&quot;button_width&quot;:&quot;100&quot;,&quot;step_type&quot;:&quot;number_text&quot;,&quot;step_icon_shape&quot;:&quot;circle&quot;}\" data-widget_type=\"form.default\">\r\n\t\t\t\t<div class=\"elementor-widget-container\">\r\n\t\t\t\t\t\t\t<form class=\"elementor-form\" method=\"post\" name=\"Nuovo modulo\" aria-label=\"Nuovo modulo\" novalidate=\"\">\r\n\t\t\t<input type=\"hidden\" name=\"post_id\" value=\"13648\"\/>\r\n\t\t\t<input type=\"hidden\" name=\"form_id\" value=\"d6a3498\"\/>\r\n\t\t\t<input type=\"hidden\" name=\"referer_title\" value=\"\" \/>\r\n\r\n\t\t\t\r\n\t\t\t<div class=\"elementor-form-fields-wrapper elementor-labels-\">\r\n\t\t\t\t\t\t\t\t<div class=\"elementor-field-type-text elementor-field-group elementor-column elementor-field-group-name elementor-col-100 elementor-field-required\">\r\n\t\t\t\t\t\t\t\t\t\t\t\t<label for=\"form-field-name\" class=\"elementor-field-label elementor-screen-only\">\r\n\t\t\t\t\t\t\t\tNom et pr\u00e9nom\t\t\t\t\t\t\t<\/label>\r\n\t\t\t\t\t\t\t\t\t\t\t\t\t\t<input size=\"1\" type=\"text\" name=\"form_fields[name]\" id=\"form-field-name\" class=\"elementor-field elementor-size-sm  elementor-field-textual\" placeholder=\"Nom et pr\u00e9nom\" required=\"required\">\r\n\t\t\t\t\t\t\t\t\t\t\t<\/div>\r\n\t\t\t\t\t\t\t\t<div class=\"elementor-field-type-text elementor-field-group elementor-column elementor-field-group-email elementor-col-100 elementor-field-required\">\r\n\t\t\t\t\t\t\t\t\t\t\t\t<label for=\"form-field-email\" class=\"elementor-field-label elementor-screen-only\">\r\n\t\t\t\t\t\t\t\tT\u00e9l\u00e9phone\t\t\t\t\t\t\t<\/label>\r\n\t\t\t\t\t\t\t\t\t\t\t\t\t\t<input size=\"1\" type=\"text\" name=\"form_fields[email]\" id=\"form-field-email\" class=\"elementor-field elementor-size-sm  elementor-field-textual\" placeholder=\"T\u00e9l\u00e9phone\" required=\"required\">\r\n\t\t\t\t\t\t\t\t\t\t\t<\/div>\r\n\t\t\t\t\t\t\t\t<div class=\"elementor-field-type-email elementor-field-group elementor-column elementor-field-group-field_41bf76c elementor-col-100 elementor-field-required\">\r\n\t\t\t\t\t\t\t\t\t\t\t\t<label for=\"form-field-field_41bf76c\" class=\"elementor-field-label elementor-screen-only\">\r\n\t\t\t\t\t\t\t\tEmail\t\t\t\t\t\t\t<\/label>\r\n\t\t\t\t\t\t\t\t\t\t\t\t\t\t<input size=\"1\" type=\"email\" name=\"form_fields[field_41bf76c]\" id=\"form-field-field_41bf76c\" class=\"elementor-field elementor-size-sm  elementor-field-textual\" placeholder=\"Email\" required=\"required\">\r\n\t\t\t\t\t\t\t\t\t\t\t<\/div>\r\n\t\t\t\t\t\t\t\t<div class=\"elementor-field-type-textarea elementor-field-group elementor-column elementor-field-group-message elementor-col-100 elementor-field-required\">\r\n\t\t\t\t\t\t\t\t\t\t\t\t<label for=\"form-field-message\" class=\"elementor-field-label elementor-screen-only\">\r\n\t\t\t\t\t\t\t\tMessaggio\t\t\t\t\t\t\t<\/label>\r\n\t\t\t\t\t\t<textarea class=\"elementor-field-textual elementor-field  elementor-size-sm\" name=\"form_fields[message]\" id=\"form-field-message\" rows=\"5\" placeholder=\"\u00c9crivez un message\u2026\" required=\"required\"><\/textarea>\t\t\t\t<\/div>\r\n\t\t\t\t\t\t\t\t<div class=\"elementor-field-type-recaptcha_v3 elementor-field-group elementor-column elementor-field-group-field_f3c0365 elementor-col-100 recaptcha_v3-bottomleft\">\r\n\t\t\t\t\t<div class=\"elementor-field\" id=\"form-field-field_f3c0365\"><div class=\"elementor-g-recaptcha\" data-sitekey=\"6Lc-szIpAAAAACzoIM_sfbuwRveGl45QSm3gKFcJ\" data-type=\"v3\" data-action=\"Form\" data-badge=\"bottomleft\" data-size=\"invisible\"><\/div><\/div>\t\t\t\t<\/div>\r\n\t\t\t\t\t\t\t\t<div class=\"elementor-field-type-acceptance elementor-field-group elementor-column elementor-field-group-field_bd39875 elementor-col-100 elementor-field-required\">\r\n\t\t\t\t\t\t\t\t\t\t\t\t<label for=\"form-field-field_bd39875\" class=\"elementor-field-label elementor-screen-only\">\r\n\t\t\t\t\t\t\t\tAccettazione\t\t\t\t\t\t\t<\/label>\r\n\t\t\t\t\t\t\t\t<div class=\"elementor-field-subgroup\">\r\n\t\t\t<span class=\"elementor-field-option\">\r\n\t\t\t\t<input type=\"checkbox\" name=\"form_fields[field_bd39875]\" id=\"form-field-field_bd39875\" class=\"elementor-field elementor-size-sm  elementor-acceptance-field\" required=\"required\">\r\n\t\t\t\t<label for=\"form-field-field_bd39875\">Je consens \u00e0 l\u2019enregistrement et au traitement de mes donn\u00e9es personnelles conform\u00e9ment au\n<a href=\"https:\/\/www.riserva.it\/fr\/privacy-policy\/\" target=\"_blank\">R\u00e8glement europ\u00e9en 679\/2016<\/a> sur la protection des donn\u00e9es personnelles.<\/label>\t\t\t<\/span>\r\n\t\t<\/div>\r\n\t\t\t\t\t\t<\/div>\r\n\t\t\t\t\t\t\t\t<div class=\"elementor-field-group elementor-column elementor-field-type-submit elementor-col-100 e-form__buttons\">\r\n\t\t\t\t\t<button class=\"elementor-button elementor-size-sm\" type=\"submit\">\r\n\t\t\t\t\t\t<span class=\"elementor-button-content-wrapper\">\r\n\t\t\t\t\t\t\t\t\t\t\t\t\t\t\t\t\t\t\t\t\t\t<span class=\"elementor-button-text\">Envoyer le message<\/span>\r\n\t\t\t\t\t\t\t\t\t\t\t\t\t<\/span>\r\n\t\t\t\t\t<\/button>\r\n\t\t\t\t<\/div>\r\n\t\t\t<\/div>\r\n\t\t<\/form>\r\n\t\t\t\t\t\t<\/div>\r\n\t\t\t\t<\/div>\r\n\t\t\t\t<\/div>\r\n\t\t\t\t<\/div>\r\n\t\t\t\t\t<\/div>\r\n\t\t\t\t<\/div>\r\n\t\t<div class=\"elementor-element elementor-element-28430fa e-con-full e-flex e-con e-parent\" data-id=\"28430fa\" data-element_type=\"container\">\r\n\t\t\t\t<div class=\"elementor-element elementor-element-082ed1b elementor-widget elementor-widget-google_maps\" data-id=\"082ed1b\" data-element_type=\"widget\" data-widget_type=\"google_maps.default\">\r\n\t\t\t\t<div class=\"elementor-widget-container\">\r\n\t\t\t\t\t\t\t<div class=\"elementor-custom-embed\">\r\n\t\t\t<iframe loading=\"lazy\"\r\n\t\t\t\t\tsrc=\"https:\/\/maps.google.com\/maps?q=Riserva%20srl&#038;t=m&#038;z=13&#038;output=embed&#038;iwloc=near\"\r\n\t\t\t\t\ttitle=\"Riserva srl\"\r\n\t\t\t\t\taria-label=\"Riserva srl\"\r\n\t\t\t><\/iframe>\r\n\t\t<\/div>\r\n\t\t\t\t\t\t<\/div>\r\n\t\t\t\t<\/div>\r\n\t\t\t\t<\/div>\r\n\t\t\t\t<\/div>\r\n\t\t","protected":false},"excerpt":{"rendered":"<p>Besoin d\u2019informations ? \u00c9crivez-nous ou appelez-nous. +39 0423 55352 info@riserva.it O\u00f9 nous trouver Adresse Via Artigianato, 1 31011 Asolo (TV) &#8211; Italy E-mail info@riserva.it T\u00e9l\u00e9phone +39<span class=\"excerpt-hellip\"> [\u2026]<\/span><\/p>\n","protected":false},"author":1,"featured_media":0,"parent":0,"menu_order":0,"comment_status":"open","ping_status":"closed","template":"elementor_header_footer","meta":{"footnotes":""},"class_list":["post-13648","page","type-page","status-publish","hentry"],"_links":{"self":[{"href":"https:\/\/riserva.it\/fr\/wp-json\/wp\/v2\/pages\/13648","targetHints":{"allow":["GET"]}}],"collection":[{"href":"https:\/\/riserva.it\/fr\/wp-json\/wp\/v2\/pages"}],"about":[{"href":"https:\/\/riserva.it\/fr\/wp-json\/wp\/v2\/types\/page"}],"author":[{"embeddable":true,"href":"https:\/\/riserva.it\/fr\/wp-json\/wp\/v2\/users\/1"}],"replies":[{"embeddable":true,"href":"https:\/\/riserva.it\/fr\/wp-json\/wp\/v2\/comments?post=13648"}],"version-history":[{"count":3,"href":"https:\/\/riserva.it\/fr\/wp-json\/wp\/v2\/pages\/13648\/revisions"}],"predecessor-version":[{"id":18571,"href":"https:\/\/riserva.it\/fr\/wp-json\/wp\/v2\/pages\/13648\/revisions\/18571"}],"wp:attachment":[{"href":"https:\/\/riserva.it\/fr\/wp-json\/wp\/v2\/media?parent=13648"}],"curies":[{"name":"wp","href":"https:\/\/api.w.org\/{rel}","templated":true}]}}