{"id":13645,"date":"2025-05-15T15:47:39","date_gmt":"2025-05-15T13:47:39","guid":{"rendered":"https:\/\/www.riserva.it\/cookie\/"},"modified":"2025-07-08T10:45:47","modified_gmt":"2025-07-08T08:45:47","slug":"cookie","status":"publish","type":"page","link":"https:\/\/riserva.it\/fr\/cookie\/","title":{"rendered":"Cookie"},"content":{"rendered":"\t\t<div data-elementor-type=\"wp-page\" data-elementor-id=\"13645\" class=\"elementor elementor-13645 elementor-350\" data-elementor-post-type=\"page\">\r\n\t\t\t\t<div class=\"elementor-element elementor-element-8d50d77 e-flex e-con-boxed e-con e-parent\" data-id=\"8d50d77\" data-element_type=\"container\">\r\n\t\t\t\t\t<div class=\"e-con-inner\">\r\n\t\t\t\t<div class=\"elementor-element elementor-element-fbad27e elementor-widget elementor-widget-woocommerce-breadcrumb\" data-id=\"fbad27e\" data-element_type=\"widget\" data-widget_type=\"woocommerce-breadcrumb.default\">\r\n\t\t\t\t<div class=\"elementor-widget-container\">\r\n\t\t\t\t\t<nav class=\"woocommerce-breadcrumb\" aria-label=\"Breadcrumb\">Accueil<\/nav>\t\t\t\t<\/div>\r\n\t\t\t\t<\/div>\r\n\t\t\t\t<div class=\"elementor-element elementor-element-3c90168 elementor-widget elementor-widget-text-editor\" data-id=\"3c90168\" data-element_type=\"widget\" data-widget_type=\"text-editor.default\">\r\n\t\t\t\t<div class=\"elementor-widget-container\">\r\n\t\t\t\t\t\t\t\t\t<p>Effective Date: 20-Mar-2024<br>Last Updated: 20-Mar-2024<\/p>\n<h5>What are cookies?<\/h5>\n<div class=\"cookie-policy-p\">\n<p>This Cookie Policy explains what cookies are and how we use them, the types of cookies we use i.e, the information we collect using cookies and how that information is used, and how to manage the cookie settings.<\/p>\n<p>Cookies are small text files that are used to store small pieces of information. They are stored on your device when the website is loaded on your browser. These cookies help us make the website function properly, make it more secure, provide better user experience, and understand how the website performs and to analyze what works and where it needs improvement.<\/p><\/div>\n<h5>How do we use cookies?<\/h5>\n<div class=\"cookie-policy-p\">\n<p>As most of the online services, our website uses first-party and third-party cookies for several purposes. First-party cookies are mostly necessary for the website to function the right way, and they do not collect any of your personally identifiable data.<\/p>\n<p>The third-party cookies used on our website are mainly for understanding how the website performs, how you interact with our website, keeping our services secure, providing advertisements that are relevant to you, and all in all providing you with a better and improved user experience and help speed up your future interactions with our website.<\/p><\/div>\n<h5>Types of Cookies we use<\/h5>\n<div class=\"cky-audit-table-element\">\n<h3>N\u00e9cessaire<\/h3>\n<div class=\"cky-category-des\">\n<p>Les cookies n\u00e9cessaires sont cruciaux pour les fonctions de base du site Web et celui-ci ne fonctionnera pas comme pr\u00e9vu sans eux.Ces cookies ne stockent aucune donn\u00e9e personnellement identifiable.<\/p>\n<\/div>\n<div class=\"cky-table-wrapper\">\n<table class=\"cky-cookie-audit-table\">\n<thead>\n<tr>\n<th>Cookie<\/th>\n<th>dur\u00e9e<\/th>\n<th>la description<\/th>\n<\/tr>\n<\/thead>\n<tbody>\n<tr>\n<td>PrivacyUsaCookieAnalytics<\/td>\n<td>1 an<\/td>\n<td>Description is currently not available.<\/td>\n<\/tr>\n<tr>\n<td>PrivacyUsaCookieTecnici<\/td>\n<td>1 an<\/td>\n<td>Description is currently not available.<\/td>\n<\/tr>\n<tr>\n<td>PHPSESSID<\/td>\n<td>session<\/td>\n<td>Ce t\u00e9moin est natif des applications PHP. Le t\u00e9moin stocke et identifie un identifiant de session unique d\u2019un utilisateur afin de g\u00e9rer les sessions d\u2019utilisateurs sur le site Internet. Ce t\u00e9moin est un t\u00e9moin de session et sera supprim\u00e9 lorsque toutes les fen\u00eatres du navigateur seront ferm\u00e9es.<\/td>\n<\/tr>\n<tr>\n<td>SessioneSitoGetfast<\/td>\n<td>1 an<\/td>\n<td>Description is currently not available.<\/td>\n<\/tr>\n<\/tbody>\n<\/table>\n<\/div>\n<h3>Analytique<\/h3>\n<div class=\"cky-category-des\">\n<p>Les cookies analytiques sont utilis\u00e9s pour comprendre comment les visiteurs interagissent avec le site Web. Ces cookies aident \u00e0 fournir des informations sur le nombre de visiteurs, le taux de rebond, la source de trafic, etc.<\/p>\n<\/div>\n<div class=\"cky-table-wrapper\">\n<table class=\"cky-cookie-audit-table\">\n<thead>\n<tr>\n<th>Cookie<\/th>\n<th>dur\u00e9e<\/th>\n<th>la description<\/th>\n<\/tr>\n<\/thead>\n<tbody>\n<tr>\n<td>_gcl_au<\/td>\n<td>3 mois<\/td>\n<td>Google Tag Manager place le t\u00e9moin pour exp\u00e9rimenter l\u2019efficacit\u00e9 publicitaire des sites web utilisant leurs services.<\/td>\n<\/tr>\n<\/tbody>\n<\/table>\n<\/div>\n<h3>Performance<\/h3>\n<div class=\"cky-category-des\">\n<p>Les cookies de performance sont utilis\u00e9s pour comprendre et analyser les indices de performance cl\u00e9s du site Web, ce qui permet de fournir une meilleure exp\u00e9rience utilisateur aux visiteurs.<\/p>\n<\/div>\n<div class=\"cky-table-wrapper\">\n<table class=\"cky-cookie-audit-table\">\n<thead>\n<tr>\n<th>Cookie<\/th>\n<th>dur\u00e9e<\/th>\n<th>la description<\/th>\n<\/tr>\n<\/thead>\n<tbody>\n<tr>\n<td>__utma<\/td>\n<td>1 an 1 mois 4 jour<\/td>\n<td>Google Analytics d\u00e9finit ce cookie pour distinguer les utilisateurs et les sessions. Le cookie est cr\u00e9\u00e9 lorsque la biblioth\u00e8que JavaScript s&#8217;ex\u00e9cute et qu&#8217;il n&#8217;y a pas de cookies __utma existants. Le cookie est mis \u00e0 jour chaque fois que des donn\u00e9es sont envoy\u00e9es \u00e0 Google Analytics.<\/td>\n<\/tr>\n<tr>\n<td>__utmb<\/td>\n<td>1 heure<\/td>\n<td>Google Analytics d\u00e9finit ce cookie pour d\u00e9terminer les nouvelles sessions\/visites. Le cookie __utmb est cr\u00e9\u00e9 lorsque la biblioth\u00e8que JavaScript s&#8217;ex\u00e9cute et qu&#8217;il n&#8217;y a pas de cookies __utma existants. Il est mis \u00e0 jour chaque fois que des donn\u00e9es sont envoy\u00e9es \u00e0 Google Analytics.<\/td>\n<\/tr>\n<tr>\n<td>__utmc<\/td>\n<td>session<\/td>\n<td>Google Analytics d\u00e9finit ce cookie pour permettre l&#8217;interop\u00e9rabilit\u00e9 avec urchin.js, une ancienne version de Google Analytics. Il est utilis\u00e9 conjointement avec le cookie __utmb pour d\u00e9terminer les nouvelles sessions\/visites. Il est supprim\u00e9 lorsque l&#8217;utilisateur ferme le navigateur.<\/td>\n<\/tr>\n<tr>\n<td>__utmz<\/td>\n<td>6 mois<\/td>\n<td>Google Analytics d\u00e9finit ce cookie pour stocker la source de trafic ou la campagne par laquelle le visiteur a atteint le site.<\/td>\n<\/tr>\n<tr>\n<td>__utmt<\/td>\n<td>10 minute<\/td>\n<td>Google Analytics d\u00e9finit ce cookie pour inhiber le taux de requ\u00eate.<\/td>\n<\/tr>\n<\/tbody>\n<\/table>\n<\/div>\n<h3>Publicit\u00e9<\/h3>\n<div class=\"cky-category-des\">\n<p>Les cookies de publicit\u00e9 sont utilis\u00e9s pour fournir aux visiteurs des publicit\u00e9s personnalis\u00e9es bas\u00e9es sur les pages visit\u00e9es pr\u00e9c\u00e9demment et analyser l&#8217;efficacit\u00e9 de la campagne publicitaire.<\/p>\n<\/div>\n<div class=\"cky-table-wrapper\">\n<table class=\"cky-cookie-audit-table\">\n<thead>\n<tr>\n<th>Cookie<\/th>\n<th>dur\u00e9e<\/th>\n<th>la description<\/th>\n<\/tr>\n<\/thead>\n<tbody>\n<tr>\n<td>YSC<\/td>\n<td>session<\/td>\n<td>YouTube place ce t\u00e9moin pour suivre les vues des vid\u00e9os int\u00e9gr\u00e9es dans les pages YouTube.<\/td>\n<\/tr>\n<tr>\n<td>VISITOR_INFO1_LIVE<\/td>\n<td>6 mois<\/td>\n<td>YouTube utilise ce t\u00e9moin pour mesurer la bande passante et d\u00e9terminer si l\u2019utilisateur obtient la nouvelle ou l\u2019ancienne interface du lecteur.<\/td>\n<\/tr>\n<tr>\n<td>test_cookie<\/td>\n<td>16 minute<\/td>\n<td>doubleclick.net place ce t\u00e9moin pour d\u00e9terminer si le navigateur de l\u2019utilisateur accepte les t\u00e9moins.<\/td>\n<\/tr>\n<tr>\n<td>VISITOR_PRIVACY_METADATA<\/td>\n<td>6 mois<\/td>\n<td>YouTube sets this cookie to store the user&#8217;s cookie consent state for the current domain.<\/td>\n<\/tr>\n<tr>\n<td>yt.innertube::requests<\/td>\n<td>jamais<\/td>\n<td>YouTube utilise ce t\u00e9moin pour enregistrer un identifiant unique afin de stocker des donn\u00e9es sur les vid\u00e9os de YouTube que l\u2019utilisateur a vues.<\/td>\n<\/tr>\n<tr>\n<td>yt.innertube::nextId<\/td>\n<td>jamais<\/td>\n<td>YouTube utilise ce t\u00e9moin pour enregistrer un identifiant unique afin de stocker des donn\u00e9es sur les vid\u00e9os de YouTube que l\u2019utilisateur a vues.<\/td>\n<\/tr>\n<tr>\n<td>yt-remote-device-id<\/td>\n<td>jamais<\/td>\n<td>YouTube utilise ce t\u00e9moin pour enregistrer les pr\u00e9f\u00e9rences de l\u2019utilisateur en mati\u00e8re de vid\u00e9o lorsque des vid\u00e9os YouTube sont int\u00e9gr\u00e9es.<\/td>\n<\/tr>\n<tr>\n<td>yt-remote-connected-devices<\/td>\n<td>jamais<\/td>\n<td>YouTube utilise ce t\u00e9moin pour enregistrer les pr\u00e9f\u00e9rences de l\u2019utilisateur en mati\u00e8re de vid\u00e9o lorsque des vid\u00e9os YouTube sont int\u00e9gr\u00e9es.<\/td>\n<\/tr>\n<\/tbody>\n<\/table>\n<\/div>\n<\/div>\n<h3>&nbsp;<\/h3>\n<h5>Manage cookie preferences<\/h5>\n<h3><a class=\"cky-banner-element\">Cookie Settings<\/a><\/h3>\n<div>\n<p>You can change your cookie preferences any time by clicking the above button. This will let you revisit the cookie consent banner and change your preferences or withdraw your consent right away.<\/p>\n<p>In addition to this, different browsers provide different methods to block and delete cookies used by websites. You can change the settings of your browser to block\/delete the cookies. Listed below are the links to the support documents on how to manage and delete cookies from the major web browsers.<\/p>\n<p>Chrome:&nbsp;<a href=\"https:\/\/support.google.com\/accounts\/answer\/32050\" target=\"_blank\" rel=\"noopener\">https:\/\/support.google.com\/accounts\/answer\/32050<\/a><\/p>\n<p>Safari:&nbsp;<a href=\"https:\/\/support.apple.com\/en-in\/guide\/safari\/sfri11471\/mac\" target=\"_blank\" rel=\"noopener\">https:\/\/support.apple.com\/en-in\/guide\/safari\/sfri11471\/mac<\/a><\/p>\n<p>Firefox:&nbsp;<a href=\"https:\/\/support.mozilla.org\/en-US\/kb\/clear-cookies-and-site-data-firefox?redirectslug=delete-cookies-remove-info-websites-stored&amp;redirectlocale=en-US\" target=\"_blank\" rel=\"noopener\">https:\/\/support.mozilla.org\/en-US\/kb\/clear-cookies-and-site-data-firefox?redirectslug=delete-cookies-remove-info-websites-stored&amp;redirectlocale=en-US<\/a><\/p>\n<p>Internet Explorer:&nbsp;<a href=\"https:\/\/support.microsoft.com\/en-us\/topic\/how-to-delete-cookie-files-in-internet-explorer-bca9446f-d873-78de-77ba-d42645fa52fc\" target=\"_blank\" rel=\"noopener\">https:\/\/support.microsoft.com\/en-us\/topic\/how-to-delete-cookie-files-in-internet-explorer-bca9446f-d873-78de-77ba-d42645fa52fc<\/a><\/p>\n<p>If you are using any other web browser, please visit your browser\u2019s official support documents.<\/p>\n<\/div>\n<h3>&nbsp;<\/h3>\n<p class=\"cookie-policy-p\">Cookie Policy Generated By&nbsp;<a href=\"https:\/\/www.cookieyes.com\/?utm_source=CP&amp;utm_medium=footer&amp;utm_campaign=UW\" target=\"_blank\" rel=\"noopener\">CookieYes &#8211; Cookie Policy Generator<\/a>.<\/p>\t\t\t\t\t\t\t\t<\/div>\r\n\t\t\t\t<\/div>\r\n\t\t\t\t\t<\/div>\r\n\t\t\t\t<\/div>\r\n\t\t\t\t<\/div>\r\n\t\t","protected":false},"excerpt":{"rendered":"<p>Effective Date: 20-Mar-2024Last Updated: 20-Mar-2024 What are cookies? This Cookie Policy explains what cookies are and how we use them, the types of cookies we use<span class=\"excerpt-hellip\"> [\u2026]<\/span><\/p>\n","protected":false},"author":1,"featured_media":0,"parent":0,"menu_order":0,"comment_status":"closed","ping_status":"closed","template":"elementor_header_footer","meta":{"footnotes":""},"class_list":["post-13645","page","type-page","status-publish","hentry"],"_links":{"self":[{"href":"https:\/\/riserva.it\/fr\/wp-json\/wp\/v2\/pages\/13645","targetHints":{"allow":["GET"]}}],"collection":[{"href":"https:\/\/riserva.it\/fr\/wp-json\/wp\/v2\/pages"}],"about":[{"href":"https:\/\/riserva.it\/fr\/wp-json\/wp\/v2\/types\/page"}],"author":[{"embeddable":true,"href":"https:\/\/riserva.it\/fr\/wp-json\/wp\/v2\/users\/1"}],"replies":[{"embeddable":true,"href":"https:\/\/riserva.it\/fr\/wp-json\/wp\/v2\/comments?post=13645"}],"version-history":[{"count":0,"href":"https:\/\/riserva.it\/fr\/wp-json\/wp\/v2\/pages\/13645\/revisions"}],"wp:attachment":[{"href":"https:\/\/riserva.it\/fr\/wp-json\/wp\/v2\/media?parent=13645"}],"curies":[{"name":"wp","href":"https:\/\/api.w.org\/{rel}","templated":true}]}}