{"id":13577,"date":"2025-05-15T16:57:05","date_gmt":"2025-05-15T14:57:05","guid":{"rendered":"https:\/\/www.riserva.it\/spedizioni\/"},"modified":"2025-07-07T16:50:12","modified_gmt":"2025-07-07T14:50:12","slug":"conditions-de-livraison","status":"publish","type":"page","link":"https:\/\/riserva.it\/fr\/conditions-de-livraison\/","title":{"rendered":"Conditions de livraison"},"content":{"rendered":"\t\t<div data-elementor-type=\"wp-page\" data-elementor-id=\"13577\" class=\"elementor elementor-13577 elementor-372\" data-elementor-post-type=\"page\">\r\n\t\t\t\t<div class=\"elementor-element elementor-element-0402c77 e-flex e-con-boxed e-con e-parent\" data-id=\"0402c77\" data-element_type=\"container\">\r\n\t\t\t\t\t<div class=\"e-con-inner\">\r\n\t\t<div class=\"elementor-element elementor-element-172602c e-con-full e-flex e-con e-child\" data-id=\"172602c\" data-element_type=\"container\">\r\n\t\t\t\t<div class=\"elementor-element elementor-element-f998bda elementor-widget elementor-widget-woocommerce-breadcrumb\" data-id=\"f998bda\" data-element_type=\"widget\" data-widget_type=\"woocommerce-breadcrumb.default\">\r\n\t\t\t\t<div class=\"elementor-widget-container\">\r\n\t\t\t\t\t<nav class=\"woocommerce-breadcrumb\" aria-label=\"Breadcrumb\">Accueil<\/nav>\t\t\t\t<\/div>\r\n\t\t\t\t<\/div>\r\n\t\t\t\t<\/div>\r\n\t\t\t\t<div class=\"elementor-element elementor-element-204c8e9 elementor-widget__width-initial elementor-widget elementor-widget-heading\" data-id=\"204c8e9\" data-element_type=\"widget\" data-widget_type=\"heading.default\">\r\n\t\t\t\t<div class=\"elementor-widget-container\">\r\n\t\t\t\t\t<h4 class=\"elementor-heading-title elementor-size-default\">Ces conditions de livraison sont appliqu\u00e9es aux commandes avec le site d\u2019exp\u00e9ditions dans les pays suivants:<\/h4>\t\t\t\t<\/div>\r\n\t\t\t\t<\/div>\r\n\t\t<div class=\"elementor-element elementor-element-c0317c3 e-con-full e-flex e-con e-child\" data-id=\"c0317c3\" data-element_type=\"container\">\r\n\t\t\t\t<div class=\"elementor-element elementor-element-6405fa3 elementor-widget__width-initial elementor-icon-list--layout-traditional elementor-list-item-link-full_width elementor-widget elementor-widget-icon-list\" data-id=\"6405fa3\" data-element_type=\"widget\" data-widget_type=\"icon-list.default\">\r\n\t\t\t\t<div class=\"elementor-widget-container\">\r\n\t\t\t\t\t\t\t<ul class=\"elementor-icon-list-items\">\r\n\t\t\t\t\t\t\t<li class=\"elementor-icon-list-item\">\r\n\t\t\t\t\t\t\t\t\t\t<span class=\"elementor-icon-list-text\">Allemande<\/span>\r\n\t\t\t\t\t\t\t\t\t<\/li>\r\n\t\t\t\t\t\t\t\t<li class=\"elementor-icon-list-item\">\r\n\t\t\t\t\t\t\t\t\t\t<span class=\"elementor-icon-list-text\">Bulgarie<\/span>\r\n\t\t\t\t\t\t\t\t\t<\/li>\r\n\t\t\t\t\t\t\t\t<li class=\"elementor-icon-list-item\">\r\n\t\t\t\t\t\t\t\t\t\t<span class=\"elementor-icon-list-text\">R\u00e9publique Tch\u00e8que<\/span>\r\n\t\t\t\t\t\t\t\t\t<\/li>\r\n\t\t\t\t\t\t\t\t<li class=\"elementor-icon-list-item\">\r\n\t\t\t\t\t\t\t\t\t\t<span class=\"elementor-icon-list-text\">Danemark<\/span>\r\n\t\t\t\t\t\t\t\t\t<\/li>\r\n\t\t\t\t\t\t\t\t<li class=\"elementor-icon-list-item\">\r\n\t\t\t\t\t\t\t\t\t\t<span class=\"elementor-icon-list-text\">Estonie<\/span>\r\n\t\t\t\t\t\t\t\t\t<\/li>\r\n\t\t\t\t\t\t\t\t<li class=\"elementor-icon-list-item\">\r\n\t\t\t\t\t\t\t\t\t\t<span class=\"elementor-icon-list-text\">Finlande<\/span>\r\n\t\t\t\t\t\t\t\t\t<\/li>\r\n\t\t\t\t\t\t\t\t<li class=\"elementor-icon-list-item\">\r\n\t\t\t\t\t\t\t\t\t\t<span class=\"elementor-icon-list-text\">France<\/span>\r\n\t\t\t\t\t\t\t\t\t<\/li>\r\n\t\t\t\t\t\t\t\t<li class=\"elementor-icon-list-item\">\r\n\t\t\t\t\t\t\t\t\t\t<span class=\"elementor-icon-list-text\">Allemagne<\/span>\r\n\t\t\t\t\t\t\t\t\t<\/li>\r\n\t\t\t\t\t\t\t\t<li class=\"elementor-icon-list-item\">\r\n\t\t\t\t\t\t\t\t\t\t<span class=\"elementor-icon-list-text\">Irlande<\/span>\r\n\t\t\t\t\t\t\t\t\t<\/li>\r\n\t\t\t\t\t\t<\/ul>\r\n\t\t\t\t\t\t<\/div>\r\n\t\t\t\t<\/div>\r\n\t\t\t\t<div class=\"elementor-element elementor-element-bc25fec elementor-widget__width-initial elementor-icon-list--layout-traditional elementor-list-item-link-full_width elementor-widget elementor-widget-icon-list\" data-id=\"bc25fec\" data-element_type=\"widget\" data-widget_type=\"icon-list.default\">\r\n\t\t\t\t<div class=\"elementor-widget-container\">\r\n\t\t\t\t\t\t\t<ul class=\"elementor-icon-list-items\">\r\n\t\t\t\t\t\t\t<li class=\"elementor-icon-list-item\">\r\n\t\t\t\t\t\t\t\t\t\t<span class=\"elementor-icon-list-text\">Lituanie<\/span>\r\n\t\t\t\t\t\t\t\t\t<\/li>\r\n\t\t\t\t\t\t\t\t<li class=\"elementor-icon-list-item\">\r\n\t\t\t\t\t\t\t\t\t\t<span class=\"elementor-icon-list-text\">Pologne<\/span>\r\n\t\t\t\t\t\t\t\t\t<\/li>\r\n\t\t\t\t\t\t\t\t<li class=\"elementor-icon-list-item\">\r\n\t\t\t\t\t\t\t\t\t\t<span class=\"elementor-icon-list-text\">Portugal<\/span>\r\n\t\t\t\t\t\t\t\t\t<\/li>\r\n\t\t\t\t\t\t\t\t<li class=\"elementor-icon-list-item\">\r\n\t\t\t\t\t\t\t\t\t\t<span class=\"elementor-icon-list-text\">Slov\u00e9nie<\/span>\r\n\t\t\t\t\t\t\t\t\t<\/li>\r\n\t\t\t\t\t\t\t\t<li class=\"elementor-icon-list-item\">\r\n\t\t\t\t\t\t\t\t\t\t<span class=\"elementor-icon-list-text\">Spagna<\/span>\r\n\t\t\t\t\t\t\t\t\t<\/li>\r\n\t\t\t\t\t\t\t\t<li class=\"elementor-icon-list-item\">\r\n\t\t\t\t\t\t\t\t\t\t<span class=\"elementor-icon-list-text\">Espagne<\/span>\r\n\t\t\t\t\t\t\t\t\t<\/li>\r\n\t\t\t\t\t\t\t\t<li class=\"elementor-icon-list-item\">\r\n\t\t\t\t\t\t\t\t\t\t<span class=\"elementor-icon-list-text\">Su\u00e8de<\/span>\r\n\t\t\t\t\t\t\t\t\t<\/li>\r\n\t\t\t\t\t\t\t\t<li class=\"elementor-icon-list-item\">\r\n\t\t\t\t\t\t\t\t\t\t<span class=\"elementor-icon-list-text\">Hongrie<\/span>\r\n\t\t\t\t\t\t\t\t\t<\/li>\r\n\t\t\t\t\t\t<\/ul>\r\n\t\t\t\t\t\t<\/div>\r\n\t\t\t\t<\/div>\r\n\t\t\t\t<div class=\"elementor-element elementor-element-4c8dc17 elementor-widget__width-initial elementor-widget-tablet__width-initial elementor-widget-mobile__width-inherit elementor-widget elementor-widget-text-editor\" data-id=\"4c8dc17\" data-element_type=\"widget\" data-widget_type=\"text-editor.default\">\r\n\t\t\t\t<div class=\"elementor-widget-container\">\r\n\t\t\t\t\t\t\t\t\t<p>Si vous souhaitez recevoir nos articles dans un pays, qui n\u2019est pas \u00e9crit dans cette liste, vous pouvez nous \u00e9crire un email \u00e0\u00a0<a href=\"mailto:info@riserva.it\">info@riserva.it<\/a>\u00a0et nous vous informons pour le co\u00fbt de la livraison.<\/p><p>Nous livraison g\u00e9n\u00e9ralement deux jours apr\u00e8s avoir re\u00e7u la commande e le paiement.<\/p><p>Le d\u00e9lai de livraison peut aller jusqu&#8217;\u00e0 7 jours ouvrables (lundi \u00e0 vendredi, except\u00e9 jours f\u00e9ri\u00e9s).\u00a0<\/p>\t\t\t\t\t\t\t\t<\/div>\r\n\t\t\t\t<\/div>\r\n\t\t\t\t<\/div>\r\n\t\t\t\t<div class=\"elementor-element elementor-element-006414f elementor-widget elementor-widget-text-editor\" data-id=\"006414f\" data-element_type=\"widget\" data-widget_type=\"text-editor.default\">\r\n\t\t\t\t<div class=\"elementor-widget-container\">\r\n\t\t\t\t\t\t\t\t\t<h4>Information pour le calcul de la date de livraison :<\/h4><p>En cas d&#8217;un paiement anticip\u00e9, le d\u00e9lai de livraison commence \u00e0 courir le jour apr\u00e8s envoi de l&#8217;ordre de paiement \u00e0 l&#8217;\u00e9tablissement bancaire qui effectue le virement, en cas d&#8217;autres modes de paiement, le jour apr\u00e8s conclusion du contrat et il prend fin \u00e0 l&#8217;expiration du dernier jour de ce d\u00e9lai. Si le dernier jour du d\u00e9lai est un samedi, dimanche ou un jour f\u00e9ri\u00e9 officiel sur le lieu de livraison, le d\u00e9lai est report\u00e9 au jour ouvrable suivant.<\/p>\t\t\t\t\t\t\t\t<\/div>\r\n\t\t\t\t<\/div>\r\n\t\t\t\t<div class=\"elementor-element elementor-element-851ec54 elementor-widget elementor-widget-text-editor\" data-id=\"851ec54\" data-element_type=\"widget\" data-widget_type=\"text-editor.default\">\r\n\t\t\t\t<div class=\"elementor-widget-container\">\r\n\t\t\t\t\t\t\t\t\t<h4>Livraison rapide et fiable<\/h4><p>Selon le pays de destination, votre commande sera exp\u00e9di\u00e9e avec les services de livraison ci-dessous :<\/p><p><strong>Fedex, DHL, Bartolini DPD<\/strong><\/p><p>Les frais de livraison \u00e9ventuels sont indiqu\u00e9s pour vous lors de la s\u00e9lection du produit et sont factur\u00e9s \u00e0 la fin de la commande en plus du prix des produits.<\/p><p>* Pour les clients en dehors de la Communaut\u00e9 europ\u00e9enne: le service des douanes de votre pays peut vous facturer des imp\u00f4ts \/ taxes d&#8217;importation. Ils ne sont pas inclus dans nos frais d&#8217;envoi ! Demandez aupr\u00e8s de votre bureau de douane sur le niveau de ces co\u00fbts, afin d&#8217;\u00e9viter les mauvaises surprises.<\/p>\t\t\t\t\t\t\t\t<\/div>\r\n\t\t\t\t<\/div>\r\n\t\t\t\t<div class=\"elementor-element elementor-element-db859e4 elementor-widget elementor-widget-text-editor\" data-id=\"db859e4\" data-element_type=\"widget\" data-widget_type=\"text-editor.default\">\r\n\t\t\t\t<div class=\"elementor-widget-container\">\r\n\t\t\t\t\t\t\t\t\t<h4>Retours<\/h4><p>Si pour une raison quelconque vous n&#8217;\u00eates pas satisfait de notre produit, vous pouvez simplement nous le retourner dans les 14 jours suivant la livraison. Le retour d&#8217;un produit se fait en quelques \u00e9tapes simples :<\/p><ul><li><strong>\u00c9tape 1<\/strong>: Envoyez un courrier \u00e9lectronique ou appelez-nous en d\u00e9crivant le motif du retour et l\u2019action propos\u00e9e. Peut-\u00eatre aimeriez-vous avoir une autre couleur, un produit, un remboursement ou un cr\u00e9dit lors de votre prochaine commande.<\/li><li><strong>\u00c9tape 2:<\/strong> Emballez correctement le produit en ajoutant votre nom et une copie ou un bref r\u00e9sum\u00e9 de notre communication dans la bo\u00eete (utile si un autre coll\u00e8gue s\u2019occupe du retour).<\/li><li><strong>\u00c9tape 3:<\/strong> Envoyez-le de pr\u00e9f\u00e9rence avec un service d&#8217;exp\u00e9dition assur\u00e9. Les frais d\u2019exp\u00e9dition sont \u00e0 votre charge, aussi choisissez-vous le service le plus abordable. En cas d&#8217;erreur ou de faute de produit de notre part, nous vous remboursons \u00e9galement vos frais d&#8217;exp\u00e9dition, mais uniquement si vous avez choisi le service le plus abordable dans votre pays (principalement un service postal r\u00e9gulier).<\/li><li><strong>\u00c9tape 4:<\/strong> Apr\u00e8s avoir re\u00e7u et v\u00e9rifi\u00e9 le produit, normalement nous remboursons le paiement total initial dans les 3 jours ouvrables. Sur la base du calendrier de communication du retour, vous serez rembours\u00e9 par la modalit\u00e9 que vous avez choisi au moment de l\u2019achat (PayPal o carte de cr\u00e9dit) ou par virement bancaire.<\/li><\/ul>\t\t\t\t\t\t\t\t<\/div>\r\n\t\t\t\t<\/div>\r\n\t\t\t\t<div class=\"elementor-element elementor-element-82ccb08 elementor-widget elementor-widget-text-editor\" data-id=\"82ccb08\" data-element_type=\"widget\" data-widget_type=\"text-editor.default\">\r\n\t\t\t\t<div class=\"elementor-widget-container\">\r\n\t\t\t\t\t\t\t\t\t<h4>Paiement<\/h4><p>MasterCard, Visa, American Express paiement feront juste apr\u00e8s la conclusion de la commande par l&#8217;interm\u00e9diaire d&#8217;une connexion s\u00e9curis\u00e9e. Veuillez noter : Il est possible que l&#8217;\u00e9metteur de votre carte de cr\u00e9dit pr\u00e9l\u00e8ve des frais pour utilisation \u00e0 l&#8217;\u00e9tranger car notre si\u00e8ge social se trouve en Italie.<\/p><p>Le paiement PayPal se fera juste apr\u00e8s la conclusion de la commande par l&#8217;interm\u00e9diaire d&#8217;une connexion s\u00e9curis\u00e9e<strong>. <\/strong>Le virement bancaire est \u00e9galement possible mais la commande sera confirm\u00e9 si nous allons recevoir l&#8217;argent dans sept jours, sinon votre commande sera annul\u00e9e. Si vous d\u00e9sirer recevoir la facture, veuillez-vous faire la demande par e-mail au moment de l\u2019achat.<\/p>\t\t\t\t\t\t\t\t<\/div>\r\n\t\t\t\t<\/div>\r\n\t\t\t\t<div class=\"elementor-element elementor-element-01e744c elementor-widget elementor-widget-text-editor\" data-id=\"01e744c\" data-element_type=\"widget\" data-widget_type=\"text-editor.default\">\r\n\t\t\t\t<div class=\"elementor-widget-container\">\r\n\t\t\t\t\t\t\t\t\t<h4>Commande minimum<\/h4><p>Il n\u2019existe pas un minimum de commande, sauf pour Royaume Uni qui est de 160.00 \u20ac.<\/p><p>Si l&#8217;addresse de livraison est dans un pays europ\u00e9en afin de profiter de la livraison gratuite, il est demand\u00e9 un montant d\u2019au moins \u20ac 150.00<\/p>\t\t\t\t\t\t\t\t<\/div>\r\n\t\t\t\t<\/div>\r\n\t\t\t\t\t<\/div>\r\n\t\t\t\t<\/div>\r\n\t\t\t\t<\/div>\r\n\t\t","protected":false},"excerpt":{"rendered":"<p>Ces conditions de livraison sont appliqu\u00e9es aux commandes avec le site d\u2019exp\u00e9ditions dans les pays suivants: Allemande Bulgarie R\u00e9publique Tch\u00e8que Danemark Estonie Finlande France Allemagne Irlande<span class=\"excerpt-hellip\"> [\u2026]<\/span><\/p>\n","protected":false},"author":1,"featured_media":0,"parent":0,"menu_order":0,"comment_status":"closed","ping_status":"closed","template":"elementor_header_footer","meta":{"footnotes":""},"class_list":["post-13577","page","type-page","status-publish","hentry"],"_links":{"self":[{"href":"https:\/\/riserva.it\/fr\/wp-json\/wp\/v2\/pages\/13577","targetHints":{"allow":["GET"]}}],"collection":[{"href":"https:\/\/riserva.it\/fr\/wp-json\/wp\/v2\/pages"}],"about":[{"href":"https:\/\/riserva.it\/fr\/wp-json\/wp\/v2\/types\/page"}],"author":[{"embeddable":true,"href":"https:\/\/riserva.it\/fr\/wp-json\/wp\/v2\/users\/1"}],"replies":[{"embeddable":true,"href":"https:\/\/riserva.it\/fr\/wp-json\/wp\/v2\/comments?post=13577"}],"version-history":[{"count":0,"href":"https:\/\/riserva.it\/fr\/wp-json\/wp\/v2\/pages\/13577\/revisions"}],"wp:attachment":[{"href":"https:\/\/riserva.it\/fr\/wp-json\/wp\/v2\/media?parent=13577"}],"curies":[{"name":"wp","href":"https:\/\/api.w.org\/{rel}","templated":true}]}}