{"id":20582,"date":"2026-04-23T17:51:34","date_gmt":"2026-04-23T15:51:34","guid":{"rendered":"https:\/\/riserva.it\/?post_type=product&#038;p=20582"},"modified":"2026-04-23T17:56:01","modified_gmt":"2026-04-23T15:56:01","slug":"schwarze-neopren-schalldampferhulle-mit-rutschfester-innenseite-copia","status":"publish","type":"product","link":"https:\/\/riserva.it\/de\/prodotto\/schwarze-neopren-schalldampferhulle-mit-rutschfester-innenseite-copia\/","title":{"rendered":"Schwarze Neopren-Schalld\u00e4mpferh\u00fclle mit rutschfester Innenseite. (Copia)"},"content":{"rendered":"<p>Ein durch wiederholtes Abfeuern erhitzter Schalld\u00e4mpfer kann hohe Temperaturen erreichen und dadurch einen st\u00f6renden Flimmereffekt erzeugen, der das Zielen erschwert.<\/p>\n<p>Die H\u00fclle sollte um den Schalld\u00e4mpfer gelegt werden, um jederzeit ein klares Sichtfeld zu gew\u00e4hrleisten.<\/p>\n<p>&nbsp;<\/p>\n","protected":false},"excerpt":{"rendered":"<p>Ein durch wiederholtes Abfeuern erhitzter Schalld\u00e4mpfer kann hohe Temperaturen erreichen und dadurch einen st\u00f6renden Flimmereffekt erzeugen, der das Zielen erschwert. Die H\u00fclle sollte um den Schalld\u00e4mpfer<span class=\"excerpt-hellip\"> [\u2026]<\/span><\/p>\n","protected":false},"featured_media":20185,"comment_status":"open","ping_status":"closed","template":"","meta":[],"product_brand":[],"product_cat":[1040],"product_tag":[],"class_list":{"0":"post-20582","1":"product","2":"type-product","3":"status-publish","4":"has-post-thumbnail","6":"product_cat-taschen-zielfernrohrabdeckungen-rotpunktabdeckungen","8":"first","9":"instock","10":"taxable","11":"shipping-taxable","12":"purchasable","13":"product-type-variable"},"_links":{"self":[{"href":"https:\/\/riserva.it\/de\/wp-json\/wp\/v2\/product\/20582","targetHints":{"allow":["GET"]}}],"collection":[{"href":"https:\/\/riserva.it\/de\/wp-json\/wp\/v2\/product"}],"about":[{"href":"https:\/\/riserva.it\/de\/wp-json\/wp\/v2\/types\/product"}],"replies":[{"embeddable":true,"href":"https:\/\/riserva.it\/de\/wp-json\/wp\/v2\/comments?post=20582"}],"version-history":[{"count":1,"href":"https:\/\/riserva.it\/de\/wp-json\/wp\/v2\/product\/20582\/revisions"}],"predecessor-version":[{"id":20587,"href":"https:\/\/riserva.it\/de\/wp-json\/wp\/v2\/product\/20582\/revisions\/20587"}],"wp:featuredmedia":[{"embeddable":true,"href":"https:\/\/riserva.it\/de\/wp-json\/wp\/v2\/media\/20185"}],"wp:attachment":[{"href":"https:\/\/riserva.it\/de\/wp-json\/wp\/v2\/media?parent=20582"}],"wp:term":[{"taxonomy":"product_brand","embeddable":true,"href":"https:\/\/riserva.it\/de\/wp-json\/wp\/v2\/product_brand?post=20582"},{"taxonomy":"product_cat","embeddable":true,"href":"https:\/\/riserva.it\/de\/wp-json\/wp\/v2\/product_cat?post=20582"},{"taxonomy":"product_tag","embeddable":true,"href":"https:\/\/riserva.it\/de\/wp-json\/wp\/v2\/product_tag?post=20582"}],"curies":[{"name":"wp","href":"https:\/\/api.w.org\/{rel}","templated":true}]}}