{"id":20550,"date":"2026-04-23T17:16:36","date_gmt":"2026-04-23T15:16:36","guid":{"rendered":"https:\/\/riserva.it\/?post_type=product&#038;p=20550"},"modified":"2026-04-23T17:49:14","modified_gmt":"2026-04-23T15:49:14","slug":"gps-halterung-garmin-atemos-und-alpha-200-copia","status":"publish","type":"product","link":"https:\/\/riserva.it\/de\/prodotto\/gps-halterung-garmin-atemos-und-alpha-200-copia\/","title":{"rendered":"GPS-Tasche"},"content":{"rendered":"<p>GPS-Tasche, die es erm\u00f6glicht, das Handger\u00e4t schnell aus der Tasche zu nehmen. Ausgestattet mit einem Klettverschluss auf der R\u00fcckseite kann die Tasche an jeder Weste, jedem Rucksack oder Rucksack mit Schulterriemen befestigt werden.<br \/>\nDieses Zubeh\u00f6r ist ideal f\u00fcr die Jagd mit dem Hund sowohl in den Bergen als auch im Wald.<\/p>\n<p>Passend f\u00fcr die meistverkauften Modelle<\/p>\n","protected":false},"excerpt":{"rendered":"<p>GPS-Tasche, die es erm\u00f6glicht, das Handger\u00e4t schnell aus der Tasche zu nehmen. Ausgestattet mit einem Klettverschluss auf der R\u00fcckseite kann die Tasche an jeder Weste, jedem<span class=\"excerpt-hellip\"> [\u2026]<\/span><\/p>\n","protected":false},"featured_media":20559,"comment_status":"closed","ping_status":"closed","template":"","meta":[],"product_brand":[],"product_cat":[1001],"product_tag":[],"class_list":{"0":"post-20550","1":"product","2":"type-product","3":"status-publish","4":"has-post-thumbnail","6":"product_cat-jagdwesten","8":"first","9":"instock","10":"taxable","11":"shipping-taxable","12":"purchasable","13":"product-type-simple"},"_links":{"self":[{"href":"https:\/\/riserva.it\/de\/wp-json\/wp\/v2\/product\/20550","targetHints":{"allow":["GET"]}}],"collection":[{"href":"https:\/\/riserva.it\/de\/wp-json\/wp\/v2\/product"}],"about":[{"href":"https:\/\/riserva.it\/de\/wp-json\/wp\/v2\/types\/product"}],"replies":[{"embeddable":true,"href":"https:\/\/riserva.it\/de\/wp-json\/wp\/v2\/comments?post=20550"}],"version-history":[{"count":2,"href":"https:\/\/riserva.it\/de\/wp-json\/wp\/v2\/product\/20550\/revisions"}],"predecessor-version":[{"id":20570,"href":"https:\/\/riserva.it\/de\/wp-json\/wp\/v2\/product\/20550\/revisions\/20570"}],"wp:featuredmedia":[{"embeddable":true,"href":"https:\/\/riserva.it\/de\/wp-json\/wp\/v2\/media\/20559"}],"wp:attachment":[{"href":"https:\/\/riserva.it\/de\/wp-json\/wp\/v2\/media?parent=20550"}],"wp:term":[{"taxonomy":"product_brand","embeddable":true,"href":"https:\/\/riserva.it\/de\/wp-json\/wp\/v2\/product_brand?post=20550"},{"taxonomy":"product_cat","embeddable":true,"href":"https:\/\/riserva.it\/de\/wp-json\/wp\/v2\/product_cat?post=20550"},{"taxonomy":"product_tag","embeddable":true,"href":"https:\/\/riserva.it\/de\/wp-json\/wp\/v2\/product_tag?post=20550"}],"curies":[{"name":"wp","href":"https:\/\/api.w.org\/{rel}","templated":true}]}}