{"id":20533,"date":"2026-04-23T16:59:39","date_gmt":"2026-04-23T14:59:39","guid":{"rendered":"https:\/\/riserva.it\/?post_type=product&#038;p=20533"},"modified":"2026-04-23T17:13:10","modified_gmt":"2026-04-23T15:13:10","slug":"rucksack-30-l-copia","status":"publish","type":"product","link":"https:\/\/riserva.it\/de\/prodotto\/rucksack-30-l-copia\/","title":{"rendered":"Rucksack 30 L (Copia)"},"content":{"rendered":"<div>Technischer Jagdrucksack aus Cordura 30 Liter Fassungsverm\u00f6gen bei 1.80kg. Gewicht machen diesen Rucksack zum vielseitig verwendbaren Begleiter, nicht nur auf der Jagd.<\/div>\n<div>Hauptmerkmale:<\/div>\n<ul>\n<li>Waffentragesystem<\/li>\n<li>Neue R\u00fcckenkonstruktion, die f\u00fcr besten Tragekomfort und Ventilation im R\u00fcckenbereich sorgt<\/li>\n<li>R\u00fcckennetz bzw. -Lehne, gepolsterte und atmungsaktive Schulter- und Lendenriemen<\/li>\n<li>Die Innenseite ist komplett gef\u00fcttert<\/li>\n<li>2 Seitentaschen mit Rei\u00dfverschluss und gepolstertem Boden<\/li>\n<li>Gepolsterter H\u00fcftg\u00fcrtel und Schulterriemen<\/li>\n<li>Verstellbares R\u00fcckenteil<\/li>\n<li>Gepolsterter H\u00fcftg\u00fcrtel mit Luftl\u00f6chern, um eine bessere Luftzirkulation zu sorgen<\/li>\n<li>H\u00fcftg\u00fcrtel und Brustg\u00fcrtel mit Schnellregulierung<\/li>\n<li>Seitentasche f\u00fcr Spektiv cm.H\u00f6he 4X16X33 h<\/li>\n<li>Ausrollbare Gewehrtasche hinter der Fronttasche<\/li>\n<li>Integrierte Regenh\u00fclle<\/li>\n<li>mit\u00a0RECCO\u00ae-Technologie<\/li>\n<\/ul>\n<p>Bei einem Verlust im Freien oder bei einem Lawinenunfall sind Sie r\u00fcckverfolgbar mit der von Rettungsdienst.<br \/>\nMade in Vietnam<\/p>\n","protected":false},"excerpt":{"rendered":"<p>Technischer Jagdrucksack aus Cordura 30 Liter Fassungsverm\u00f6gen bei 1.80kg. Gewicht machen diesen Rucksack zum vielseitig verwendbaren Begleiter, nicht nur auf der Jagd. Hauptmerkmale: Waffentragesystem Neue R\u00fcckenkonstruktion,<span class=\"excerpt-hellip\"> [\u2026]<\/span><\/p>\n","protected":false},"featured_media":20539,"comment_status":"closed","ping_status":"closed","template":"","meta":[],"product_brand":[],"product_cat":[986],"product_tag":[],"class_list":{"0":"post-20533","1":"product","2":"type-product","3":"status-publish","4":"has-post-thumbnail","6":"product_cat-rucksaecke-und-taschen","8":"first","9":"onbackorder","10":"taxable","11":"shipping-taxable","12":"purchasable","13":"product-type-simple"},"_links":{"self":[{"href":"https:\/\/riserva.it\/de\/wp-json\/wp\/v2\/product\/20533","targetHints":{"allow":["GET"]}}],"collection":[{"href":"https:\/\/riserva.it\/de\/wp-json\/wp\/v2\/product"}],"about":[{"href":"https:\/\/riserva.it\/de\/wp-json\/wp\/v2\/types\/product"}],"replies":[{"embeddable":true,"href":"https:\/\/riserva.it\/de\/wp-json\/wp\/v2\/comments?post=20533"}],"version-history":[{"count":1,"href":"https:\/\/riserva.it\/de\/wp-json\/wp\/v2\/product\/20533\/revisions"}],"predecessor-version":[{"id":20544,"href":"https:\/\/riserva.it\/de\/wp-json\/wp\/v2\/product\/20533\/revisions\/20544"}],"wp:featuredmedia":[{"embeddable":true,"href":"https:\/\/riserva.it\/de\/wp-json\/wp\/v2\/media\/20539"}],"wp:attachment":[{"href":"https:\/\/riserva.it\/de\/wp-json\/wp\/v2\/media?parent=20533"}],"wp:term":[{"taxonomy":"product_brand","embeddable":true,"href":"https:\/\/riserva.it\/de\/wp-json\/wp\/v2\/product_brand?post=20533"},{"taxonomy":"product_cat","embeddable":true,"href":"https:\/\/riserva.it\/de\/wp-json\/wp\/v2\/product_cat?post=20533"},{"taxonomy":"product_tag","embeddable":true,"href":"https:\/\/riserva.it\/de\/wp-json\/wp\/v2\/product_tag?post=20533"}],"curies":[{"name":"wp","href":"https:\/\/api.w.org\/{rel}","templated":true}]}}