{"id":20517,"date":"2026-03-11T17:48:39","date_gmt":"2026-03-11T16:48:39","guid":{"rendered":"https:\/\/riserva.it\/?post_type=product&#038;p=20517"},"modified":"2026-04-22T18:00:58","modified_gmt":"2026-04-22T16:00:58","slug":"schwarze-neopren-schalldaempferhuelle","status":"publish","type":"product","link":"https:\/\/riserva.it\/de\/prodotto\/schwarze-neopren-schalldaempferhuelle\/","title":{"rendered":"Schwarze Neopren-Schalld\u00e4mpferh\u00fclle"},"content":{"rendered":"<pre id=\"tw-target-text\" class=\"tw-data-text tw-text-large tw-ta\" dir=\"ltr\" role=\"text\" data-placeholder=\"Traduzione\" data-ved=\"2ahUKEwjf8YrA1oGUAxVz0gIHHejDORAQ3ewLegQIDRAV\" aria-label=\"Testo tradotto: Schwarze Neopren-Schalld\u00e4mpferh\u00fclle mit rutschfester Innenseite.\r\n\r\nEin durch wiederholtes Abfeuern erhitzter Schalld\u00e4mpfer kann hohe Temperaturen erreichen und dadurch einen st\u00f6renden Flimmereffekt erzeugen, der das Zielen erschwert.\r\n\r\nDie H\u00fclle sollte um den Schalld\u00e4mpfer gelegt werden, um jederzeit ein klares Sichtfeld zu gew\u00e4hrleisten.\"><span class=\"Y2IQFc\" lang=\"de\">Schwarze Neopren-Schalld\u00e4mpferh\u00fclle mit rutschfester Innenseite.\r\n\r\nEin durch wiederholtes Abfeuern erhitzter Schalld\u00e4mpfer kann hohe Temperaturen erreichen und dadurch einen st\u00f6renden Flimmereffekt erzeugen, der das Zielen erschwert.\r\n\r\nDie H\u00fclle sollte um den Schalld\u00e4mpfer gelegt werden, um jederzeit ein klares Sichtfeld zu gew\u00e4hrleisten.<\/span><\/pre>\n","protected":false},"excerpt":{"rendered":"<p>Schwarze Neopren-Schalld\u00e4mpferh\u00fclle mit rutschfester Innenseite. Ein durch wiederholtes Abfeuern erhitzter Schalld\u00e4mpfer kann hohe Temperaturen erreichen und dadurch einen st\u00f6renden Flimmereffekt erzeugen, der das Zielen erschwert. Die<span class=\"excerpt-hellip\"> [\u2026]<\/span><\/p>\n","protected":false},"featured_media":20185,"comment_status":"open","ping_status":"closed","template":"","meta":[],"product_brand":[],"product_cat":[1040],"product_tag":[],"class_list":{"0":"post-20517","1":"product","2":"type-product","3":"status-publish","4":"has-post-thumbnail","6":"product_cat-taschen-zielfernrohrabdeckungen-rotpunktabdeckungen","8":"first","9":"outofstock","10":"taxable","11":"shipping-taxable","12":"purchasable","13":"product-type-variable"},"_links":{"self":[{"href":"https:\/\/riserva.it\/de\/wp-json\/wp\/v2\/product\/20517","targetHints":{"allow":["GET"]}}],"collection":[{"href":"https:\/\/riserva.it\/de\/wp-json\/wp\/v2\/product"}],"about":[{"href":"https:\/\/riserva.it\/de\/wp-json\/wp\/v2\/types\/product"}],"replies":[{"embeddable":true,"href":"https:\/\/riserva.it\/de\/wp-json\/wp\/v2\/comments?post=20517"}],"version-history":[{"count":1,"href":"https:\/\/riserva.it\/de\/wp-json\/wp\/v2\/product\/20517\/revisions"}],"predecessor-version":[{"id":20518,"href":"https:\/\/riserva.it\/de\/wp-json\/wp\/v2\/product\/20517\/revisions\/20518"}],"wp:featuredmedia":[{"embeddable":true,"href":"https:\/\/riserva.it\/de\/wp-json\/wp\/v2\/media\/20185"}],"wp:attachment":[{"href":"https:\/\/riserva.it\/de\/wp-json\/wp\/v2\/media?parent=20517"}],"wp:term":[{"taxonomy":"product_brand","embeddable":true,"href":"https:\/\/riserva.it\/de\/wp-json\/wp\/v2\/product_brand?post=20517"},{"taxonomy":"product_cat","embeddable":true,"href":"https:\/\/riserva.it\/de\/wp-json\/wp\/v2\/product_cat?post=20517"},{"taxonomy":"product_tag","embeddable":true,"href":"https:\/\/riserva.it\/de\/wp-json\/wp\/v2\/product_tag?post=20517"}],"curies":[{"name":"wp","href":"https:\/\/api.w.org\/{rel}","templated":true}]}}