{"id":20503,"date":"2026-03-11T10:42:14","date_gmt":"2026-03-11T09:42:14","guid":{"rendered":"https:\/\/riserva.it\/?post_type=product&#038;p=20503"},"modified":"2026-04-22T17:39:42","modified_gmt":"2026-04-22T15:39:42","slug":"kissen","status":"publish","type":"product","link":"https:\/\/riserva.it\/de\/prodotto\/kissen\/","title":{"rendered":"Kissen"},"content":{"rendered":"<pre id=\"tw-target-text\" class=\"tw-data-text tw-text-large tw-ta\" dir=\"ltr\" role=\"text\" data-placeholder=\"Traduzione\" data-ved=\"2ahUKEwjf8YrA1oGUAxVz0gIHHejDORAQ3ewLegQIDRAV\" aria-label=\"Testo tradotto: Das isolierende und faltbare Riserva-Kissen ist aus hochwertigem Steiner-Loden gefertigt und verf\u00fcgt \u00fcber eine rutschfeste PVC-Unterseite. Mit seinen Ma\u00dfen von 42 x 30 x 2 cm bietet es au\u00dfergew\u00f6hnlichen Komfort f\u00fcr Ihre Outdoor-Abenteuer und Jagdausfl\u00fcge. Dieses Accessoire ist ideal f\u00fcr alle, die Wert auf Funktionalit\u00e4t und Stil legen und gleichzeitig optimale W\u00e4rmeisolation gew\u00e4hrleisten m\u00f6chten. Perfekt f\u00fcr Ihre Ausfl\u00fcge: Das Kissen vereint Funktionalit\u00e4t und elegantes Design. Gesticktes Riserva-Logo\"><span class=\"Y2IQFc\" lang=\"de\">Das isolierende und faltbare Riserva-Kissen ist aus hochwertigem Steiner-Loden gefertigt und verf\u00fcgt \u00fcber eine rutschfeste PVC-Unterseite. Mit seinen Ma\u00dfen von 42 x 30 x 2 cm bietet es au\u00dfergew\u00f6hnlichen Komfort f\u00fcr Ihre Outdoor-Abenteuer und Jagdausfl\u00fcge.\r\n\r\nDieses Accessoire ist ideal f\u00fcr alle, die Wert auf Funktionalit\u00e4t und Stil legen und gleichzeitig optimale W\u00e4rmeisolation gew\u00e4hrleisten m\u00f6chten.\r\n\r\nPerfekt f\u00fcr Ihre Ausfl\u00fcge: Das Kissen vereint Funktionalit\u00e4t und elegantes Design.\r\n\r\nGesticktes Riserva-Logo<\/span><\/pre>\n","protected":false},"excerpt":{"rendered":"<p>Das isolierende und faltbare Riserva-Kissen ist aus hochwertigem Steiner-Loden gefertigt und verf\u00fcgt \u00fcber eine rutschfeste PVC-Unterseite. Mit seinen Ma\u00dfen von 42 x 30 x 2 cm<span class=\"excerpt-hellip\"> [\u2026]<\/span><\/p>\n","protected":false},"featured_media":20213,"comment_status":"open","ping_status":"closed","template":"","meta":[],"product_brand":[],"product_cat":[1004],"product_tag":[],"class_list":{"0":"post-20503","1":"product","2":"type-product","3":"status-publish","4":"has-post-thumbnail","6":"product_cat-jagdzubehoer","8":"first","9":"instock","10":"taxable","11":"shipping-taxable","12":"purchasable","13":"product-type-simple"},"_links":{"self":[{"href":"https:\/\/riserva.it\/de\/wp-json\/wp\/v2\/product\/20503","targetHints":{"allow":["GET"]}}],"collection":[{"href":"https:\/\/riserva.it\/de\/wp-json\/wp\/v2\/product"}],"about":[{"href":"https:\/\/riserva.it\/de\/wp-json\/wp\/v2\/types\/product"}],"replies":[{"embeddable":true,"href":"https:\/\/riserva.it\/de\/wp-json\/wp\/v2\/comments?post=20503"}],"version-history":[{"count":2,"href":"https:\/\/riserva.it\/de\/wp-json\/wp\/v2\/product\/20503\/revisions"}],"predecessor-version":[{"id":20505,"href":"https:\/\/riserva.it\/de\/wp-json\/wp\/v2\/product\/20503\/revisions\/20505"}],"wp:featuredmedia":[{"embeddable":true,"href":"https:\/\/riserva.it\/de\/wp-json\/wp\/v2\/media\/20213"}],"wp:attachment":[{"href":"https:\/\/riserva.it\/de\/wp-json\/wp\/v2\/media?parent=20503"}],"wp:term":[{"taxonomy":"product_brand","embeddable":true,"href":"https:\/\/riserva.it\/de\/wp-json\/wp\/v2\/product_brand?post=20503"},{"taxonomy":"product_cat","embeddable":true,"href":"https:\/\/riserva.it\/de\/wp-json\/wp\/v2\/product_cat?post=20503"},{"taxonomy":"product_tag","embeddable":true,"href":"https:\/\/riserva.it\/de\/wp-json\/wp\/v2\/product_tag?post=20503"}],"curies":[{"name":"wp","href":"https:\/\/api.w.org\/{rel}","templated":true}]}}