{"id":20395,"date":"2026-04-02T14:11:35","date_gmt":"2026-04-02T12:11:35","guid":{"rendered":"https:\/\/riserva.it\/?post_type=product&#038;p=20395"},"modified":"2026-04-24T15:38:19","modified_gmt":"2026-04-24T13:38:19","slug":"jagdrucksack-mit-fach-zur-wildbergung-und-gewehrmontage-copia-copia","status":"publish","type":"product","link":"https:\/\/riserva.it\/de\/prodotto\/jagdrucksack-mit-fach-zur-wildbergung-und-gewehrmontage-copia-copia\/","title":{"rendered":"Tasche f\u00fcr Gewehr"},"content":{"rendered":"<p>Zubeh\u00f6rset zum Tragen eines Gewehrs an Rucks\u00e4cken ohne separates Fach.<br \/>\nBesteht aus einer verstellbaren Tasche zur Befestigung an der Vorderseite und einem Riemen zur Stabilisierung des Laufs.<br \/>\nKompatibel mit den Rucks\u00e4cken RV1163 und R2265.<br \/>\nStickerei: Riserva-Logo.<br \/>\nEntworfen und hergestellt in Italien.<\/p>\n","protected":false},"excerpt":{"rendered":"<p>Zubeh\u00f6rset zum Tragen eines Gewehrs an Rucks\u00e4cken ohne separates Fach. Besteht aus einer verstellbaren Tasche zur Befestigung an der Vorderseite und einem Riemen zur Stabilisierung des<span class=\"excerpt-hellip\"> [\u2026]<\/span><\/p>\n","protected":false},"featured_media":20467,"comment_status":"closed","ping_status":"closed","template":"","meta":[],"product_brand":[],"product_cat":[1004],"product_tag":[],"class_list":{"0":"post-20395","1":"product","2":"type-product","3":"status-publish","4":"has-post-thumbnail","6":"product_cat-jagdzubehoer","8":"first","9":"instock","10":"taxable","11":"shipping-taxable","12":"purchasable","13":"product-type-simple"},"_links":{"self":[{"href":"https:\/\/riserva.it\/de\/wp-json\/wp\/v2\/product\/20395","targetHints":{"allow":["GET"]}}],"collection":[{"href":"https:\/\/riserva.it\/de\/wp-json\/wp\/v2\/product"}],"about":[{"href":"https:\/\/riserva.it\/de\/wp-json\/wp\/v2\/types\/product"}],"replies":[{"embeddable":true,"href":"https:\/\/riserva.it\/de\/wp-json\/wp\/v2\/comments?post=20395"}],"version-history":[{"count":6,"href":"https:\/\/riserva.it\/de\/wp-json\/wp\/v2\/product\/20395\/revisions"}],"predecessor-version":[{"id":20616,"href":"https:\/\/riserva.it\/de\/wp-json\/wp\/v2\/product\/20395\/revisions\/20616"}],"wp:featuredmedia":[{"embeddable":true,"href":"https:\/\/riserva.it\/de\/wp-json\/wp\/v2\/media\/20467"}],"wp:attachment":[{"href":"https:\/\/riserva.it\/de\/wp-json\/wp\/v2\/media?parent=20395"}],"wp:term":[{"taxonomy":"product_brand","embeddable":true,"href":"https:\/\/riserva.it\/de\/wp-json\/wp\/v2\/product_brand?post=20395"},{"taxonomy":"product_cat","embeddable":true,"href":"https:\/\/riserva.it\/de\/wp-json\/wp\/v2\/product_cat?post=20395"},{"taxonomy":"product_tag","embeddable":true,"href":"https:\/\/riserva.it\/de\/wp-json\/wp\/v2\/product_tag?post=20395"}],"curies":[{"name":"wp","href":"https:\/\/api.w.org\/{rel}","templated":true}]}}