{"id":17591,"date":"2023-08-01T10:00:00","date_gmt":"2023-08-01T08:00:00","guid":{"rendered":"https:\/\/www.riserva.it\/?post_type=product&#038;p=17591"},"modified":"2025-07-31T11:31:25","modified_gmt":"2025-07-31T09:31:25","slug":"jagdrucksack-l-25","status":"publish","type":"product","link":"https:\/\/riserva.it\/de\/prodotto\/jagdrucksack-l-25\/","title":{"rendered":"Jagdrucksack L 25"},"content":{"rendered":"<p>Kompakter Rucksack mit dem Sie das N\u00f6tigste f\u00fcr einen Tag zum Schlagen oder Wandern in den Bergen mitnehmen k\u00f6nnen.\u00a0Sein Fassungsverm\u00f6gen betr\u00e4gt 25 Liter, sein Design in nat\u00fcrlicher Cordura\u00a0und Putekverleiht ihm Best\u00e4ndigkeit und Haltbarkeit.<\/p>\n<p>Hauptmerkmale:<\/p>\n<ul>\n<li>Gro\u00dfe Haupttasche mit Rei\u00dfverschlusstasche und 2 kleinere Innentaschen f\u00fcr Ihre Dokumente.<\/li>\n<li>Eine Au\u00dfentasche enth\u00e4lt einen Netzbeutel, der ein oder zwei Waldschnepfen enthalten kann und an der Au\u00dfenseite des Beutels angebracht ist.<\/li>\n<li>Bequeme und atmungsaktive Schultergurte.\u00a0Mit zwei Spanngurten k\u00f6nnen Sie den Rucksack entsprechend Ihrer Kleidungsschicht anpassen.<\/li>\n<li>2 Netztaschen an den Seiten f\u00fcr Ihre\u00a0Trinkflasche\u00a0oder Ihr Zubeh\u00f6r<\/li>\n<li>Regenschutz inbegriffen<\/li>\n<li>mit\u00a0RECCO\u00ae-Technologie<\/li>\n<\/ul>\n<p>Bei einem Verlust im Freien oder bei einem Lawinenunfall sind Sie r\u00fcckverfolgbar mit der von Rettungsdienst.<br \/>\nMade in Vietnam<\/p>\n","protected":false},"excerpt":{"rendered":"<p>Kompakter Rucksack mit dem Sie das N\u00f6tigste f\u00fcr einen Tag zum Schlagen oder Wandern in den Bergen mitnehmen k\u00f6nnen.\u00a0Sein Fassungsverm\u00f6gen betr\u00e4gt 25 Liter, sein Design in<span class=\"excerpt-hellip\"> [\u2026]<\/span><\/p>\n","protected":false},"featured_media":4116,"comment_status":"closed","ping_status":"closed","template":"","meta":[],"product_brand":[],"product_cat":[986],"product_tag":[],"class_list":{"0":"post-17591","1":"product","2":"type-product","3":"status-publish","4":"has-post-thumbnail","6":"product_cat-rucksaecke-und-taschen","8":"first","9":"instock","10":"taxable","11":"shipping-taxable","12":"purchasable","13":"product-type-simple"},"_links":{"self":[{"href":"https:\/\/riserva.it\/de\/wp-json\/wp\/v2\/product\/17591","targetHints":{"allow":["GET"]}}],"collection":[{"href":"https:\/\/riserva.it\/de\/wp-json\/wp\/v2\/product"}],"about":[{"href":"https:\/\/riserva.it\/de\/wp-json\/wp\/v2\/types\/product"}],"replies":[{"embeddable":true,"href":"https:\/\/riserva.it\/de\/wp-json\/wp\/v2\/comments?post=17591"}],"version-history":[{"count":0,"href":"https:\/\/riserva.it\/de\/wp-json\/wp\/v2\/product\/17591\/revisions"}],"wp:featuredmedia":[{"embeddable":true,"href":"https:\/\/riserva.it\/de\/wp-json\/wp\/v2\/media\/4116"}],"wp:attachment":[{"href":"https:\/\/riserva.it\/de\/wp-json\/wp\/v2\/media?parent=17591"}],"wp:term":[{"taxonomy":"product_brand","embeddable":true,"href":"https:\/\/riserva.it\/de\/wp-json\/wp\/v2\/product_brand?post=17591"},{"taxonomy":"product_cat","embeddable":true,"href":"https:\/\/riserva.it\/de\/wp-json\/wp\/v2\/product_cat?post=17591"},{"taxonomy":"product_tag","embeddable":true,"href":"https:\/\/riserva.it\/de\/wp-json\/wp\/v2\/product_tag?post=17591"}],"curies":[{"name":"wp","href":"https:\/\/api.w.org\/{rel}","templated":true}]}}