{"id":17564,"date":"2023-08-01T10:00:00","date_gmt":"2023-08-01T08:00:00","guid":{"rendered":"https:\/\/www.riserva.it\/?post_type=product&#038;p=17564"},"modified":"2025-07-31T11:31:25","modified_gmt":"2025-07-31T09:31:25","slug":"jagdweste-3","status":"publish","type":"product","link":"https:\/\/riserva.it\/de\/prodotto\/jagdweste-3\/","title":{"rendered":"Jagdweste"},"content":{"rendered":"<p>Praktische Jagdweste aus Cordura f\u00fcr das Hundetraining mit Magenta Details<\/p>\n<p>Hauptmerkmale:<\/p>\n<ul>\n<li>3 gro\u00dfen Taschen und mit gelbfarbenen Eins\u00e4tzen<\/li>\n<li>Verstellbare Schultergurte und G\u00fcrtel<\/li>\n<li>Die Taschen und die Eins\u00e4tze sind mit einem Knopf verschlie\u00dfbar<\/li>\n<li>Bequem<\/li>\n<li>Leicht<\/li>\n<li>Wasserdicht<\/li>\n<li>Sehr strapazierf\u00e4hig<\/li>\n<\/ul>\n","protected":false},"excerpt":{"rendered":"<p>Praktische Jagdweste aus Cordura f\u00fcr das Hundetraining mit Magenta Details Hauptmerkmale: 3 gro\u00dfen Taschen und mit gelbfarbenen Eins\u00e4tzen Verstellbare Schultergurte und G\u00fcrtel Die Taschen und die<span class=\"excerpt-hellip\"> [\u2026]<\/span><\/p>\n","protected":false},"featured_media":3517,"comment_status":"closed","ping_status":"closed","template":"","meta":[],"product_brand":[],"product_cat":[1001,1007],"product_tag":[],"class_list":{"0":"post-17564","1":"product","2":"type-product","3":"status-publish","4":"has-post-thumbnail","6":"product_cat-jagdwesten","7":"product_cat-kamelien-kollektion","9":"first","10":"instock","11":"taxable","12":"shipping-taxable","13":"purchasable","14":"product-type-simple"},"_links":{"self":[{"href":"https:\/\/riserva.it\/de\/wp-json\/wp\/v2\/product\/17564","targetHints":{"allow":["GET"]}}],"collection":[{"href":"https:\/\/riserva.it\/de\/wp-json\/wp\/v2\/product"}],"about":[{"href":"https:\/\/riserva.it\/de\/wp-json\/wp\/v2\/types\/product"}],"replies":[{"embeddable":true,"href":"https:\/\/riserva.it\/de\/wp-json\/wp\/v2\/comments?post=17564"}],"version-history":[{"count":0,"href":"https:\/\/riserva.it\/de\/wp-json\/wp\/v2\/product\/17564\/revisions"}],"wp:featuredmedia":[{"embeddable":true,"href":"https:\/\/riserva.it\/de\/wp-json\/wp\/v2\/media\/3517"}],"wp:attachment":[{"href":"https:\/\/riserva.it\/de\/wp-json\/wp\/v2\/media?parent=17564"}],"wp:term":[{"taxonomy":"product_brand","embeddable":true,"href":"https:\/\/riserva.it\/de\/wp-json\/wp\/v2\/product_brand?post=17564"},{"taxonomy":"product_cat","embeddable":true,"href":"https:\/\/riserva.it\/de\/wp-json\/wp\/v2\/product_cat?post=17564"},{"taxonomy":"product_tag","embeddable":true,"href":"https:\/\/riserva.it\/de\/wp-json\/wp\/v2\/product_tag?post=17564"}],"curies":[{"name":"wp","href":"https:\/\/api.w.org\/{rel}","templated":true}]}}