{"id":15015,"date":"2023-08-01T10:00:00","date_gmt":"2023-08-01T08:00:00","guid":{"rendered":"https:\/\/www.riserva.it\/prodotto\/rot-punkt-fall-fuer-h2-holosun\/"},"modified":"2025-07-31T16:42:57","modified_gmt":"2025-07-31T14:42:57","slug":"rot-punkt-fall-fuer-h2-holosun","status":"publish","type":"product","link":"https:\/\/riserva.it\/de\/prodotto\/rot-punkt-fall-fuer-h2-holosun\/","title":{"rendered":"Rot Punkt Fall"},"content":{"rendered":"<pre id=\"tw-target-text\" class=\"tw-data-text tw-text-large tw-ta\" dir=\"ltr\" data-placeholder=\"Traduzione\" data-ved=\"2ahUKEwit0I7C3eGMAxWh3gIHHWHKEnEQ3ewLegQIFBAV\" aria-label=\"Testo tradotto: Neopren-Red-Dot-Abdeckung in Orange und Schwarz f\u00fcr Aimpoint-ModellnnErh\u00e4ltlich in verschiedenen Gr\u00f6\u00dfen basierend auf den meistverkauften roten Punkten,nDas An- und Ausziehen ist auch mit Handschuhen einfach und schnell,nSch\u00fctzt den roten Punkt vor Staub, Regen und Kratzern.nnSollte es herunterfallen, ist es dank seiner orangen Farbe leicht zu erkennen.\"><span class=\"Y2IQFc\" lang=\"de\">Rot Punkt Fall in Orange und Schwarz.\r\nErh\u00e4ltlich in verschiedenen Gr\u00f6\u00dfen basierend auf den meistverkauften roten Punkten.\r\nDas An-und Ausziehen ist auch mit Handschuhen einfach und schnell,\r\nes sch\u00fctzt den roten Punkt vor Staub, Regen und Kratzern.nnSollte es herunterfallen, ist es dank seiner orangen Farbe leicht zu erkennen.<\/span><\/pre>\n","protected":false},"excerpt":{"rendered":"<p>Rot Punkt Fall in Orange und Schwarz. Erh\u00e4ltlich in verschiedenen Gr\u00f6\u00dfen basierend auf den meistverkauften roten Punkten. Das An-und Ausziehen ist auch mit Handschuhen einfach und<span class=\"excerpt-hellip\"> [\u2026]<\/span><\/p>\n","protected":false},"featured_media":3140,"comment_status":"closed","ping_status":"closed","template":"","meta":[],"product_brand":[],"product_cat":[1040],"product_tag":[],"class_list":{"0":"post-15015","1":"product","2":"type-product","3":"status-publish","4":"has-post-thumbnail","6":"product_cat-taschen-zielfernrohrabdeckungen-rotpunktabdeckungen","8":"first","9":"instock","10":"taxable","11":"shipping-taxable","12":"purchasable","13":"product-type-variable","14":"has-default-attributes"},"_links":{"self":[{"href":"https:\/\/riserva.it\/de\/wp-json\/wp\/v2\/product\/15015","targetHints":{"allow":["GET"]}}],"collection":[{"href":"https:\/\/riserva.it\/de\/wp-json\/wp\/v2\/product"}],"about":[{"href":"https:\/\/riserva.it\/de\/wp-json\/wp\/v2\/types\/product"}],"replies":[{"embeddable":true,"href":"https:\/\/riserva.it\/de\/wp-json\/wp\/v2\/comments?post=15015"}],"version-history":[{"count":0,"href":"https:\/\/riserva.it\/de\/wp-json\/wp\/v2\/product\/15015\/revisions"}],"wp:featuredmedia":[{"embeddable":true,"href":"https:\/\/riserva.it\/de\/wp-json\/wp\/v2\/media\/3140"}],"wp:attachment":[{"href":"https:\/\/riserva.it\/de\/wp-json\/wp\/v2\/media?parent=15015"}],"wp:term":[{"taxonomy":"product_brand","embeddable":true,"href":"https:\/\/riserva.it\/de\/wp-json\/wp\/v2\/product_brand?post=15015"},{"taxonomy":"product_cat","embeddable":true,"href":"https:\/\/riserva.it\/de\/wp-json\/wp\/v2\/product_cat?post=15015"},{"taxonomy":"product_tag","embeddable":true,"href":"https:\/\/riserva.it\/de\/wp-json\/wp\/v2\/product_tag?post=15015"}],"curies":[{"name":"wp","href":"https:\/\/api.w.org\/{rel}","templated":true}]}}