{"id":15002,"date":"2023-09-04T10:00:00","date_gmt":"2023-09-04T08:00:00","guid":{"rendered":"https:\/\/www.riserva.it\/prodotto\/jagdscheintasche-signalorange-2\/"},"modified":"2025-07-31T11:31:17","modified_gmt":"2025-07-31T09:31:17","slug":"jagdscheintasche-signalorange-2","status":"publish","type":"product","link":"https:\/\/riserva.it\/de\/prodotto\/jagdscheintasche-signalorange-2\/","title":{"rendered":"Jagdscheintasche signalorange"},"content":{"rendered":"<pre class=\"tw-data-text tw-text-large tw-ta\" dir=\"ltr\" data-placeholder=\"Traduzione\" data-ved=\"2ahUKEwja3YTgu8aCAxUm1wIHHUY4A04Q3ewLegQIDRAQ\"><span class=\"Y2IQFc\" lang=\"de\">Flache und kompakte Jagdscheintasche signalorange, mit Lederdetails, mit austauschbaren Dokumentenhaltereins\u00e4tzen aus Kunststoff und Stifthalter.\nErh\u00e4ltlich in zwei Gr\u00f6\u00dfen:\nGr\u00f6\u00dfe S: 9x12,5 h cm (Innenma\u00df)\nGr\u00f6\u00dfe M: 10x15 h cm (Innenma\u00df)<\/span><\/pre>\n","protected":false},"excerpt":{"rendered":"<p>Flache und kompakte Jagdscheintasche signalorange, mit Lederdetails, mit austauschbaren Dokumentenhaltereins\u00e4tzen aus Kunststoff und Stifthalter. Erh\u00e4ltlich in zwei Gr\u00f6\u00dfen: Gr\u00f6\u00dfe S: 9&#215;12,5 h cm (Innenma\u00df) Gr\u00f6\u00dfe M:<span class=\"excerpt-hellip\"> [\u2026]<\/span><\/p>\n","protected":false},"featured_media":3994,"comment_status":"closed","ping_status":"closed","template":"","meta":[],"product_brand":[],"product_cat":[977,1019],"product_tag":[],"class_list":{"0":"post-15002","1":"product","2":"type-product","3":"status-publish","4":"has-post-thumbnail","6":"product_cat-jagdscheinetui","7":"product_cat-orange-mit-zweigen-kollektion","9":"first","10":"instock","11":"taxable","12":"shipping-taxable","13":"purchasable","14":"product-type-variable"},"_links":{"self":[{"href":"https:\/\/riserva.it\/de\/wp-json\/wp\/v2\/product\/15002","targetHints":{"allow":["GET"]}}],"collection":[{"href":"https:\/\/riserva.it\/de\/wp-json\/wp\/v2\/product"}],"about":[{"href":"https:\/\/riserva.it\/de\/wp-json\/wp\/v2\/types\/product"}],"replies":[{"embeddable":true,"href":"https:\/\/riserva.it\/de\/wp-json\/wp\/v2\/comments?post=15002"}],"version-history":[{"count":0,"href":"https:\/\/riserva.it\/de\/wp-json\/wp\/v2\/product\/15002\/revisions"}],"wp:featuredmedia":[{"embeddable":true,"href":"https:\/\/riserva.it\/de\/wp-json\/wp\/v2\/media\/3994"}],"wp:attachment":[{"href":"https:\/\/riserva.it\/de\/wp-json\/wp\/v2\/media?parent=15002"}],"wp:term":[{"taxonomy":"product_brand","embeddable":true,"href":"https:\/\/riserva.it\/de\/wp-json\/wp\/v2\/product_brand?post=15002"},{"taxonomy":"product_cat","embeddable":true,"href":"https:\/\/riserva.it\/de\/wp-json\/wp\/v2\/product_cat?post=15002"},{"taxonomy":"product_tag","embeddable":true,"href":"https:\/\/riserva.it\/de\/wp-json\/wp\/v2\/product_tag?post=15002"}],"curies":[{"name":"wp","href":"https:\/\/api.w.org\/{rel}","templated":true}]}}