{"id":14980,"date":"2023-08-01T10:00:00","date_gmt":"2023-08-01T08:00:00","guid":{"rendered":"https:\/\/www.riserva.it\/prodotto\/ricambio-traction-system-per-ghette\/"},"modified":"2025-07-31T11:31:07","modified_gmt":"2025-07-31T09:31:07","slug":"ricambio-traction-system-per-ghette","status":"publish","type":"product","link":"https:\/\/riserva.it\/de\/prodotto\/ricambio-traction-system-per-ghette\/","title":{"rendered":"Ersatz Traction System\u00ae f\u00fcr Gamaschen Riserva\nR1485"},"content":{"rendered":"<p>Das patentierte \u201eTraction System\u00ae\u201c bietet Vorteile:-Mehr Sicherheit beim Gehen-Durch das System bleibt das Stahlseil unter der Schuhsohle konstant auf Spannung und wird somit das Risiko des Verhakens oder H\u00e4ngenbleibens deutlich verringert-Einfaches Anziehen und ein einfaches Einsteigen der Gamaschen mit allen Schuhtypen.-Durch das System ist das umst\u00e4ndliche Schlie\u00dfen der herk\u00f6mmlichen Schnallenverschl\u00fcsse hinf\u00e4llig und sind die Gamaschen sehr schnell und mit nur wenigen Handgriffen angezogen.  -Einfacher Austausch! Bei Verschlei\u00df oder Rei\u00dfen des Stahlseils kann dieses sehr schnell und einfach ausgetauscht werden.2 St\u00fccke<\/p>\n","protected":false},"excerpt":{"rendered":"<p>Das patentierte \u201eTraction System\u00ae\u201c bietet Vorteile:-Mehr Sicherheit beim Gehen-Durch das System bleibt das Stahlseil unter der Schuhsohle konstant auf Spannung und wird somit das Risiko des<span class=\"excerpt-hellip\"> [\u2026]<\/span><\/p>\n","protected":false},"featured_media":3840,"comment_status":"closed","ping_status":"closed","template":"","meta":[],"product_brand":[],"product_cat":[1032],"product_tag":[],"class_list":{"0":"post-14980","1":"product","2":"type-product","3":"status-publish","4":"has-post-thumbnail","6":"product_cat-jagdgamaschen-und-beinlinge","8":"first","9":"instock","10":"taxable","11":"shipping-taxable","12":"purchasable","13":"product-type-simple"},"_links":{"self":[{"href":"https:\/\/riserva.it\/de\/wp-json\/wp\/v2\/product\/14980","targetHints":{"allow":["GET"]}}],"collection":[{"href":"https:\/\/riserva.it\/de\/wp-json\/wp\/v2\/product"}],"about":[{"href":"https:\/\/riserva.it\/de\/wp-json\/wp\/v2\/types\/product"}],"replies":[{"embeddable":true,"href":"https:\/\/riserva.it\/de\/wp-json\/wp\/v2\/comments?post=14980"}],"version-history":[{"count":0,"href":"https:\/\/riserva.it\/de\/wp-json\/wp\/v2\/product\/14980\/revisions"}],"wp:featuredmedia":[{"embeddable":true,"href":"https:\/\/riserva.it\/de\/wp-json\/wp\/v2\/media\/3840"}],"wp:attachment":[{"href":"https:\/\/riserva.it\/de\/wp-json\/wp\/v2\/media?parent=14980"}],"wp:term":[{"taxonomy":"product_brand","embeddable":true,"href":"https:\/\/riserva.it\/de\/wp-json\/wp\/v2\/product_brand?post=14980"},{"taxonomy":"product_cat","embeddable":true,"href":"https:\/\/riserva.it\/de\/wp-json\/wp\/v2\/product_cat?post=14980"},{"taxonomy":"product_tag","embeddable":true,"href":"https:\/\/riserva.it\/de\/wp-json\/wp\/v2\/product_tag?post=14980"}],"curies":[{"name":"wp","href":"https:\/\/api.w.org\/{rel}","templated":true}]}}