{"id":14956,"date":"2023-08-01T10:00:00","date_gmt":"2023-08-01T08:00:00","guid":{"rendered":"https:\/\/www.riserva.it\/prodotto\/schafterhoehung-2\/"},"modified":"2026-03-19T16:17:36","modified_gmt":"2026-03-19T15:17:36","slug":"schafterhoehung-2","status":"publish","type":"product","link":"https:\/\/riserva.it\/de\/prodotto\/schafterhoehung-2\/","title":{"rendered":"Schafterh\u00f6hung"},"content":{"rendered":"<p>Praktische hochwertige Schafterh\u00f6hung<strong>\u00a0<\/strong>aus Leder mit Carbon Effekt ist ideal f\u00fcr alle, die einen H\u00f6henausgleich des Hinterschafts zum Zielfernrohr ben\u00f6tigen.<\/p>\n<p>Zwei lautlose kn\u00f6pfe mit Gummizug fixieren den Lederschuh fest und zuverl\u00e4ssig am Hinterschaft und machen ihn damit kompatibel auf alle g\u00e4ngigen Hintersch\u00e4fte \/ Kolben.<\/p>\n<p>Verf\u00fcgbar in den folgenden Gr\u00f6\u00dfen:<\/p>\n<p>XS (h\u00f6he: 1 cm);<br \/>\nS (h\u00f6he: 1,5 cm);<br \/>\nM (h\u00f6he: 2,5 cm);<br \/>\nL (h\u00f6he: 3.5 cm)<\/p>\n","protected":false},"excerpt":{"rendered":"<p>Praktische hochwertige Schafterh\u00f6hung\u00a0aus Leder mit Carbon Effekt ist ideal f\u00fcr alle, die einen H\u00f6henausgleich des Hinterschafts zum Zielfernrohr ben\u00f6tigen. Zwei lautlose kn\u00f6pfe mit Gummizug fixieren den<span class=\"excerpt-hellip\"> [\u2026]<\/span><\/p>\n","protected":false},"featured_media":3694,"comment_status":"closed","ping_status":"closed","template":"","meta":[],"product_brand":[],"product_cat":[1031],"product_tag":[],"class_list":{"0":"post-14956","1":"product","2":"type-product","3":"status-publish","4":"has-post-thumbnail","6":"product_cat-schafterhoehungen-schaftkappenueberzuege-und-muendungsschoner","8":"first","9":"instock","10":"taxable","11":"shipping-taxable","12":"purchasable","13":"product-type-variable"},"_links":{"self":[{"href":"https:\/\/riserva.it\/de\/wp-json\/wp\/v2\/product\/14956","targetHints":{"allow":["GET"]}}],"collection":[{"href":"https:\/\/riserva.it\/de\/wp-json\/wp\/v2\/product"}],"about":[{"href":"https:\/\/riserva.it\/de\/wp-json\/wp\/v2\/types\/product"}],"replies":[{"embeddable":true,"href":"https:\/\/riserva.it\/de\/wp-json\/wp\/v2\/comments?post=14956"}],"version-history":[{"count":1,"href":"https:\/\/riserva.it\/de\/wp-json\/wp\/v2\/product\/14956\/revisions"}],"predecessor-version":[{"id":20367,"href":"https:\/\/riserva.it\/de\/wp-json\/wp\/v2\/product\/14956\/revisions\/20367"}],"wp:featuredmedia":[{"embeddable":true,"href":"https:\/\/riserva.it\/de\/wp-json\/wp\/v2\/media\/3694"}],"wp:attachment":[{"href":"https:\/\/riserva.it\/de\/wp-json\/wp\/v2\/media?parent=14956"}],"wp:term":[{"taxonomy":"product_brand","embeddable":true,"href":"https:\/\/riserva.it\/de\/wp-json\/wp\/v2\/product_brand?post=14956"},{"taxonomy":"product_cat","embeddable":true,"href":"https:\/\/riserva.it\/de\/wp-json\/wp\/v2\/product_cat?post=14956"},{"taxonomy":"product_tag","embeddable":true,"href":"https:\/\/riserva.it\/de\/wp-json\/wp\/v2\/product_tag?post=14956"}],"curies":[{"name":"wp","href":"https:\/\/api.w.org\/{rel}","templated":true}]}}