{"id":14954,"date":"2023-08-01T10:00:00","date_gmt":"2023-08-01T08:00:00","guid":{"rendered":"https:\/\/www.riserva.it\/prodotto\/jagdrucksack-45-90-liter-2\/"},"modified":"2025-08-01T14:56:26","modified_gmt":"2025-08-01T12:56:26","slug":"jagdrucksack-45-90-liter-2","status":"publish","type":"product","link":"https:\/\/riserva.it\/de\/prodotto\/jagdrucksack-45-90-liter-2\/","title":{"rendered":"Jagdrucksack 45\/90 L"},"content":{"rendered":"<p>Jagdrucksack aus Cordura. Kompaktes 45 Liter Volumen, das bei Bedarf auf 90 Liter erweitert werden kann. Er bietet eine Fronttasche mit Rei\u00dfverschluss und zwei seitliche Rei\u00dfverschl\u00fcsse, um das Volumen zu verdoppeln.<\/p>\n<p>Hauptmerkmale:<\/p>\n<ul>\n<li>Waffentragesystem<\/li>\n<li>Neue R\u00fcckenkonstruktion, die f\u00fcr besten Tragekomfort und Ventilation im R\u00fcckenbereich sorgt<\/li>\n<li>R\u00fcckennetz bzw. -Lehne, gepolsterte und atmungsaktive Schulter- und Lendenriemen<\/li>\n<li>Die Innenseite ist komplett gef\u00fcttert<\/li>\n<li>2 Seitentaschen mit Rei\u00dfverschluss und gepolstertem Boden<\/li>\n<li>Gepolsterter H\u00fcftg\u00fcrtel und Schulterriemen<\/li>\n<li>Verstellbares R\u00fcckenteil<\/li>\n<li>Gepolsterter H\u00fcftg\u00fcrtel mit Luftl\u00f6chern, um eine bessere Luftzirkulation zu sorgen<\/li>\n<li>H\u00fcftg\u00fcrtel und Brustg\u00fcrtel mit Schnellregulierung<\/li>\n<li>Seitentasche f\u00fcr Spektiv cm.H\u00f6he 8 x16x 40 h<\/li>\n<li>Ausrollbare Gewehrtasche hinter der Fronttasche.<\/li>\n<li>Integrierte Regenh\u00fclle<\/li>\n<li>mit\u00a0RECCO\u00ae-Technologie<\/li>\n<\/ul>\n<p>Bei einem Verlust im Freien oder bei einem Lawinenunfall sind Sie r\u00fcckverfolgbar mit der von Rettungsdienst.<\/p>\n<p>Made in Vietnam<\/p>\n","protected":false},"excerpt":{"rendered":"<p>Jagdrucksack aus Cordura. Kompaktes 45 Liter Volumen, das bei Bedarf auf 90 Liter erweitert werden kann. Er bietet eine Fronttasche mit Rei\u00dfverschluss und zwei seitliche Rei\u00dfverschl\u00fcsse,<span class=\"excerpt-hellip\"> [\u2026]<\/span><\/p>\n","protected":false},"featured_media":3676,"comment_status":"closed","ping_status":"closed","template":"","meta":[],"product_brand":[],"product_cat":[986],"product_tag":[],"class_list":{"0":"post-14954","1":"product","2":"type-product","3":"status-publish","4":"has-post-thumbnail","6":"product_cat-rucksaecke-und-taschen","8":"first","9":"instock","10":"taxable","11":"shipping-taxable","12":"purchasable","13":"product-type-simple"},"_links":{"self":[{"href":"https:\/\/riserva.it\/de\/wp-json\/wp\/v2\/product\/14954","targetHints":{"allow":["GET"]}}],"collection":[{"href":"https:\/\/riserva.it\/de\/wp-json\/wp\/v2\/product"}],"about":[{"href":"https:\/\/riserva.it\/de\/wp-json\/wp\/v2\/types\/product"}],"replies":[{"embeddable":true,"href":"https:\/\/riserva.it\/de\/wp-json\/wp\/v2\/comments?post=14954"}],"version-history":[{"count":0,"href":"https:\/\/riserva.it\/de\/wp-json\/wp\/v2\/product\/14954\/revisions"}],"wp:featuredmedia":[{"embeddable":true,"href":"https:\/\/riserva.it\/de\/wp-json\/wp\/v2\/media\/3676"}],"wp:attachment":[{"href":"https:\/\/riserva.it\/de\/wp-json\/wp\/v2\/media?parent=14954"}],"wp:term":[{"taxonomy":"product_brand","embeddable":true,"href":"https:\/\/riserva.it\/de\/wp-json\/wp\/v2\/product_brand?post=14954"},{"taxonomy":"product_cat","embeddable":true,"href":"https:\/\/riserva.it\/de\/wp-json\/wp\/v2\/product_cat?post=14954"},{"taxonomy":"product_tag","embeddable":true,"href":"https:\/\/riserva.it\/de\/wp-json\/wp\/v2\/product_tag?post=14954"}],"curies":[{"name":"wp","href":"https:\/\/api.w.org\/{rel}","templated":true}]}}