{"id":14945,"date":"2023-08-01T10:00:00","date_gmt":"2023-08-01T08:00:00","guid":{"rendered":"https:\/\/www.riserva.it\/prodotto\/jagdweste-fuer-jaegerin\/"},"modified":"2025-08-27T17:08:17","modified_gmt":"2025-08-27T15:08:17","slug":"jagdweste-fuer-jaegerin","status":"publish","type":"product","link":"https:\/\/riserva.it\/de\/prodotto\/jagdweste-fuer-jaegerin\/","title":{"rendered":"Jagdweste f\u00fcr J\u00e4gerin"},"content":{"rendered":"<p>Sportliche und praktische Weste aus Cordura f\u00fcr Schnepfejagd mit Magenta Details.<\/p>\n<p>Hauptmerkmale:<\/p>\n<ul>\n<li>Praktisch<\/li>\n<li>Leicht und atmungsaktiv<\/li>\n<li>Versteckte Spieltasche mit Rei\u00dfverschluss<\/li>\n<li>Wasserdichte Tasche f\u00fcr Dokumente in der R\u00fcckentasche<\/li>\n<li>R\u00fcckenseite und Riemen aus luftdurchl\u00e4ssiger Netzfutter<\/li>\n<li>Verstellbare G\u00fcrtel und Schnallen<\/li>\n<li>Auf dem G\u00fcrtel gibt es eine Vorbereitung f\u00fcr Riserva Zubeh\u00f6r<\/li>\n<li>Radio-Halter<\/li>\n<li>1 Haken f\u00fcr GPS-Halterung<\/li>\n<\/ul>\n","protected":false},"excerpt":{"rendered":"<p>Sportliche und praktische Weste aus Cordura f\u00fcr Schnepfejagd mit Magenta Details. Hauptmerkmale: Praktisch Leicht und atmungsaktiv Versteckte Spieltasche mit Rei\u00dfverschluss Wasserdichte Tasche f\u00fcr Dokumente in der<span class=\"excerpt-hellip\"> [\u2026]<\/span><\/p>\n","protected":false},"featured_media":3602,"comment_status":"closed","ping_status":"closed","template":"","meta":[],"product_brand":[],"product_cat":[1001,1007],"product_tag":[],"class_list":{"0":"post-14945","1":"product","2":"type-product","3":"status-publish","4":"has-post-thumbnail","6":"product_cat-jagdwesten","7":"product_cat-kamelien-kollektion","9":"first","10":"instock","11":"taxable","12":"shipping-taxable","13":"purchasable","14":"product-type-simple"},"_links":{"self":[{"href":"https:\/\/riserva.it\/de\/wp-json\/wp\/v2\/product\/14945","targetHints":{"allow":["GET"]}}],"collection":[{"href":"https:\/\/riserva.it\/de\/wp-json\/wp\/v2\/product"}],"about":[{"href":"https:\/\/riserva.it\/de\/wp-json\/wp\/v2\/types\/product"}],"replies":[{"embeddable":true,"href":"https:\/\/riserva.it\/de\/wp-json\/wp\/v2\/comments?post=14945"}],"version-history":[{"count":0,"href":"https:\/\/riserva.it\/de\/wp-json\/wp\/v2\/product\/14945\/revisions"}],"wp:featuredmedia":[{"embeddable":true,"href":"https:\/\/riserva.it\/de\/wp-json\/wp\/v2\/media\/3602"}],"wp:attachment":[{"href":"https:\/\/riserva.it\/de\/wp-json\/wp\/v2\/media?parent=14945"}],"wp:term":[{"taxonomy":"product_brand","embeddable":true,"href":"https:\/\/riserva.it\/de\/wp-json\/wp\/v2\/product_brand?post=14945"},{"taxonomy":"product_cat","embeddable":true,"href":"https:\/\/riserva.it\/de\/wp-json\/wp\/v2\/product_cat?post=14945"},{"taxonomy":"product_tag","embeddable":true,"href":"https:\/\/riserva.it\/de\/wp-json\/wp\/v2\/product_tag?post=14945"}],"curies":[{"name":"wp","href":"https:\/\/api.w.org\/{rel}","templated":true}]}}