{"id":14931,"date":"2023-08-01T10:00:00","date_gmt":"2023-08-01T08:00:00","guid":{"rendered":"https:\/\/www.riserva.it\/prodotto\/jagdscheintasche-3\/"},"modified":"2025-07-31T11:30:50","modified_gmt":"2025-07-31T09:30:50","slug":"jagdscheintasche-3","status":"publish","type":"product","link":"https:\/\/riserva.it\/de\/prodotto\/jagdscheintasche-3\/","title":{"rendered":"Jagdscheintasche"},"content":{"rendered":"<p>Elegantes, flaches und kompaktes F\u00fchrerscheinetui aus pflanzlich gegerbtem Leder mit austauschbaren Dokumentenhaltern aus Kunststoff und Stiftschlaufe.<\/p>\n<p>Gr\u00f6\u00dfe S: 9 x 12,5 cm (Innenma\u00df)<br \/>\nGr\u00f6\u00dfe M: 10 x 15 cm (Innenma\u00df)<\/p>\n","protected":false},"excerpt":{"rendered":"<p>Elegantes, flaches und kompaktes F\u00fchrerscheinetui aus pflanzlich gegerbtem Leder mit austauschbaren Dokumentenhaltern aus Kunststoff und Stiftschlaufe. Gr\u00f6\u00dfe S: 9 x 12,5 cm (Innenma\u00df) Gr\u00f6\u00dfe M: 10<span class=\"excerpt-hellip\"> [\u2026]<\/span><\/p>\n","protected":false},"featured_media":0,"comment_status":"closed","ping_status":"closed","template":"","meta":[],"product_brand":[],"product_cat":[977],"product_tag":[],"class_list":{"0":"post-14931","1":"product","2":"type-product","3":"status-publish","5":"product_cat-jagdscheinetui","7":"first","8":"instock","9":"taxable","10":"shipping-taxable","11":"purchasable","12":"product-type-variable","13":"has-default-attributes"},"_links":{"self":[{"href":"https:\/\/riserva.it\/de\/wp-json\/wp\/v2\/product\/14931","targetHints":{"allow":["GET"]}}],"collection":[{"href":"https:\/\/riserva.it\/de\/wp-json\/wp\/v2\/product"}],"about":[{"href":"https:\/\/riserva.it\/de\/wp-json\/wp\/v2\/types\/product"}],"replies":[{"embeddable":true,"href":"https:\/\/riserva.it\/de\/wp-json\/wp\/v2\/comments?post=14931"}],"version-history":[{"count":0,"href":"https:\/\/riserva.it\/de\/wp-json\/wp\/v2\/product\/14931\/revisions"}],"wp:attachment":[{"href":"https:\/\/riserva.it\/de\/wp-json\/wp\/v2\/media?parent=14931"}],"wp:term":[{"taxonomy":"product_brand","embeddable":true,"href":"https:\/\/riserva.it\/de\/wp-json\/wp\/v2\/product_brand?post=14931"},{"taxonomy":"product_cat","embeddable":true,"href":"https:\/\/riserva.it\/de\/wp-json\/wp\/v2\/product_cat?post=14931"},{"taxonomy":"product_tag","embeddable":true,"href":"https:\/\/riserva.it\/de\/wp-json\/wp\/v2\/product_tag?post=14931"}],"curies":[{"name":"wp","href":"https:\/\/api.w.org\/{rel}","templated":true}]}}