{"id":14928,"date":"2023-09-04T10:00:00","date_gmt":"2023-09-04T08:00:00","guid":{"rendered":"https:\/\/www.riserva.it\/prodotto\/cut-proof-lightweight-gaiter\/"},"modified":"2025-08-01T15:13:15","modified_gmt":"2025-08-01T13:13:15","slug":"cut-proof-lightweight-gaiter","status":"publish","type":"product","link":"https:\/\/riserva.it\/de\/prodotto\/cut-proof-lightweight-gaiter\/","title":{"rendered":"Jagdgamaschen aus Extremetex"},"content":{"rendered":"<p id=\"tw-target-text\" class=\"tw-data-text tw-text-large tw-ta\" dir=\"ltr\" data-placeholder=\"Traduzione\" data-ved=\"2ahUKEwisn-a70eGMAxWH1gIHHZLzIHEQ3ewLegQIDBAV\" aria-label=\"Testo tradotto: Ultra-resistente und leichte Gamaschen aus Extremetex\u00ae, einer neuen hochfesten Faser aus UHMW-PE und Cordura Die bekanntesten Fasern mit dieser Verbindung sind: Dyneema\u00ae, Spectra\u00ae und Titanial\u00ae Aufgrund der hohen Festigkeit und des geringen Gewichts wird die Faser h\u00e4ufig f\u00fcr hochwertige Materialien im Au\u00dfenbereich verwendet. Dar\u00fcber hinaus wird es in Seilen, im Arbeitsschutz, beim Segeln, Klettern, in der Medizin und im Motorsport eingesetzt. Sie gilt derzeit als die st\u00e4rkste und leichteste Faser der Welt und soll bei gleichem Gewicht 15-mal fester sein als Stahl. Verst\u00e4rkungen aus Putek, einem extrem widerstandsf\u00e4higen, abriebfesten und sch\u00fctzenden Material, das in Arbeitsschuhen verwendet wird. Au\u00dferdem ist es mit einem atmungsaktiven Innenfutter und einem TRACTION SYSTEM ausgestattet, das mehrere Vorteile bietet:\"><span class=\"Y2IQFc\" lang=\"de\">Starke und leichte Gamaschen aus Extremetex, einer neuen hochfesten Faser aus UHMW-PE und Cordura. Die bekanntesten Fasern mit dieser Verbindung sind: Dyneema\u00ae und Spectra\u00ae Aufgrund der hohen Festigkeit und des geringen Gewichts wird die Faser h\u00e4ufig f\u00fcr hochwertige Materialien im Au\u00dfenbereich verwendet. Dar\u00fcber hinaus wird es in Seilen, im Arbeitsschutz, beim Segeln, Klettern, in der Medizin und im Motorsport eingesetzt. Sie gilt derzeit als die st\u00e4rkste und leichteste Faser der Welt und soll bei gleichem Gewicht 15-mal fester sein als Stahl. Verst\u00e4rkungen aus Putek, einem extrem widerstandsf\u00e4higen, abriebfesten und sch\u00fctzenden Material, das in Arbeitsschuhen verwendet wird. Au\u00dferdem ist es mit einem atmungsaktiven Innenfutter und einem TRACTION SYSTEM ausgestattet, das mehrere Vorteile bietet:<\/span><\/p>\n<p>Ausgestattet mit Traction System das viele Vorteile hat:<\/p>\n<ul>\n<li>Mehr Sicherheit beim Gehen<\/li>\n<li>Durch das System bleibt das Stahlseil unter der Schuhsohle konstant auf Spannung und wird somit das Risiko des Verhakens oder H\u00e4ngenbleibens deutlich verringert<\/li>\n<li>Einfaches Anziehen und ein\u00a0einfaches Einsteigen der Gamaschen mit allen Schuhtypen.<\/li>\n<li>Durch das System ist das umst\u00e4ndliche Schlie\u00dfen der herk\u00f6mmlichen Schnallenverschl\u00fcsse hinf\u00e4llig und sind die Gamaschen sehr schnell und mit nur wenigen Handgriffen angezogen.<\/li>\n<li>Einfacher Austausch! Bei Verschlei\u00df oder Rei\u00dfen des Stahlseils kann dieses sehr schnell und einfach ausgetauscht werden<\/li>\n<\/ul>\n<p>Embroidery: Riserva Logo<\/p>\n","protected":false},"excerpt":{"rendered":"<p>Starke und leichte Gamaschen aus Extremetex, einer neuen hochfesten Faser aus UHMW-PE und Cordura. Die bekanntesten Fasern mit dieser Verbindung sind: Dyneema\u00ae und Spectra\u00ae Aufgrund der<span class=\"excerpt-hellip\"> [\u2026]<\/span><\/p>\n","protected":false},"featured_media":3487,"comment_status":"closed","ping_status":"closed","template":"","meta":[],"product_brand":[],"product_cat":[1032],"product_tag":[],"class_list":{"0":"post-14928","1":"product","2":"type-product","3":"status-publish","4":"has-post-thumbnail","6":"product_cat-jagdgamaschen-und-beinlinge","7":"pa_colonna-acqua-3000-de","9":"first","10":"instock","11":"taxable","12":"shipping-taxable","13":"purchasable","14":"product-type-variable"},"_links":{"self":[{"href":"https:\/\/riserva.it\/de\/wp-json\/wp\/v2\/product\/14928","targetHints":{"allow":["GET"]}}],"collection":[{"href":"https:\/\/riserva.it\/de\/wp-json\/wp\/v2\/product"}],"about":[{"href":"https:\/\/riserva.it\/de\/wp-json\/wp\/v2\/types\/product"}],"replies":[{"embeddable":true,"href":"https:\/\/riserva.it\/de\/wp-json\/wp\/v2\/comments?post=14928"}],"version-history":[{"count":0,"href":"https:\/\/riserva.it\/de\/wp-json\/wp\/v2\/product\/14928\/revisions"}],"wp:featuredmedia":[{"embeddable":true,"href":"https:\/\/riserva.it\/de\/wp-json\/wp\/v2\/media\/3487"}],"wp:attachment":[{"href":"https:\/\/riserva.it\/de\/wp-json\/wp\/v2\/media?parent=14928"}],"wp:term":[{"taxonomy":"product_brand","embeddable":true,"href":"https:\/\/riserva.it\/de\/wp-json\/wp\/v2\/product_brand?post=14928"},{"taxonomy":"product_cat","embeddable":true,"href":"https:\/\/riserva.it\/de\/wp-json\/wp\/v2\/product_cat?post=14928"},{"taxonomy":"product_tag","embeddable":true,"href":"https:\/\/riserva.it\/de\/wp-json\/wp\/v2\/product_tag?post=14928"}],"curies":[{"name":"wp","href":"https:\/\/api.w.org\/{rel}","templated":true}]}}